{"id":81289,"date":"2021-01-11T12:30:36","date_gmt":"2021-01-11T12:30:36","guid":{"rendered":"https:\/\/futllermo.com\/tienda\/producto\/wilson-fusion-xl-raqueta-unisex-adulto\/"},"modified":"2022-01-13T09:55:24","modified_gmt":"2022-01-13T09:55:24","slug":"wilson-fusion-xl-raqueta-unisex-adulto","status":"publish","type":"product","link":"https:\/\/futllermo.com\/tienda\/producto\/wilson-fusion-xl-raqueta-unisex-adulto\/","title":{"rendered":"Wilson Fusion XL Raqueta, Unisex Adulto"},"content":{"rendered":"<p><!-- show up to 2 reviews by default --> <\/p>\n<h3>Descripci\u00f3n del producto<\/h3>\n<p>Despu\u00e9s de casi un siglo en el coraz\u00f3n de la historia del deporte, ninguna otra compa\u00f1\u00eda ha tenido tanta influencia ni se ha implicado tanto en dar forma a los partidos de tenis, golf, b\u00e9isbol y f\u00fatbol americano como Wilson. Como art\u00edfice de las mejores tecnolog\u00edas, Wilson ha fabricado cl\u00e1sicos legendarios y se ha ganado una reputaci\u00f3n a nivel internacional en todos los deportes en los que participa. Respaldada por generaciones de atletas, la marca Wilson es un verdadero icono americano en el mundo del equipamiento deportivo. Wilson es uno de los principales fabricantes mundiales de equipamiento deportivo. Las principales categor\u00edas deportivas de Wilson son: tenis, b\u00e9isbol, f\u00fatbol americano, golf, baloncesto, s\u00f3ftbol, b\u00e1dminton y squash. El negocio de Wilson est\u00e1 estructurado en tres unidades empresariales: Racquet Sports, Team Sports y Golf. Con sede en Chicago, Estados Unidos, Wilson tiene m\u00e1s de 1.600 empleados en todo el mundo. Nuestra red de ventas sirve a clientes de m\u00e1s de 100 pa\u00edses. <\/p>\n<h3>Contenido de la caja<\/h3>\n<p>1 x Fusion Xl Tns Rkt W\/O Cvr 3 <\/p>\n<p>Raqueta de tenis para principiantes (Centro de gravedad 32 cm), Apta para todas las \u00e1reas de la pista, Unisex<br \/>\nMayor estabilidad y facilidad de juego gracias al amplio marco: 722 cm\u00b2, Peso ligero para mayor control (274 g sin cordaje), Amplia rotaci\u00f3n gracias al cordaje 16&#215;19<br \/>\nMedida de la empu\u00f1adura L3, Aleaci\u00f3n AirLite para obtener m\u00e1s potencia y mayor ligereza, Apta para diestros y zurdos<br \/>\nPotencia explosiva gracias a la tecnolog\u00eda V-Matrix, Vibraciones reducidas gracias a la tecnolog\u00eda Stop Schock Sleeves<br \/>\nContenido: 1 Raqueta de tenis Wilson, Fusion XL, Largo: 70 cm, Peso sin cordaje: 274 g, Tensi\u00f3n del cordaje: 22-26 kg, Medida 3, Color: Negro\/Rojo, WRT30070U3<\/p>\n","protected":false},"excerpt":{"rendered":"<p>Raqueta de tenis para principiantes (Centro de gravedad 32 cm), Apta para todas las \u00e1reas de la pista, Unisex<br \/>\nMayor estabilidad y facilidad de juego gracias al amplio marco: 722 cm\u00b2, Peso ligero para mayor control (274 g sin cordaje), Amplia rotaci\u00f3n gracias al cordaje 16&#215;19<br \/>\nMedida de la empu\u00f1adura L3, Aleaci\u00f3n AirLite para obtener m\u00e1s potencia y mayor ligereza, Apta para diestros y zurdos<\/p>\n","protected":false},"featured_media":81290,"comment_status":"open","ping_status":"closed","template":"","meta":{"_kadence_starter_templates_imported_post":false,"_kad_post_transparent":"","_kad_post_title":"","_kad_post_layout":"","_kad_post_sidebar_id":"","_kad_post_content_style":"","_kad_post_vertical_padding":"","_kad_post_feature":"","_kad_post_feature_position":"","_kad_post_header":false,"_kad_post_footer":false},"product_brand":[],"product_cat":[423,422],"product_tag":[],"class_list":{"0":"post-81289","1":"product","2":"type-product","3":"status-publish","4":"has-post-thumbnail","6":"product_cat-raquetas-de-tenis","7":"product_cat-tenis","8":"pa_brand-visita-la-store-de-wilson","10":"first","11":"instock","12":"shipping-taxable","13":"purchasable","14":"product-type-simple","15":"entry","16":"content-bg","17":"loop-entry"},"_links":{"self":[{"href":"https:\/\/futllermo.com\/tienda\/wp-json\/wp\/v2\/product\/81289","targetHints":{"allow":["GET"]}}],"collection":[{"href":"https:\/\/futllermo.com\/tienda\/wp-json\/wp\/v2\/product"}],"about":[{"href":"https:\/\/futllermo.com\/tienda\/wp-json\/wp\/v2\/types\/product"}],"replies":[{"embeddable":true,"href":"https:\/\/futllermo.com\/tienda\/wp-json\/wp\/v2\/comments?post=81289"}],"wp:featuredmedia":[{"embeddable":true,"href":"https:\/\/futllermo.com\/tienda\/wp-json\/wp\/v2\/media\/81290"}],"wp:attachment":[{"href":"https:\/\/futllermo.com\/tienda\/wp-json\/wp\/v2\/media?parent=81289"}],"wp:term":[{"taxonomy":"product_brand","embeddable":true,"href":"https:\/\/futllermo.com\/tienda\/wp-json\/wp\/v2\/product_brand?post=81289"},{"taxonomy":"product_cat","embeddable":true,"href":"https:\/\/futllermo.com\/tienda\/wp-json\/wp\/v2\/product_cat?post=81289"},{"taxonomy":"product_tag","embeddable":true,"href":"https:\/\/futllermo.com\/tienda\/wp-json\/wp\/v2\/product_tag?post=81289"}],"curies":[{"name":"wp","href":"https:\/\/api.w.org\/{rel}","templated":true}]}}