{"id":81279,"date":"2021-01-11T12:30:29","date_gmt":"2021-01-11T12:30:29","guid":{"rendered":"https:\/\/futllermo.com\/tienda\/producto\/wilson-raqueta-de-tenis-six-one-lite-102-jugadores-intermedios-rojo-gris-tamano-de-empunadura-l2-unisex-adulto\/"},"modified":"2022-01-13T09:55:24","modified_gmt":"2022-01-13T09:55:24","slug":"wilson-raqueta-de-tenis-six-one-lite-102-jugadores-intermedios-rojo-gris-tamano-de-empunadura-l2-unisex-adulto","status":"publish","type":"product","link":"https:\/\/futllermo.com\/tienda\/producto\/wilson-raqueta-de-tenis-six-one-lite-102-jugadores-intermedios-rojo-gris-tamano-de-empunadura-l2-unisex-adulto\/","title":{"rendered":"Wilson Raqueta de Tenis, Six.One Lite 102, Jugadores intermedios, Rojo\/Gris, Tama\u00f1o de empu\u00f1adura L2, Unisex Adulto"},"content":{"rendered":"<p><!-- show up to 2 reviews by default --> <\/p>\n<h3>Descripci\u00f3n del producto<\/h3>\n<p>Raqueta de tenis para jugadores intermedios y expertos, adecuada para juego de ataque &#8211; Marco ligero para golpes potentes y un buen manejo al devolver la pelota &#8211; Tecnolog\u00eda BLX para reducir las vibraciones de la raqueta y mejorar la sensaci\u00f3n del golpe, mayor tolerancia a fallos gracias a la cabeza grande &#8211; Raqueta equilibrada: \u00f3ptima combinaci\u00f3n de potencia y control para un juego vers\u00e1til, tama\u00f1o de empu\u00f1adura L0 (circunferencia: 100 &#8211; 102 mm) &#8211; Contenido: 1x Wilson Raqueta de tenis Six.One Team 95, tama\u00f1o de empu\u00f1adura: L0, tama\u00f1o de la cabeza: 665 cm\u00b2, peso: 249 g (sin cordaje), longitud: 69,22 cm, color: rojo\/gris, WRT73660U0. <\/p>\n<h3>Contenido de la caja<\/h3>\n<p>1 x Six One Lite 102 Rkt W\/O Cvr 0 <\/p>\n<p>Raqueta de tenis para jugadores intermedios y expertos, adecuada para juego de ataque<br \/>\nMarco ligero para golpes potentes y un buen manejo al devolver la pelota<br \/>\nTecnolog\u00eda BLX para reducir las vibraciones de la raqueta y mejorar la sensaci\u00f3n del golpe, mayor tolerancia a fallos gracias a la cabeza grande<br \/>\nRaqueta equilibrada: \u00f3ptima combinaci\u00f3n de potencia y control para un juego vers\u00e1til, tama\u00f1o de empu\u00f1adura L0 (circunferencia: 100 &#8211; 102 mm)<br \/>\nContenido: 1x Wilson Raqueta de tenis Six.One Team 95, tama\u00f1o de empu\u00f1adura: L0, tama\u00f1o de la cabeza: 665 cm\u00b2, peso: 249 g (sin cordaje), longitud: 69,22 cm, color: rojo\/gris, WRT73660U0<\/p>\n","protected":false},"excerpt":{"rendered":"<p>Raqueta de tenis para jugadores intermedios y expertos, adecuada para juego de ataque<br \/>\nMarco ligero para golpes potentes y un buen manejo al devolver la pelota<br \/>\nTecnolog\u00eda BLX para reducir las vibraciones de la raqueta y mejorar la sensaci\u00f3n del golpe, mayor tolerancia a fallos gracias a la cabeza grande<\/p>\n","protected":false},"featured_media":81280,"comment_status":"open","ping_status":"closed","template":"","meta":{"_kadence_starter_templates_imported_post":false,"_kad_post_transparent":"","_kad_post_title":"","_kad_post_layout":"","_kad_post_sidebar_id":"","_kad_post_content_style":"","_kad_post_vertical_padding":"","_kad_post_feature":"","_kad_post_feature_position":"","_kad_post_header":false,"_kad_post_footer":false},"product_brand":[],"product_cat":[423,422],"product_tag":[],"class_list":{"0":"post-81279","1":"product","2":"type-product","3":"status-publish","4":"has-post-thumbnail","6":"product_cat-raquetas-de-tenis","7":"product_cat-tenis","8":"pa_brand-visita-la-store-de-wilson","10":"first","11":"instock","12":"shipping-taxable","13":"purchasable","14":"product-type-simple","15":"entry","16":"content-bg","17":"loop-entry"},"_links":{"self":[{"href":"https:\/\/futllermo.com\/tienda\/wp-json\/wp\/v2\/product\/81279","targetHints":{"allow":["GET"]}}],"collection":[{"href":"https:\/\/futllermo.com\/tienda\/wp-json\/wp\/v2\/product"}],"about":[{"href":"https:\/\/futllermo.com\/tienda\/wp-json\/wp\/v2\/types\/product"}],"replies":[{"embeddable":true,"href":"https:\/\/futllermo.com\/tienda\/wp-json\/wp\/v2\/comments?post=81279"}],"wp:featuredmedia":[{"embeddable":true,"href":"https:\/\/futllermo.com\/tienda\/wp-json\/wp\/v2\/media\/81280"}],"wp:attachment":[{"href":"https:\/\/futllermo.com\/tienda\/wp-json\/wp\/v2\/media?parent=81279"}],"wp:term":[{"taxonomy":"product_brand","embeddable":true,"href":"https:\/\/futllermo.com\/tienda\/wp-json\/wp\/v2\/product_brand?post=81279"},{"taxonomy":"product_cat","embeddable":true,"href":"https:\/\/futllermo.com\/tienda\/wp-json\/wp\/v2\/product_cat?post=81279"},{"taxonomy":"product_tag","embeddable":true,"href":"https:\/\/futllermo.com\/tienda\/wp-json\/wp\/v2\/product_tag?post=81279"}],"curies":[{"name":"wp","href":"https:\/\/api.w.org\/{rel}","templated":true}]}}