{"id":81266,"date":"2021-01-11T12:30:22","date_gmt":"2021-01-11T12:30:22","guid":{"rendered":"https:\/\/futllermo.com\/tienda\/producto\/rehomy-raqueta-de-tenis-profesional-de-aleacion-de-aluminio-con-bolsa-de-transporte-para-principiantes-naranja\/"},"modified":"2022-01-13T09:55:24","modified_gmt":"2022-01-13T09:55:24","slug":"rehomy-raqueta-de-tenis-profesional-de-aleacion-de-aluminio-con-bolsa-de-transporte-para-principiantes-naranja","status":"publish","type":"product","link":"https:\/\/futllermo.com\/tienda\/producto\/rehomy-raqueta-de-tenis-profesional-de-aleacion-de-aluminio-con-bolsa-de-transporte-para-principiantes-naranja\/","title":{"rendered":"Rehomy Raqueta de Tenis Profesional de Aleaci\u00f3n de Aluminio con Bolsa de Transporte para Principiantes (Naranja)"},"content":{"rendered":"<div class=\"disclaim\"> Color:<strong>naranja<\/strong> <\/div>\n<p> <!-- show up to 2 reviews by default --> <\/p>\n<p><b> Especificaci\u00f3n: <\/b> <br \/> Material: aleaci\u00f3n de aluminio <br \/> Opciones de color: azul; Naranja <br \/> Tama\u00f1o: Aprox. 67 * 27 cm \/26.4 * 10.6 in <br \/> Peso: aprox. 433 g <\/p>\n<p><b> Lista de paquetes: <\/b> <br \/> 1 x Raqueta 1 x Bolsa de transporte <br \/> La bola no est\u00e1 incluida. <\/p>\n<p>La estructura del marco adopta una aleaci\u00f3n de aluminio de buena calidad que es resistente y duradera.<br \/>\nMoldeado fino y tratamiento de pulido, bonito y antioxidante.<br \/>\nLas cuerdas anti-deformaci\u00f3n de alta elasticidad mejoran el rebote y el control.<br \/>\nLa empu\u00f1adura ergon\u00f3mica es antideslizante y c\u00f3moda de usar.<br \/>\nAdecuado para jugar a diario y principiantes para aprender tenis.<\/p>\n","protected":false},"excerpt":{"rendered":"<p>La estructura del marco adopta una aleaci\u00f3n de aluminio de buena calidad que es resistente y duradera.<br \/>\nMoldeado fino y tratamiento de pulido, bonito y antioxidante.<br \/>\nLas cuerdas anti-deformaci\u00f3n de alta elasticidad mejoran el rebote y el control.<\/p>\n","protected":false},"featured_media":81267,"comment_status":"open","ping_status":"closed","template":"","meta":{"_kadence_starter_templates_imported_post":false,"_kad_post_transparent":"","_kad_post_title":"","_kad_post_layout":"","_kad_post_sidebar_id":"","_kad_post_content_style":"","_kad_post_vertical_padding":"","_kad_post_feature":"","_kad_post_feature_position":"","_kad_post_header":false,"_kad_post_footer":false},"product_brand":[],"product_cat":[423,422],"product_tag":[],"class_list":{"0":"post-81266","1":"product","2":"type-product","3":"status-publish","4":"has-post-thumbnail","6":"product_cat-raquetas-de-tenis","7":"product_cat-tenis","8":"pa_brand-marca-rehomy","10":"first","11":"instock","12":"shipping-taxable","13":"purchasable","14":"product-type-simple","15":"entry","16":"content-bg","17":"loop-entry"},"_links":{"self":[{"href":"https:\/\/futllermo.com\/tienda\/wp-json\/wp\/v2\/product\/81266","targetHints":{"allow":["GET"]}}],"collection":[{"href":"https:\/\/futllermo.com\/tienda\/wp-json\/wp\/v2\/product"}],"about":[{"href":"https:\/\/futllermo.com\/tienda\/wp-json\/wp\/v2\/types\/product"}],"replies":[{"embeddable":true,"href":"https:\/\/futllermo.com\/tienda\/wp-json\/wp\/v2\/comments?post=81266"}],"wp:featuredmedia":[{"embeddable":true,"href":"https:\/\/futllermo.com\/tienda\/wp-json\/wp\/v2\/media\/81267"}],"wp:attachment":[{"href":"https:\/\/futllermo.com\/tienda\/wp-json\/wp\/v2\/media?parent=81266"}],"wp:term":[{"taxonomy":"product_brand","embeddable":true,"href":"https:\/\/futllermo.com\/tienda\/wp-json\/wp\/v2\/product_brand?post=81266"},{"taxonomy":"product_cat","embeddable":true,"href":"https:\/\/futllermo.com\/tienda\/wp-json\/wp\/v2\/product_cat?post=81266"},{"taxonomy":"product_tag","embeddable":true,"href":"https:\/\/futllermo.com\/tienda\/wp-json\/wp\/v2\/product_tag?post=81266"}],"curies":[{"name":"wp","href":"https:\/\/api.w.org\/{rel}","templated":true}]}}