{"id":81252,"date":"2021-01-11T12:30:00","date_gmt":"2021-01-11T12:30:00","guid":{"rendered":"https:\/\/futllermo.com\/tienda\/producto\/wilson-raqueta-de-tenis-roland-garros-triumph\/"},"modified":"2022-01-13T09:55:23","modified_gmt":"2022-01-13T09:55:23","slug":"wilson-raqueta-de-tenis-roland-garros-triumph","status":"publish","type":"product","link":"https:\/\/futllermo.com\/tienda\/producto\/wilson-raqueta-de-tenis-roland-garros-triumph\/","title":{"rendered":"Wilson Raqueta de tenis, Roland Garros Triumph"},"content":{"rendered":"<p><!-- show up to 2 reviews by default --> <\/p>\n<p>Raqueta de tenis Roland Garros Equipe Triumph de Wilson &#8211; Marco ligero para una maniobrabilidad adicional, Punto dulce m\u00e1s amplio para mayor potencia y tolerancia &#8211; Tecnolog\u00edas O Beam y Stable Shaft para una mayor potencia y estabilidad en cada golpe, Cabeza: 645 cm\u00b2, Peso: 290 g &#8211; Empu\u00f1adura con tecnolog\u00eda Cushion-Aire para mayor comodidad, Longitud: 68,58 cm, Patr\u00f3n del cordaje: 16\u00d719, Equilibrio en la empu\u00f1adura &#8211; Contenido: 1\u00d7 raqueta de tenis Roland Garros Triumph de Wilson, Cabeza: 645 cm\u00b2, Peso: 290 g, Longitud: 68,58 cm, Patr\u00f3n del cordaje: 16\u00d719, Equilibrio en la empu\u00f1adura, Talla del pu\u00f1o: 2, Blanco\/azul\/naranja, WR030510U2 <\/p>\n<p>Raqueta de tenis Roland Garros Equipe Triumph de Wilson<br \/>\nMarco ligero para una maniobrabilidad adicional, Punto dulce m\u00e1s amplio para mayor potencia y tolerancia<br \/>\nTecnolog\u00edas O Beam y Stable Shaft para una mayor potencia y estabilidad en cada golpe, Cabeza: 645 cm\u00b2, Peso: 290 g<br \/>\nEmpu\u00f1adura con tecnolog\u00eda Cushion-Aire para mayor comodidad, Longitud: 68,58 cm, Patr\u00f3n del cordaje: 16\u00d719, Equilibrio en la empu\u00f1adura<br \/>\nContenido: 1\u00d7 raqueta de tenis Roland Garros Triumph de Wilson, Cabeza: 645 cm\u00b2, Peso: 290 g, Longitud: 68,58 cm, Patr\u00f3n del cordaje: 16\u00d719, Talla del pu\u00f1o: 2, Blanco\/azul\/naranja, WR030510U2<\/p>\n","protected":false},"excerpt":{"rendered":"<p>Raqueta de tenis Roland Garros Equipe Triumph de Wilson<br \/>\nMarco ligero para una maniobrabilidad adicional, Punto dulce m\u00e1s amplio para mayor potencia y tolerancia<br \/>\nTecnolog\u00edas O Beam y Stable Shaft para una mayor potencia y estabilidad en cada golpe, Cabeza: 645 cm\u00b2, Peso: 290 g<\/p>\n","protected":false},"featured_media":81256,"comment_status":"open","ping_status":"closed","template":"","meta":{"_kadence_starter_templates_imported_post":false,"_kad_post_transparent":"","_kad_post_title":"","_kad_post_layout":"","_kad_post_sidebar_id":"","_kad_post_content_style":"","_kad_post_vertical_padding":"","_kad_post_feature":"","_kad_post_feature_position":"","_kad_post_header":false,"_kad_post_footer":false},"product_brand":[],"product_cat":[423,422],"product_tag":[],"class_list":{"0":"post-81252","1":"product","2":"type-product","3":"status-publish","4":"has-post-thumbnail","6":"product_cat-raquetas-de-tenis","7":"product_cat-tenis","8":"pa_brand-visita-la-store-de-wilson","10":"first","11":"instock","12":"shipping-taxable","13":"purchasable","14":"product-type-simple","15":"entry","16":"content-bg","17":"loop-entry"},"_links":{"self":[{"href":"https:\/\/futllermo.com\/tienda\/wp-json\/wp\/v2\/product\/81252","targetHints":{"allow":["GET"]}}],"collection":[{"href":"https:\/\/futllermo.com\/tienda\/wp-json\/wp\/v2\/product"}],"about":[{"href":"https:\/\/futllermo.com\/tienda\/wp-json\/wp\/v2\/types\/product"}],"replies":[{"embeddable":true,"href":"https:\/\/futllermo.com\/tienda\/wp-json\/wp\/v2\/comments?post=81252"}],"wp:featuredmedia":[{"embeddable":true,"href":"https:\/\/futllermo.com\/tienda\/wp-json\/wp\/v2\/media\/81256"}],"wp:attachment":[{"href":"https:\/\/futllermo.com\/tienda\/wp-json\/wp\/v2\/media?parent=81252"}],"wp:term":[{"taxonomy":"product_brand","embeddable":true,"href":"https:\/\/futllermo.com\/tienda\/wp-json\/wp\/v2\/product_brand?post=81252"},{"taxonomy":"product_cat","embeddable":true,"href":"https:\/\/futllermo.com\/tienda\/wp-json\/wp\/v2\/product_cat?post=81252"},{"taxonomy":"product_tag","embeddable":true,"href":"https:\/\/futllermo.com\/tienda\/wp-json\/wp\/v2\/product_tag?post=81252"}],"curies":[{"name":"wp","href":"https:\/\/api.w.org\/{rel}","templated":true}]}}