{"id":81251,"date":"2021-01-11T12:29:58","date_gmt":"2021-01-11T12:29:58","guid":{"rendered":"https:\/\/futllermo.com\/tienda\/producto\/head-novak-23-raqueta-de-tenis-juventud-unisex-otro-05\/"},"modified":"2022-01-13T09:55:23","modified_gmt":"2022-01-13T09:55:23","slug":"head-novak-23-raqueta-de-tenis-juventud-unisex-otro-05","status":"publish","type":"product","link":"https:\/\/futllermo.com\/tienda\/producto\/head-novak-23-raqueta-de-tenis-juventud-unisex-otro-05\/","title":{"rendered":"HEAD Novak 23 Raqueta de tenis, Juventud Unisex, Otro, 05"},"content":{"rendered":"<p><!-- show up to 2 reviews by default --> <\/p>\n<p>La Novak 23 recibe su nombre de Novak Djokovic, y es la raqueta perfecta para ni\u00f1os de entre 6 y 8 a\u00f1os que quieran probar el tenis por primera vez. Incluye la exclusiva inserci\u00f3n antivibradora Damp+ que aisla el impacto para reducir la vibraciones. La raqueta presenta un nuevo dise\u00f1o rojo ne\u00f3n inspirado en geniales monstruitos que har\u00e1n que el coraz\u00f3n de cada ni\u00f1o se acelere un poco. La tarjeta superior de la raqueta tambi\u00e9n se puede usar como m\u00e1scara de monstruo e incluye pegatinas para un poco m\u00e1s de Diver. <\/p>\n<p>La Novak 23 es perfecta para los ni\u00f1os de entre 6 y 8 a\u00f1os que quieran probar el tenis por primera vez<br \/>\nTecnologia: Damp+<br \/>\nPeso: 215 g<br \/>\nTama\u00f1o de la cabeza: 630 cm\u00b2<br \/>\nPatr\u00f3n de encordado: 16\/18<\/p>\n","protected":false},"excerpt":{"rendered":"<p>La Novak 23 es perfecta para los ni\u00f1os de entre 6 y 8 a\u00f1os que quieran probar el tenis por primera vez<br \/>\nTecnologia: Damp+<br \/>\nPeso: 215 g<\/p>\n","protected":false},"featured_media":81253,"comment_status":"open","ping_status":"closed","template":"","meta":{"_kadence_starter_templates_imported_post":false,"_kad_post_transparent":"","_kad_post_title":"","_kad_post_layout":"","_kad_post_sidebar_id":"","_kad_post_content_style":"","_kad_post_vertical_padding":"","_kad_post_feature":"","_kad_post_feature_position":"","_kad_post_header":false,"_kad_post_footer":false},"product_brand":[],"product_cat":[423,422],"product_tag":[],"class_list":{"0":"post-81251","1":"product","2":"type-product","3":"status-publish","4":"has-post-thumbnail","6":"product_cat-raquetas-de-tenis","7":"product_cat-tenis","8":"pa_brand-visita-la-store-de-head","10":"first","11":"instock","12":"shipping-taxable","13":"purchasable","14":"product-type-simple","15":"entry","16":"content-bg","17":"loop-entry"},"_links":{"self":[{"href":"https:\/\/futllermo.com\/tienda\/wp-json\/wp\/v2\/product\/81251","targetHints":{"allow":["GET"]}}],"collection":[{"href":"https:\/\/futllermo.com\/tienda\/wp-json\/wp\/v2\/product"}],"about":[{"href":"https:\/\/futllermo.com\/tienda\/wp-json\/wp\/v2\/types\/product"}],"replies":[{"embeddable":true,"href":"https:\/\/futllermo.com\/tienda\/wp-json\/wp\/v2\/comments?post=81251"}],"wp:featuredmedia":[{"embeddable":true,"href":"https:\/\/futllermo.com\/tienda\/wp-json\/wp\/v2\/media\/81253"}],"wp:attachment":[{"href":"https:\/\/futllermo.com\/tienda\/wp-json\/wp\/v2\/media?parent=81251"}],"wp:term":[{"taxonomy":"product_brand","embeddable":true,"href":"https:\/\/futllermo.com\/tienda\/wp-json\/wp\/v2\/product_brand?post=81251"},{"taxonomy":"product_cat","embeddable":true,"href":"https:\/\/futllermo.com\/tienda\/wp-json\/wp\/v2\/product_cat?post=81251"},{"taxonomy":"product_tag","embeddable":true,"href":"https:\/\/futllermo.com\/tienda\/wp-json\/wp\/v2\/product_tag?post=81251"}],"curies":[{"name":"wp","href":"https:\/\/api.w.org\/{rel}","templated":true}]}}