{"id":81246,"date":"2021-01-11T12:29:52","date_gmt":"2021-01-11T12:29:52","guid":{"rendered":"https:\/\/futllermo.com\/tienda\/producto\/head-radical-jr-23-raqueta-de-tenis-juventud-unisex\/"},"modified":"2022-01-13T09:55:23","modified_gmt":"2022-01-13T09:55:23","slug":"head-radical-jr-23-raqueta-de-tenis-juventud-unisex","status":"publish","type":"product","link":"https:\/\/futllermo.com\/tienda\/producto\/head-radical-jr-23-raqueta-de-tenis-juventud-unisex\/","title":{"rendered":"Head Radical Jr. 23 Raqueta de Tenis, Juventud Unisex"},"content":{"rendered":"<p><!-- show up to 2 reviews by default --> <\/p>\n<p>Con ayuda de la serie Radical Jr., los ni\u00f1os empiezan a disfrutar del tenis sin contratiempos. La raqueta de aluminio incorpora la exclusiva inserci\u00f3n antivibradora Damp+ para aislar los impactos y reducir las vibraciones. La Radical 21 es perfecta para ni\u00f1os de 4 a 6 a\u00f1os de edad que aspiran a dominar el juego con versatilidad. Adem\u00e1s, el espectacular dise\u00f1o inspirado en la colecci\u00f3n Radical subraya la versatilidad de esta raqueta, que tiene todo lo que hay que tener para conquistar la pista siempre. <\/p>\n<p>La Radical 21 es tu compa\u00f1era perfecta si tienes entre 4 y 6 a\u00f1os y te centras en un juego con versatilidad<br \/>\nTechnology: Damp+<br \/>\nPeso: 180 g<br \/>\nTama\u00f1o de la cabeza: 520 cm\u00b2<br \/>\nPatr\u00f3n de cuerdas: 16\/17<\/p>\n","protected":false},"excerpt":{"rendered":"<p>La Radical 21 es tu compa\u00f1era perfecta si tienes entre 4 y 6 a\u00f1os y te centras en un juego con versatilidad<br \/>\nTechnology: Damp+<br \/>\nPeso: 180 g<\/p>\n","protected":false},"featured_media":81247,"comment_status":"open","ping_status":"closed","template":"","meta":{"_kadence_starter_templates_imported_post":false,"_kad_post_transparent":"","_kad_post_title":"","_kad_post_layout":"","_kad_post_sidebar_id":"","_kad_post_content_style":"","_kad_post_vertical_padding":"","_kad_post_feature":"","_kad_post_feature_position":"","_kad_post_header":false,"_kad_post_footer":false},"product_brand":[],"product_cat":[423,422],"product_tag":[],"class_list":{"0":"post-81246","1":"product","2":"type-product","3":"status-publish","4":"has-post-thumbnail","6":"product_cat-raquetas-de-tenis","7":"product_cat-tenis","8":"pa_brand-visita-la-store-de-head","10":"first","11":"instock","12":"shipping-taxable","13":"purchasable","14":"product-type-simple","15":"entry","16":"content-bg","17":"loop-entry"},"_links":{"self":[{"href":"https:\/\/futllermo.com\/tienda\/wp-json\/wp\/v2\/product\/81246","targetHints":{"allow":["GET"]}}],"collection":[{"href":"https:\/\/futllermo.com\/tienda\/wp-json\/wp\/v2\/product"}],"about":[{"href":"https:\/\/futllermo.com\/tienda\/wp-json\/wp\/v2\/types\/product"}],"replies":[{"embeddable":true,"href":"https:\/\/futllermo.com\/tienda\/wp-json\/wp\/v2\/comments?post=81246"}],"wp:featuredmedia":[{"embeddable":true,"href":"https:\/\/futllermo.com\/tienda\/wp-json\/wp\/v2\/media\/81247"}],"wp:attachment":[{"href":"https:\/\/futllermo.com\/tienda\/wp-json\/wp\/v2\/media?parent=81246"}],"wp:term":[{"taxonomy":"product_brand","embeddable":true,"href":"https:\/\/futllermo.com\/tienda\/wp-json\/wp\/v2\/product_brand?post=81246"},{"taxonomy":"product_cat","embeddable":true,"href":"https:\/\/futllermo.com\/tienda\/wp-json\/wp\/v2\/product_cat?post=81246"},{"taxonomy":"product_tag","embeddable":true,"href":"https:\/\/futllermo.com\/tienda\/wp-json\/wp\/v2\/product_tag?post=81246"}],"curies":[{"name":"wp","href":"https:\/\/api.w.org\/{rel}","templated":true}]}}