{"id":81232,"date":"2021-01-11T12:29:45","date_gmt":"2021-01-11T12:29:45","guid":{"rendered":"https:\/\/futllermo.com\/tienda\/producto\/head-tis1-pro-raqueta-de-tenis-unisex-adulto\/"},"modified":"2022-01-13T09:55:23","modified_gmt":"2022-01-13T09:55:23","slug":"head-tis1-pro-raqueta-de-tenis-unisex-adulto","status":"publish","type":"product","link":"https:\/\/futllermo.com\/tienda\/producto\/head-tis1-pro-raqueta-de-tenis-unisex-adulto\/","title":{"rendered":"Head Tis1 Pro Raqueta de Tenis, Unisex Adulto"},"content":{"rendered":"<p><!-- show up to 2 reviews by default --> <\/p>\n<p>La pala de tenis HEAD Tis1 Pro es una pala de tama\u00f1o extragrande, ultraligera que ofrece un equilibrio \u00f3ptimo entre potencia y control. Ideal para jugadores de club y recreaci\u00f3n que buscan llevar su juego al siguiente nivel. Disponible en tama\u00f1os de agarre 1, 2, 3 y 7. <\/p>\n<p>Cabezal de gran tama\u00f1o para m\u00e1s potencia<br \/>\nUltraligera y f\u00e1cil maniobrabilidad.<br \/>\nPeso: 250 g.<br \/>\nTama\u00f1o de la cabeza: 107 pulgadas.<br \/>\nAgarre acolchado.<\/p>\n","protected":false},"excerpt":{"rendered":"<p>Cabezal de gran tama\u00f1o para m\u00e1s potencia<br \/>\nUltraligera y f\u00e1cil maniobrabilidad.<br \/>\nPeso: 250 g.<\/p>\n","protected":false},"featured_media":81233,"comment_status":"open","ping_status":"closed","template":"","meta":{"_kadence_starter_templates_imported_post":false,"_kad_post_transparent":"","_kad_post_title":"","_kad_post_layout":"","_kad_post_sidebar_id":"","_kad_post_content_style":"","_kad_post_vertical_padding":"","_kad_post_feature":"","_kad_post_feature_position":"","_kad_post_header":false,"_kad_post_footer":false},"product_brand":[],"product_cat":[423,422],"product_tag":[],"class_list":{"0":"post-81232","1":"product","2":"type-product","3":"status-publish","4":"has-post-thumbnail","6":"product_cat-raquetas-de-tenis","7":"product_cat-tenis","8":"pa_brand-visita-la-store-de-head","10":"first","11":"instock","12":"shipping-taxable","13":"purchasable","14":"product-type-simple","15":"entry","16":"content-bg","17":"loop-entry"},"_links":{"self":[{"href":"https:\/\/futllermo.com\/tienda\/wp-json\/wp\/v2\/product\/81232","targetHints":{"allow":["GET"]}}],"collection":[{"href":"https:\/\/futllermo.com\/tienda\/wp-json\/wp\/v2\/product"}],"about":[{"href":"https:\/\/futllermo.com\/tienda\/wp-json\/wp\/v2\/types\/product"}],"replies":[{"embeddable":true,"href":"https:\/\/futllermo.com\/tienda\/wp-json\/wp\/v2\/comments?post=81232"}],"wp:featuredmedia":[{"embeddable":true,"href":"https:\/\/futllermo.com\/tienda\/wp-json\/wp\/v2\/media\/81233"}],"wp:attachment":[{"href":"https:\/\/futllermo.com\/tienda\/wp-json\/wp\/v2\/media?parent=81232"}],"wp:term":[{"taxonomy":"product_brand","embeddable":true,"href":"https:\/\/futllermo.com\/tienda\/wp-json\/wp\/v2\/product_brand?post=81232"},{"taxonomy":"product_cat","embeddable":true,"href":"https:\/\/futllermo.com\/tienda\/wp-json\/wp\/v2\/product_cat?post=81232"},{"taxonomy":"product_tag","embeddable":true,"href":"https:\/\/futllermo.com\/tienda\/wp-json\/wp\/v2\/product_tag?post=81232"}],"curies":[{"name":"wp","href":"https:\/\/api.w.org\/{rel}","templated":true}]}}