{"id":81226,"date":"2021-01-11T12:29:42","date_gmt":"2021-01-11T12:29:42","guid":{"rendered":"https:\/\/futllermo.com\/tienda\/producto\/wilson-clash-raqueta-de-tenis\/"},"modified":"2022-01-13T09:55:23","modified_gmt":"2022-01-13T09:55:23","slug":"wilson-clash-raqueta-de-tenis","status":"publish","type":"product","link":"https:\/\/futllermo.com\/tienda\/producto\/wilson-clash-raqueta-de-tenis\/","title":{"rendered":"Wilson Clash Raqueta de tenis"},"content":{"rendered":"<p><!-- show up to 2 reviews by default --> <\/p>\n<p>Raqueta de tenis para jugadores adultos que buscan la opci\u00f3n m\u00e1s ligera de la serie Clash de Wilson con su geometr\u00eda y sensaci\u00f3n distintas &#8211; Marco de 265 g (sin cordaje) proviso de FeelFlex, tecnolog\u00eda propia de Wilson de colocaci\u00f3n estrat\u00e9gica carbono, que proporciona flexibilidad para un control y contacto con la pelota \u00f3ptimos &#8211; Tecnolog\u00eda StableSmart: geometr\u00eda del marco distinta que le confiere mayor flexibilidad para mejorar la estabilidad, potencia y precisi\u00f3n de cada golpe &#8211; Cordaje anclado al marco mediante la tecnolog\u00eda Parallel Drilling para un rendimiento prolongado, Patr\u00f3n del cordaje: 16 x 19 &#8211; Contenido: 1x Raqueta de tenis para adultos Clash 100UL de Wilson, Longitud: 68,6 cm, Cabeza: 645,2 cm2, Peso (sin cordaje): 265 g, Empu\u00f1adura: 4 1\/4\u2019\u2019, Material: grafito, Negro\/gris\/rojo, WR015810U2. <\/p>\n<p>Raqueta de tenis para jugadores adultos que buscan la opci\u00f3n m\u00e1s ligera de la serie Clash de Wilson con su geometr\u00eda y sensaci\u00f3n \u00fanicas<br \/>\nMarco de 265 g (sin cordaje) proviso de FeelFlex, tecnolog\u00eda propia de Wilson de colocaci\u00f3n estrat\u00e9gica carbono, que proporciona flexibilidad para un control y contacto con la pelota \u00f3ptimos<br \/>\nTecnolog\u00eda StableSmart: geometr\u00eda del marco \u00fanica que le confiere mayor flexibilidad para mejorar la estabilidad, potencia y precisi\u00f3n de cada golpe<br \/>\nCordaje anclado al marco mediante la tecnolog\u00eda Parallel Drilling para un rendimiento prolongado, Patr\u00f3n del cordaje: 16 x 19<br \/>\nContenido: 1x Raqueta de tenis para adultos Clash 100UL de Wilson, Longitud: 68,6 cm, Cabeza: 645,2 cm2, Peso (sin cordaje): 265 g, Empu\u00f1adura: 4 1\/4\u2019\u2019, Material: grafito, Negro\/gris\/rojo, WR015810U2<\/p>\n","protected":false},"excerpt":{"rendered":"<p>Raqueta de tenis para jugadores adultos que buscan la opci\u00f3n m\u00e1s ligera de la serie Clash de Wilson con su geometr\u00eda y sensaci\u00f3n \u00fanicas<br \/>\nMarco de 265 g (sin cordaje) proviso de FeelFlex, tecnolog\u00eda propia de Wilson de colocaci\u00f3n estrat\u00e9gica carbono, que proporciona flexibilidad para un control y contacto con la pelota \u00f3ptimos<br \/>\nTecnolog\u00eda StableSmart: geometr\u00eda del marco \u00fanica que le confiere mayor flexibilidad para mejorar la estabilidad, potencia y precisi\u00f3n de cada golpe<\/p>\n","protected":false},"featured_media":81227,"comment_status":"open","ping_status":"closed","template":"","meta":{"_kadence_starter_templates_imported_post":false,"_kad_post_transparent":"","_kad_post_title":"","_kad_post_layout":"","_kad_post_sidebar_id":"","_kad_post_content_style":"","_kad_post_vertical_padding":"","_kad_post_feature":"","_kad_post_feature_position":"","_kad_post_header":false,"_kad_post_footer":false},"product_brand":[],"product_cat":[423,422],"product_tag":[],"class_list":{"0":"post-81226","1":"product","2":"type-product","3":"status-publish","4":"has-post-thumbnail","6":"product_cat-raquetas-de-tenis","7":"product_cat-tenis","8":"pa_brand-visita-la-store-de-wilson","10":"first","11":"instock","12":"shipping-taxable","13":"purchasable","14":"product-type-simple","15":"entry","16":"content-bg","17":"loop-entry"},"_links":{"self":[{"href":"https:\/\/futllermo.com\/tienda\/wp-json\/wp\/v2\/product\/81226","targetHints":{"allow":["GET"]}}],"collection":[{"href":"https:\/\/futllermo.com\/tienda\/wp-json\/wp\/v2\/product"}],"about":[{"href":"https:\/\/futllermo.com\/tienda\/wp-json\/wp\/v2\/types\/product"}],"replies":[{"embeddable":true,"href":"https:\/\/futllermo.com\/tienda\/wp-json\/wp\/v2\/comments?post=81226"}],"wp:featuredmedia":[{"embeddable":true,"href":"https:\/\/futllermo.com\/tienda\/wp-json\/wp\/v2\/media\/81227"}],"wp:attachment":[{"href":"https:\/\/futllermo.com\/tienda\/wp-json\/wp\/v2\/media?parent=81226"}],"wp:term":[{"taxonomy":"product_brand","embeddable":true,"href":"https:\/\/futllermo.com\/tienda\/wp-json\/wp\/v2\/product_brand?post=81226"},{"taxonomy":"product_cat","embeddable":true,"href":"https:\/\/futllermo.com\/tienda\/wp-json\/wp\/v2\/product_cat?post=81226"},{"taxonomy":"product_tag","embeddable":true,"href":"https:\/\/futllermo.com\/tienda\/wp-json\/wp\/v2\/product_tag?post=81226"}],"curies":[{"name":"wp","href":"https:\/\/api.w.org\/{rel}","templated":true}]}}