{"id":81216,"date":"2021-01-11T12:29:36","date_gmt":"2021-01-11T12:29:36","guid":{"rendered":"https:\/\/futllermo.com\/tienda\/producto\/wilson-wrt20310u-us-open-21-raqueta-de-tenis-para-ninos-amarillo-rojo-para-ninos-con-altura-de-100-cm-a-115-cm\/"},"modified":"2022-01-13T09:55:23","modified_gmt":"2022-01-13T09:55:23","slug":"wilson-wrt20310u-us-open-21-raqueta-de-tenis-para-ninos-amarillo-rojo-para-ninos-con-altura-de-100-cm-a-115-cm","status":"publish","type":"product","link":"https:\/\/futllermo.com\/tienda\/producto\/wilson-wrt20310u-us-open-21-raqueta-de-tenis-para-ninos-amarillo-rojo-para-ninos-con-altura-de-100-cm-a-115-cm\/","title":{"rendered":"US OPEN TNS RKT W\/O CVR"},"content":{"rendered":"<div class=\"disclaim\"> Tama\u00f1o:<strong>21 pulgadas<\/strong> <\/div>\n<p> <!-- show up to 2 reviews by default --> <\/p>\n<p>Ligera y estable:Adecuada para ni\u00f1os gracias a su ligereza y construcci\u00f3n robusta &#8211; Empu\u00f1adura delgada con grip blanco apto para las manos de los ni\u00f1os &#8211; Dise\u00f1o \u00f3ptico: moderno dise\u00f1o con llamativos colores con el logo de Wilson en el cordaje &#8211; Contenido: 1x Wilson Raqueta de tenis para ni\u00f1os, US OPEN 21, color: rojo\/amarillo, longitud: 53.3 cm (21&#8243;), tama\u00f1o de la cabeza: 92 sq in, peso: 186 g (con cordaje). <\/p>\n<p>Ligera y estable: adecuada para ni\u00f1os gracias a su ligereza y construcci\u00f3n robusta<br \/>\nEmpu\u00f1adura delgada con grip blanco apto para las manos de los ni\u00f1os<br \/>\nDise\u00f1o \u00f3ptico: moderno dise\u00f1o con llamativos colores con el logo de Wilson en el cordaje<br \/>\nContenido: 1x Wilson Raqueta de tenis para ni\u00f1os, US OPEN 21, color: rojo\/amarillo, longitud: 53.3 cm (21&#8243;), tama\u00f1o de la cabeza: 92 sq in, peso: 186 g (con cordaje), WRT20310U<\/p>\n","protected":false},"excerpt":{"rendered":"<p>Ligera y estable: adecuada para ni\u00f1os gracias a su ligereza y construcci\u00f3n robusta<br \/>\nEmpu\u00f1adura delgada con grip blanco apto para las manos de los ni\u00f1os<br \/>\nDise\u00f1o \u00f3ptico: moderno dise\u00f1o con llamativos colores con el logo de Wilson en el cordaje<\/p>\n","protected":false},"featured_media":81217,"comment_status":"open","ping_status":"closed","template":"","meta":{"_kadence_starter_templates_imported_post":false,"_kad_post_transparent":"","_kad_post_title":"","_kad_post_layout":"","_kad_post_sidebar_id":"","_kad_post_content_style":"","_kad_post_vertical_padding":"","_kad_post_feature":"","_kad_post_feature_position":"","_kad_post_header":false,"_kad_post_footer":false},"product_brand":[],"product_cat":[423,422],"product_tag":[],"class_list":{"0":"post-81216","1":"product","2":"type-product","3":"status-publish","4":"has-post-thumbnail","6":"product_cat-raquetas-de-tenis","7":"product_cat-tenis","8":"pa_brand-visita-la-store-de-wilson","10":"first","11":"instock","12":"shipping-taxable","13":"purchasable","14":"product-type-simple","15":"entry","16":"content-bg","17":"loop-entry"},"_links":{"self":[{"href":"https:\/\/futllermo.com\/tienda\/wp-json\/wp\/v2\/product\/81216","targetHints":{"allow":["GET"]}}],"collection":[{"href":"https:\/\/futllermo.com\/tienda\/wp-json\/wp\/v2\/product"}],"about":[{"href":"https:\/\/futllermo.com\/tienda\/wp-json\/wp\/v2\/types\/product"}],"replies":[{"embeddable":true,"href":"https:\/\/futllermo.com\/tienda\/wp-json\/wp\/v2\/comments?post=81216"}],"wp:featuredmedia":[{"embeddable":true,"href":"https:\/\/futllermo.com\/tienda\/wp-json\/wp\/v2\/media\/81217"}],"wp:attachment":[{"href":"https:\/\/futllermo.com\/tienda\/wp-json\/wp\/v2\/media?parent=81216"}],"wp:term":[{"taxonomy":"product_brand","embeddable":true,"href":"https:\/\/futllermo.com\/tienda\/wp-json\/wp\/v2\/product_brand?post=81216"},{"taxonomy":"product_cat","embeddable":true,"href":"https:\/\/futllermo.com\/tienda\/wp-json\/wp\/v2\/product_cat?post=81216"},{"taxonomy":"product_tag","embeddable":true,"href":"https:\/\/futllermo.com\/tienda\/wp-json\/wp\/v2\/product_tag?post=81216"}],"curies":[{"name":"wp","href":"https:\/\/api.w.org\/{rel}","templated":true}]}}