{"id":81207,"date":"2021-01-11T12:29:25","date_gmt":"2021-01-11T12:29:25","guid":{"rendered":"https:\/\/futllermo.com\/tienda\/producto\/zsig-mini-raqueta-de-tenis-infantil\/"},"modified":"2022-01-13T09:55:23","modified_gmt":"2022-01-13T09:55:23","slug":"zsig-mini-raqueta-de-tenis-infantil","status":"publish","type":"product","link":"https:\/\/futllermo.com\/tienda\/producto\/zsig-mini-raqueta-de-tenis-infantil\/","title":{"rendered":"ZSIG &#8211; Mini Raqueta de Tenis para ni\u00f1os"},"content":{"rendered":"<div class=\"disclaim\"> Color:<strong>azul<\/strong> <\/div>\n<p> <!-- show up to 2 reviews by default --> <\/p>\n<p>Mini raqueta de tenis de 17 pulgadas recomendada para el entrenamiento de tenis Blue Stage Early Years (bolsas de tenis). Un bonito marco de tenis peque\u00f1o de 43 cm en forma de O en color azul claro, pero sin embargo bien equilibrado, con cuerdas duraderas y un agarre c\u00f3modo. Las raquetas de 43 y 48 cm est\u00e1n dise\u00f1adas para ni\u00f1os de 3 a 5 a\u00f1os (o un ni\u00f1o de hasta alrededor de 105 cm de altura), as\u00ed que elige una raqueta de 43 cm para los m\u00e1s peque\u00f1os (o m\u00e1s peque\u00f1os) del rango de edad. Uso con mini pelotas de tenis Red Stage como Zsig&#8217;s Matchplay 8 o SLOcoach Big Red. Peso: 150 g. Marco de aluminio de construcci\u00f3n en forma de O sin cubierta de cabeza. <\/p>\n<p>Peque\u00f1a raqueta de tenis peque\u00f1a de 43 cm<br \/>\nRecomendado para entrenamiento de tenis Blue Stage temprano a\u00f1os (tenis Tots), edades de alrededor de 3 a 5 a\u00f1os<br \/>\nEstructura de aluminio bien equilibrada<br \/>\nC\u00f3modo agarre de poliuretano<br \/>\nPeso: 150 g<br \/>\nResistente e ideal para programas de ense\u00f1anza<br \/>\nSe vende sin cubierta de cabeza<\/p>\n","protected":false},"excerpt":{"rendered":"<p>Peque\u00f1a raqueta de tenis peque\u00f1a de 43 cm<br \/>\nRecomendado para entrenamiento de tenis Blue Stage temprano a\u00f1os (tenis Tots), edades de alrededor de 3 a 5 a\u00f1os<br \/>\nEstructura de aluminio bien equilibrada<\/p>\n","protected":false},"featured_media":81209,"comment_status":"open","ping_status":"closed","template":"","meta":{"_kadence_starter_templates_imported_post":false,"_kad_post_transparent":"","_kad_post_title":"","_kad_post_layout":"","_kad_post_sidebar_id":"","_kad_post_content_style":"","_kad_post_vertical_padding":"","_kad_post_feature":"","_kad_post_feature_position":"","_kad_post_header":false,"_kad_post_footer":false},"product_brand":[],"product_cat":[423,422],"product_tag":[],"class_list":{"0":"post-81207","1":"product","2":"type-product","3":"status-publish","4":"has-post-thumbnail","6":"product_cat-raquetas-de-tenis","7":"product_cat-tenis","8":"pa_brand-marca-zsig","10":"first","11":"instock","12":"shipping-taxable","13":"purchasable","14":"product-type-simple","15":"entry","16":"content-bg","17":"loop-entry"},"_links":{"self":[{"href":"https:\/\/futllermo.com\/tienda\/wp-json\/wp\/v2\/product\/81207","targetHints":{"allow":["GET"]}}],"collection":[{"href":"https:\/\/futllermo.com\/tienda\/wp-json\/wp\/v2\/product"}],"about":[{"href":"https:\/\/futllermo.com\/tienda\/wp-json\/wp\/v2\/types\/product"}],"replies":[{"embeddable":true,"href":"https:\/\/futllermo.com\/tienda\/wp-json\/wp\/v2\/comments?post=81207"}],"wp:featuredmedia":[{"embeddable":true,"href":"https:\/\/futllermo.com\/tienda\/wp-json\/wp\/v2\/media\/81209"}],"wp:attachment":[{"href":"https:\/\/futllermo.com\/tienda\/wp-json\/wp\/v2\/media?parent=81207"}],"wp:term":[{"taxonomy":"product_brand","embeddable":true,"href":"https:\/\/futllermo.com\/tienda\/wp-json\/wp\/v2\/product_brand?post=81207"},{"taxonomy":"product_cat","embeddable":true,"href":"https:\/\/futllermo.com\/tienda\/wp-json\/wp\/v2\/product_cat?post=81207"},{"taxonomy":"product_tag","embeddable":true,"href":"https:\/\/futllermo.com\/tienda\/wp-json\/wp\/v2\/product_tag?post=81207"}],"curies":[{"name":"wp","href":"https:\/\/api.w.org\/{rel}","templated":true}]}}