{"id":81203,"date":"2021-01-11T12:29:17","date_gmt":"2021-01-11T12:29:17","guid":{"rendered":"https:\/\/futllermo.com\/tienda\/producto\/head-maria-21-raqueta-de-tenis-juventud-unisex-multicolor-4-6-anos\/"},"modified":"2022-01-13T09:55:22","modified_gmt":"2022-01-13T09:55:22","slug":"head-maria-21-raqueta-de-tenis-juventud-unisex-multicolor-4-6-anos","status":"publish","type":"product","link":"https:\/\/futllermo.com\/tienda\/producto\/head-maria-21-raqueta-de-tenis-juventud-unisex-multicolor-4-6-anos\/","title":{"rendered":"Head Raqueta de Tenis Juvenil Maria 21, Azul Claro, Talla \u00fanica, Juventud Unisex, Multicolor, 4-6 a\u00f1os"},"content":{"rendered":"<p><!-- show up to 2 reviews by default --> <\/p>\n<p>La Maria 21 recibe su nombre de Maria Sharapova, y es la raqueta perfecta para ni\u00f1as de entre 4 y 6 a\u00f1os que quieran probar el tenis por primera vez. Incluye la exclusiva inserci\u00f3n antivibradora Damp+ que a\u00edsla el impacto para reducir la vibraci\u00f3n. La raqueta presenta un dise\u00f1o inspirado en los cuentos de hadas en un azul claro precioso que har\u00e1 que el coraz\u00f3n de cada ni\u00f1a se acelere un poco. La tarjeta superior de la raqueta tambi\u00e9n se puede usar como m\u00e1scara de animal e incluye pegatinas para un poc <\/p>\n<p>La Maria 21 es perfecta para las ni\u00f1as de entre 4 y 6 a\u00f1os que quieran probar el tenis por primera vez<br \/>\nTechnology: Damp+<br \/>\nPeso: 180 g<br \/>\nTama\u00f1o de la cabeza: 520 cm\u00b2<br \/>\nPatr\u00f3n de cuerdas: 16\/17<\/p>\n","protected":false},"excerpt":{"rendered":"<p>La Maria 21 es perfecta para las ni\u00f1as de entre 4 y 6 a\u00f1os que quieran probar el tenis por primera vez<br \/>\nTechnology: Damp+<br \/>\nPeso: 180 g<\/p>\n","protected":false},"featured_media":81204,"comment_status":"open","ping_status":"closed","template":"","meta":{"_kadence_starter_templates_imported_post":false,"_kad_post_transparent":"","_kad_post_title":"","_kad_post_layout":"","_kad_post_sidebar_id":"","_kad_post_content_style":"","_kad_post_vertical_padding":"","_kad_post_feature":"","_kad_post_feature_position":"","_kad_post_header":false,"_kad_post_footer":false},"product_brand":[],"product_cat":[423,422],"product_tag":[],"class_list":{"0":"post-81203","1":"product","2":"type-product","3":"status-publish","4":"has-post-thumbnail","6":"product_cat-raquetas-de-tenis","7":"product_cat-tenis","8":"pa_brand-visita-la-store-de-head","10":"first","11":"instock","12":"shipping-taxable","13":"purchasable","14":"product-type-simple","15":"entry","16":"content-bg","17":"loop-entry"},"_links":{"self":[{"href":"https:\/\/futllermo.com\/tienda\/wp-json\/wp\/v2\/product\/81203","targetHints":{"allow":["GET"]}}],"collection":[{"href":"https:\/\/futllermo.com\/tienda\/wp-json\/wp\/v2\/product"}],"about":[{"href":"https:\/\/futllermo.com\/tienda\/wp-json\/wp\/v2\/types\/product"}],"replies":[{"embeddable":true,"href":"https:\/\/futllermo.com\/tienda\/wp-json\/wp\/v2\/comments?post=81203"}],"wp:featuredmedia":[{"embeddable":true,"href":"https:\/\/futllermo.com\/tienda\/wp-json\/wp\/v2\/media\/81204"}],"wp:attachment":[{"href":"https:\/\/futllermo.com\/tienda\/wp-json\/wp\/v2\/media?parent=81203"}],"wp:term":[{"taxonomy":"product_brand","embeddable":true,"href":"https:\/\/futllermo.com\/tienda\/wp-json\/wp\/v2\/product_brand?post=81203"},{"taxonomy":"product_cat","embeddable":true,"href":"https:\/\/futllermo.com\/tienda\/wp-json\/wp\/v2\/product_cat?post=81203"},{"taxonomy":"product_tag","embeddable":true,"href":"https:\/\/futllermo.com\/tienda\/wp-json\/wp\/v2\/product_tag?post=81203"}],"curies":[{"name":"wp","href":"https:\/\/api.w.org\/{rel}","templated":true}]}}