{"id":81193,"date":"2021-01-11T12:29:03","date_gmt":"2021-01-11T12:29:03","guid":{"rendered":"https:\/\/futllermo.com\/tienda\/producto\/wilson-raqueta-de-tenis-prime-principiantes-y-jugadores-intermedios-azul-naranja-tamano-de-empunadura-l2-unisex-adulto\/"},"modified":"2022-01-13T09:55:22","modified_gmt":"2022-01-13T09:55:22","slug":"wilson-raqueta-de-tenis-prime-principiantes-y-jugadores-intermedios-azul-naranja-tamano-de-empunadura-l2-unisex-adulto","status":"publish","type":"product","link":"https:\/\/futllermo.com\/tienda\/producto\/wilson-raqueta-de-tenis-prime-principiantes-y-jugadores-intermedios-azul-naranja-tamano-de-empunadura-l2-unisex-adulto\/","title":{"rendered":"Wilson Raqueta de Tenis, Prime, Principiantes y Jugadores intermedios, Azul\/Naranja, Tama\u00f1o de empu\u00f1adura L2, Unisex\u2026"},"content":{"rendered":"<div class=\"disclaim\"> Tama\u00f1o:<strong>Tama\u00f1o de empu\u00f1adura L3<\/strong> <\/div>\n<p> <!-- show up to 2 reviews by default --> <\/p>\n<p>Raqueta de tenis para principiantes y jugadores intermedios, adecuada para jugadores que buscan una raqueta c\u00f3moda y f\u00e1cil de manejar &#8211; Tecnolog\u00eda BLX para reducir las vibraciones de la raqueta y mejorar la sensaci\u00f3n del golpe &#8211; Cabeza de tama\u00f1o mediano para obtener mayor precisi\u00f3n con golpes m\u00e1s suaves &#8211; Peso en la cabeza: consigue golpes m\u00e1s potentes, tama\u00f1o de empu\u00f1adura L3 (circunferencia: 109 &#8211; 111 mm) &#8211; Contenido: 1x Wilson Raqueta de tenis Wilson Prime, tama\u00f1o de empu\u00f1adura: L3, tama\u00f1o de la cabeza: 665 cm\u00b2, peso: 286 g (con cordaje), longitud: 69,2 cm, color: azul\/naranja, WR012710U3. <\/p>\n<p>Raqueta de tenis para principiantes y jugadores intermedios, adecuada para jugadores que buscan una raqueta c\u00f3moda y f\u00e1cil de manejar<br \/>\nTecnolog\u00eda BLX para reducir las vibraciones de la raqueta y mejorar la sensaci\u00f3n del golpe<br \/>\nCabeza de tama\u00f1o mediano para obtener mayor precisi\u00f3n con golpes m\u00e1s suaves<br \/>\nPeso en la cabeza: consigue golpes m\u00e1s potentes, tama\u00f1o de empu\u00f1adura L3 (circunferencia: 109 &#8211; 111 mm)<br \/>\nContenido: 1x Wilson Raqueta de tenis Wilson Prime, tama\u00f1o de empu\u00f1adura: L3, tama\u00f1o de la cabeza: 665 cm\u00b2, peso: 286 g (con cordaje), longitud: 69,2 cm, color: azul\/naranja, WR012710U3<\/p>\n","protected":false},"excerpt":{"rendered":"<p>Raqueta de tenis para principiantes y jugadores intermedios, adecuada para jugadores que buscan una raqueta c\u00f3moda y f\u00e1cil de manejar<br \/>\nTecnolog\u00eda BLX para reducir las vibraciones de la raqueta y mejorar la sensaci\u00f3n del golpe<br \/>\nCabeza de tama\u00f1o mediano para obtener mayor precisi\u00f3n con golpes m\u00e1s suaves<\/p>\n","protected":false},"featured_media":81194,"comment_status":"open","ping_status":"closed","template":"","meta":{"_kadence_starter_templates_imported_post":false,"_kad_post_transparent":"","_kad_post_title":"","_kad_post_layout":"","_kad_post_sidebar_id":"","_kad_post_content_style":"","_kad_post_vertical_padding":"","_kad_post_feature":"","_kad_post_feature_position":"","_kad_post_header":false,"_kad_post_footer":false},"product_brand":[],"product_cat":[423,422],"product_tag":[],"class_list":{"0":"post-81193","1":"product","2":"type-product","3":"status-publish","4":"has-post-thumbnail","6":"product_cat-raquetas-de-tenis","7":"product_cat-tenis","8":"pa_brand-visita-la-store-de-wilson","10":"first","11":"instock","12":"shipping-taxable","13":"purchasable","14":"product-type-simple","15":"entry","16":"content-bg","17":"loop-entry"},"_links":{"self":[{"href":"https:\/\/futllermo.com\/tienda\/wp-json\/wp\/v2\/product\/81193","targetHints":{"allow":["GET"]}}],"collection":[{"href":"https:\/\/futllermo.com\/tienda\/wp-json\/wp\/v2\/product"}],"about":[{"href":"https:\/\/futllermo.com\/tienda\/wp-json\/wp\/v2\/types\/product"}],"replies":[{"embeddable":true,"href":"https:\/\/futllermo.com\/tienda\/wp-json\/wp\/v2\/comments?post=81193"}],"wp:featuredmedia":[{"embeddable":true,"href":"https:\/\/futllermo.com\/tienda\/wp-json\/wp\/v2\/media\/81194"}],"wp:attachment":[{"href":"https:\/\/futllermo.com\/tienda\/wp-json\/wp\/v2\/media?parent=81193"}],"wp:term":[{"taxonomy":"product_brand","embeddable":true,"href":"https:\/\/futllermo.com\/tienda\/wp-json\/wp\/v2\/product_brand?post=81193"},{"taxonomy":"product_cat","embeddable":true,"href":"https:\/\/futllermo.com\/tienda\/wp-json\/wp\/v2\/product_cat?post=81193"},{"taxonomy":"product_tag","embeddable":true,"href":"https:\/\/futllermo.com\/tienda\/wp-json\/wp\/v2\/product_tag?post=81193"}],"curies":[{"name":"wp","href":"https:\/\/api.w.org\/{rel}","templated":true}]}}