{"id":81185,"date":"2021-01-11T12:28:55","date_gmt":"2021-01-11T12:28:55","guid":{"rendered":"https:\/\/futllermo.com\/tienda\/producto\/wilson-raqueta-de-tenis-ultra-power-xl-112-jugador-de-tenis-recreativo-aleacion-airlite-azul-negro-wr018410u3\/"},"modified":"2022-01-13T09:55:21","modified_gmt":"2022-01-13T09:55:21","slug":"wilson-raqueta-de-tenis-ultra-power-xl-112-jugador-de-tenis-recreativo-aleacion-airlite-azul-negro-wr018410u3","status":"publish","type":"product","link":"https:\/\/futllermo.com\/tienda\/producto\/wilson-raqueta-de-tenis-ultra-power-xl-112-jugador-de-tenis-recreativo-aleacion-airlite-azul-negro-wr018410u3\/","title":{"rendered":"Wilson Raqueta de tenis, Ultra Power XL 112, Jugador de tenis recreativo, Aleaci\u00f3n AirLite"},"content":{"rendered":"<p><!-- show up to 2 reviews by default --> <\/p>\n<p>Raqueta de tenis Ultra Power XL 112 para jugadores de tenis recreativo. Cabeza de tama\u00f1o extra con amplio punto dulce, longitud extra. Fabricada con aleaci\u00f3n AirLite para un marco ligero, potencia y durabilidad. Tecnolog\u00eda Volcanic Frame que potencia y estabiliza cada golpe. Tecnolog\u00eda Power Bridge para optimizar la velocidad de rebote. Almohadillas Stop Shock ubicadas en la garganta para reducir las vibraciones. Protector ligero AirLite, equilibrio en la empu\u00f1adura, patr\u00f3n del cordaje: 16\u00d719. Dise\u00f1o inspirado en la serie Ultra de Wilson. Contenido: 1\u00d7 raqueta de tenis Ultra Power XL 112, aleaci\u00f3n, cabeza grande (723 cm\u00b2), 69.85 cm, 291 g, pu\u00f1o tama\u00f1o 3, con cordaje, azul y negro, WR018410U3. <\/p>\n<p>Raqueta de tenis Ultra Power XL 112 para jugadores de tenis recreativo; cabeza de tama\u00f1o extra con amplio punto dulce, longitud extra<br \/>\nFabricada con aleaci\u00f3n AirLite para un marco ligero, potencia y durabilidad; tecnolog\u00eda Volcanic Frame que potencia y estabiliza cada golpe<br \/>\nTecnolog\u00eda Power Bridge para optimizar la velocidad de rebote; almohadillas Stop Shock ubicadas en la garganta para reducir las vibraciones; con cordaje<br \/>\nProtector ligero AirLite; equilibrio en la empu\u00f1adura; patr\u00f3n del cordaje: 16\u00d719; dise\u00f1o inspirado en la serie Ultra de Wilson<br \/>\nContenido: 1\u00d7 raqueta de tenis Ultra Power XL 112, aleaci\u00f3n, cabeza grande (723 cm\u00b2), 69.85 cm, 291 g, pu\u00f1o tama\u00f1o 3, con cordaje, azul y negro, WR018410U3<\/p>\n","protected":false},"excerpt":{"rendered":"<p>Raqueta de tenis Ultra Power XL 112 para jugadores de tenis recreativo; cabeza de tama\u00f1o extra con amplio punto dulce, longitud extra<br \/>\nFabricada con aleaci\u00f3n AirLite para un marco ligero, potencia y durabilidad; tecnolog\u00eda Volcanic Frame que potencia y estabiliza cada golpe<br \/>\nTecnolog\u00eda Power Bridge para optimizar la velocidad de rebote; almohadillas Stop Shock ubicadas en la garganta para reducir las vibraciones; con cordaje<\/p>\n","protected":false},"featured_media":81186,"comment_status":"open","ping_status":"closed","template":"","meta":{"_kadence_starter_templates_imported_post":false,"_kad_post_transparent":"","_kad_post_title":"","_kad_post_layout":"","_kad_post_sidebar_id":"","_kad_post_content_style":"","_kad_post_vertical_padding":"","_kad_post_feature":"","_kad_post_feature_position":"","_kad_post_header":false,"_kad_post_footer":false},"product_brand":[],"product_cat":[423,422],"product_tag":[],"class_list":{"0":"post-81185","1":"product","2":"type-product","3":"status-publish","4":"has-post-thumbnail","6":"product_cat-raquetas-de-tenis","7":"product_cat-tenis","8":"pa_brand-visita-la-store-de-wilson","10":"first","11":"instock","12":"shipping-taxable","13":"purchasable","14":"product-type-simple","15":"entry","16":"content-bg","17":"loop-entry"},"_links":{"self":[{"href":"https:\/\/futllermo.com\/tienda\/wp-json\/wp\/v2\/product\/81185","targetHints":{"allow":["GET"]}}],"collection":[{"href":"https:\/\/futllermo.com\/tienda\/wp-json\/wp\/v2\/product"}],"about":[{"href":"https:\/\/futllermo.com\/tienda\/wp-json\/wp\/v2\/types\/product"}],"replies":[{"embeddable":true,"href":"https:\/\/futllermo.com\/tienda\/wp-json\/wp\/v2\/comments?post=81185"}],"wp:featuredmedia":[{"embeddable":true,"href":"https:\/\/futllermo.com\/tienda\/wp-json\/wp\/v2\/media\/81186"}],"wp:attachment":[{"href":"https:\/\/futllermo.com\/tienda\/wp-json\/wp\/v2\/media?parent=81185"}],"wp:term":[{"taxonomy":"product_brand","embeddable":true,"href":"https:\/\/futllermo.com\/tienda\/wp-json\/wp\/v2\/product_brand?post=81185"},{"taxonomy":"product_cat","embeddable":true,"href":"https:\/\/futllermo.com\/tienda\/wp-json\/wp\/v2\/product_cat?post=81185"},{"taxonomy":"product_tag","embeddable":true,"href":"https:\/\/futllermo.com\/tienda\/wp-json\/wp\/v2\/product_tag?post=81185"}],"curies":[{"name":"wp","href":"https:\/\/api.w.org\/{rel}","templated":true}]}}