{"id":81177,"date":"2021-01-11T12:28:45","date_gmt":"2021-01-11T12:28:45","guid":{"rendered":"https:\/\/futllermo.com\/tienda\/producto\/senston-raqueta-de-tenis-moldura-de-una-piezaunisexincluido-bolsa-de-tenis-1-grip-1-amortiguadores\/"},"modified":"2022-01-13T09:55:21","modified_gmt":"2022-01-13T09:55:21","slug":"senston-raqueta-de-tenis-moldura-de-una-piezaunisexincluido-bolsa-de-tenis-1-grip-1-amortiguadores","status":"publish","type":"product","link":"https:\/\/futllermo.com\/tienda\/producto\/senston-raqueta-de-tenis-moldura-de-una-piezaunisexincluido-bolsa-de-tenis-1-grip-1-amortiguadores\/","title":{"rendered":"Senston Raqueta de Tenis Moldura de Una Pieza,Unisex,Incluido Bolsa de Tenis\/1 Grip\/1 Amortiguadores\u2026"},"content":{"rendered":"<p>\u2605 PAR\u00c1METROS DE LA Raqueta &#8211; Longitud: 27 pulgadas (685 mm) \/ Tama\u00f1o de la cabeza: 645 cm\u00b2, le proporciona el punto dulce ancho \/ Cuerda: 16&#215;19.<br \/>\n\u2605 ADECUADO para: buena idea para principiantes o jugadores recreativos adultos. Una amplia gama de colores atractivos y atractivos garantiza las necesidades de todos los hombres y mujeres.<br \/>\n\u2605 LIGERO &#8211; Raqueta hecha de aluminio (270 g sin cuerda), que es liviana y f\u00e1cil de sostener y balancear, te brinda una pr\u00e1ctica experiencia deportiva.<br \/>\n\u2605 DISE\u00d1O ESPECIAL &#8211; Con la introducci\u00f3n de una tecnolog\u00eda moldeada de una pieza, la raqueta de tenis tiene la caracter\u00edstica de alta intensidad y durabilidad. No solo combina una buena aceleraci\u00f3n de golpe, sino que tambi\u00e9n proporciona un control de golpe suficiente.<br \/>\n\u2605 Alto rendimiento de costos: el paquete incluye 1 raqueta de tenis, con 1x funda protectora de calidad premium, 1x sobregrip (color aleatorio), 1x amortiguador de vibraci\u00f3n (color aleatorio).<\/p>\n","protected":false},"excerpt":{"rendered":"<p>\u2605 PAR\u00c1METROS DE LA Raqueta &#8211; Longitud: 27 pulgadas (685 mm) \/ Tama\u00f1o de la cabeza: 645 cm\u00b2, le proporciona el punto dulce ancho \/ Cuerda: 16&#215;19.<br \/>\n\u2605 ADECUADO para: buena idea para principiantes o jugadores recreativos adultos. Una amplia gama de colores atractivos y atractivos garantiza las necesidades de todos los hombres y mujeres.<br \/>\n\u2605 LIGERO &#8211; Raqueta hecha de aluminio (270 g sin cuerda), que es liviana y f\u00e1cil de sostener y balancear, te brinda una pr\u00e1ctica experiencia deportiva.<\/p>\n","protected":false},"featured_media":81178,"comment_status":"open","ping_status":"closed","template":"","meta":{"_kadence_starter_templates_imported_post":false,"_kad_post_transparent":"","_kad_post_title":"","_kad_post_layout":"","_kad_post_sidebar_id":"","_kad_post_content_style":"","_kad_post_vertical_padding":"","_kad_post_feature":"","_kad_post_feature_position":"","_kad_post_header":false,"_kad_post_footer":false},"product_brand":[],"product_cat":[423,422],"product_tag":[],"class_list":{"0":"post-81177","1":"product","2":"type-product","3":"status-publish","4":"has-post-thumbnail","6":"product_cat-raquetas-de-tenis","7":"product_cat-tenis","8":"pa_brand-visita-la-store-de-senston","10":"first","11":"instock","12":"shipping-taxable","13":"purchasable","14":"product-type-simple","15":"entry","16":"content-bg","17":"loop-entry"},"_links":{"self":[{"href":"https:\/\/futllermo.com\/tienda\/wp-json\/wp\/v2\/product\/81177","targetHints":{"allow":["GET"]}}],"collection":[{"href":"https:\/\/futllermo.com\/tienda\/wp-json\/wp\/v2\/product"}],"about":[{"href":"https:\/\/futllermo.com\/tienda\/wp-json\/wp\/v2\/types\/product"}],"replies":[{"embeddable":true,"href":"https:\/\/futllermo.com\/tienda\/wp-json\/wp\/v2\/comments?post=81177"}],"wp:featuredmedia":[{"embeddable":true,"href":"https:\/\/futllermo.com\/tienda\/wp-json\/wp\/v2\/media\/81178"}],"wp:attachment":[{"href":"https:\/\/futllermo.com\/tienda\/wp-json\/wp\/v2\/media?parent=81177"}],"wp:term":[{"taxonomy":"product_brand","embeddable":true,"href":"https:\/\/futllermo.com\/tienda\/wp-json\/wp\/v2\/product_brand?post=81177"},{"taxonomy":"product_cat","embeddable":true,"href":"https:\/\/futllermo.com\/tienda\/wp-json\/wp\/v2\/product_cat?post=81177"},{"taxonomy":"product_tag","embeddable":true,"href":"https:\/\/futllermo.com\/tienda\/wp-json\/wp\/v2\/product_tag?post=81177"}],"curies":[{"name":"wp","href":"https:\/\/api.w.org\/{rel}","templated":true}]}}