{"id":81172,"date":"2021-01-11T12:28:38","date_gmt":"2021-01-11T12:28:38","guid":{"rendered":"https:\/\/futllermo.com\/tienda\/producto\/head-radical-27-raqueta-de-tenis-para-adultos-unisex-adulto-raqueta-de-tenis-232909s20-gris-y-naranja-grip-2-4-1-4-inch\/"},"modified":"2022-01-13T09:55:21","modified_gmt":"2022-01-13T09:55:21","slug":"head-radical-27-raqueta-de-tenis-para-adultos-unisex-adulto-raqueta-de-tenis-232909s20-gris-y-naranja-grip-2-4-1-4-inch","status":"publish","type":"product","link":"https:\/\/futllermo.com\/tienda\/producto\/head-radical-27-raqueta-de-tenis-para-adultos-unisex-adulto-raqueta-de-tenis-232909s20-gris-y-naranja-grip-2-4-1-4-inch\/","title":{"rendered":"Head Radical 27 &#8211; Raqueta de Tenis para Adultos, Unisex Adulto, Raqueta de Tenis, 232909S20, Gris y Naranja, Grip 2: 4 1\u2026"},"content":{"rendered":"<p><!-- show up to 2 reviews by default --> <\/p>\n<p>La raqueta de tenis Radical de aluminio para adultos de 27 pulgadas de la marca l\u00edder de deportes de raqueta, Head es ideal para aquellos que buscan jugar y disfrutar del tenis recreativo con una raqueta duradera dise\u00f1ada para ayudar con la potencia y el control. Las caracter\u00edsticas adicionales incluyen un inserto de tecnolog\u00eda Damp + para amortiguaci\u00f3n de vibraciones extra y una cubierta para la cabeza con una correa de hombro ajustable para protecci\u00f3n y f\u00e1cil transporte. Disponible en empu\u00f1aduras 1, 2, 3 y 4. <\/p>\n<p>Construcci\u00f3n de aluminio para mayor durabilidad y potencia.<br \/>\nHumedad + tecnolog\u00eda para amortiguaci\u00f3n adicional de vibraci\u00f3n.<br \/>\nIncluye funda para la cabeza y correa ajustable para el hombro.<\/p>\n","protected":false},"excerpt":{"rendered":"<p>Construcci\u00f3n de aluminio para mayor durabilidad y potencia.<br \/>\nHumedad + tecnolog\u00eda para amortiguaci\u00f3n adicional de vibraci\u00f3n.<br \/>\nIncluye funda para la cabeza y correa ajustable para el hombro.<\/p>\n","protected":false},"featured_media":81173,"comment_status":"open","ping_status":"closed","template":"","meta":{"_kadence_starter_templates_imported_post":false,"_kad_post_transparent":"","_kad_post_title":"","_kad_post_layout":"","_kad_post_sidebar_id":"","_kad_post_content_style":"","_kad_post_vertical_padding":"","_kad_post_feature":"","_kad_post_feature_position":"","_kad_post_header":false,"_kad_post_footer":false},"product_brand":[],"product_cat":[423,422],"product_tag":[],"class_list":{"0":"post-81172","1":"product","2":"type-product","3":"status-publish","4":"has-post-thumbnail","6":"product_cat-raquetas-de-tenis","7":"product_cat-tenis","8":"pa_brand-marca-headgear","10":"first","11":"instock","12":"shipping-taxable","13":"purchasable","14":"product-type-simple","15":"entry","16":"content-bg","17":"loop-entry"},"_links":{"self":[{"href":"https:\/\/futllermo.com\/tienda\/wp-json\/wp\/v2\/product\/81172","targetHints":{"allow":["GET"]}}],"collection":[{"href":"https:\/\/futllermo.com\/tienda\/wp-json\/wp\/v2\/product"}],"about":[{"href":"https:\/\/futllermo.com\/tienda\/wp-json\/wp\/v2\/types\/product"}],"replies":[{"embeddable":true,"href":"https:\/\/futllermo.com\/tienda\/wp-json\/wp\/v2\/comments?post=81172"}],"wp:featuredmedia":[{"embeddable":true,"href":"https:\/\/futllermo.com\/tienda\/wp-json\/wp\/v2\/media\/81173"}],"wp:attachment":[{"href":"https:\/\/futllermo.com\/tienda\/wp-json\/wp\/v2\/media?parent=81172"}],"wp:term":[{"taxonomy":"product_brand","embeddable":true,"href":"https:\/\/futllermo.com\/tienda\/wp-json\/wp\/v2\/product_brand?post=81172"},{"taxonomy":"product_cat","embeddable":true,"href":"https:\/\/futllermo.com\/tienda\/wp-json\/wp\/v2\/product_cat?post=81172"},{"taxonomy":"product_tag","embeddable":true,"href":"https:\/\/futllermo.com\/tienda\/wp-json\/wp\/v2\/product_tag?post=81172"}],"curies":[{"name":"wp","href":"https:\/\/api.w.org\/{rel}","templated":true}]}}