{"id":81163,"date":"2021-01-11T12:28:28","date_gmt":"2021-01-11T12:28:28","guid":{"rendered":"https:\/\/futllermo.com\/tienda\/producto\/tecnifibre-t-fight-320-xtc-raqueta-de-tenis-unisex-para-adulto\/"},"modified":"2022-01-13T09:55:20","modified_gmt":"2022-01-13T09:55:20","slug":"tecnifibre-t-fight-320-xtc-raqueta-de-tenis-unisex-para-adulto","status":"publish","type":"product","link":"https:\/\/futllermo.com\/tienda\/producto\/tecnifibre-t-fight-320-xtc-raqueta-de-tenis-unisex-para-adulto\/","title":{"rendered":"Tecnifibre T- Fight 320 XTC &#8211; Raqueta de Tenis Unisex para Adulto"},"content":{"rendered":"<p><!-- show up to 2 reviews by default --> <\/p>\n<p>Tecnifibre ha actualizado uno de sus marcos de jugadores m\u00e1s destacados del mercado en el Tecnifibre T-Fight 320 XTC Tennis Racquet. Ahora un socio con Lacoste, el aspecto de las T-Fights tiene un aspecto decididamente elegante. Las nuevas T-Fights incorporan Xtreme Touch Construction, mezcla de grafito, aleaci\u00f3n y fibras de poli\u00e9ster para aumentar la resistencia del marco y permitir una mayor flexibilidad. Dynacore HD vuelve para proporcionar una sensaci\u00f3n suave sin sacrificar la potencia. Tecnifibre ha mejorado sus ojales EZ Lock+ para hacer que los agujeros de amarre duren m\u00e1s tiempo, y la recuerda m\u00e1s f\u00e1cil. Los ojales de la espalda de caballo se actualizan para reducir la rotura de la cuerda en golpes fuera del centro, y la gorra de armadura (protector de cabeza) aumenta la protecci\u00f3n en un 40% sin a\u00f1adir peso. La 320 ofrece una estabilidad s\u00f3lida con un poco menos de 12 oz de cuerda. La cabeza de 98 pulgadas y el patr\u00f3n de cuerda de 18 x 19 pulgadas proporcionan un mont\u00f3n de control, y el equilibrio de los faros garantiza una velocidad de giro r\u00e1pido y acceso a la giro. <\/p>\n<p>Tecnifibre ha actualizado uno de sus marcos de jugadores m\u00e1s destacados del mercado en la raqueta de tenis Tecnifibre T-Fight 320 XTC.<br \/>\nConstrucci\u00f3n Xtreme Touch.<br \/>\nGorra de armadura<br \/>\nEZ Lock+<br \/>\nTama\u00f1o (ver descripci\u00f3n) | Color &#8211; (ver descripci\u00f3n)<\/p>\n","protected":false},"excerpt":{"rendered":"<p>Tecnifibre ha actualizado uno de sus marcos de jugadores m\u00e1s destacados del mercado en la raqueta de tenis Tecnifibre T-Fight 320 XTC.<br \/>\nConstrucci\u00f3n Xtreme Touch.<br \/>\nGorra de armadura<\/p>\n","protected":false},"featured_media":81164,"comment_status":"open","ping_status":"closed","template":"","meta":{"_kadence_starter_templates_imported_post":false,"_kad_post_transparent":"","_kad_post_title":"","_kad_post_layout":"","_kad_post_sidebar_id":"","_kad_post_content_style":"","_kad_post_vertical_padding":"","_kad_post_feature":"","_kad_post_feature_position":"","_kad_post_header":false,"_kad_post_footer":false},"product_brand":[],"product_cat":[423,422],"product_tag":[],"class_list":{"0":"post-81163","1":"product","2":"type-product","3":"status-publish","4":"has-post-thumbnail","6":"product_cat-raquetas-de-tenis","7":"product_cat-tenis","8":"pa_brand-marca-tecnifibre","10":"first","11":"instock","12":"shipping-taxable","13":"purchasable","14":"product-type-simple","15":"entry","16":"content-bg","17":"loop-entry"},"_links":{"self":[{"href":"https:\/\/futllermo.com\/tienda\/wp-json\/wp\/v2\/product\/81163","targetHints":{"allow":["GET"]}}],"collection":[{"href":"https:\/\/futllermo.com\/tienda\/wp-json\/wp\/v2\/product"}],"about":[{"href":"https:\/\/futllermo.com\/tienda\/wp-json\/wp\/v2\/types\/product"}],"replies":[{"embeddable":true,"href":"https:\/\/futllermo.com\/tienda\/wp-json\/wp\/v2\/comments?post=81163"}],"wp:featuredmedia":[{"embeddable":true,"href":"https:\/\/futllermo.com\/tienda\/wp-json\/wp\/v2\/media\/81164"}],"wp:attachment":[{"href":"https:\/\/futllermo.com\/tienda\/wp-json\/wp\/v2\/media?parent=81163"}],"wp:term":[{"taxonomy":"product_brand","embeddable":true,"href":"https:\/\/futllermo.com\/tienda\/wp-json\/wp\/v2\/product_brand?post=81163"},{"taxonomy":"product_cat","embeddable":true,"href":"https:\/\/futllermo.com\/tienda\/wp-json\/wp\/v2\/product_cat?post=81163"},{"taxonomy":"product_tag","embeddable":true,"href":"https:\/\/futllermo.com\/tienda\/wp-json\/wp\/v2\/product_tag?post=81163"}],"curies":[{"name":"wp","href":"https:\/\/api.w.org\/{rel}","templated":true}]}}