{"id":81161,"date":"2021-01-11T12:28:24","date_gmt":"2021-01-11T12:28:24","guid":{"rendered":"https:\/\/futllermo.com\/tienda\/producto\/head-ig-challenge-pro-raqueta-de-tenis-unisex-adulto-blanco-negro-s10\/"},"modified":"2022-01-13T09:55:20","modified_gmt":"2022-01-13T09:55:20","slug":"head-ig-challenge-pro-raqueta-de-tenis-unisex-adulto-blanco-negro-s10","status":"publish","type":"product","link":"https:\/\/futllermo.com\/tienda\/producto\/head-ig-challenge-pro-raqueta-de-tenis-unisex-adulto-blanco-negro-s10\/","title":{"rendered":"HEAD IG Challenge Pro Raqueta de Tenis, Unisex Adulto, Blanco\/Negro, S10"},"content":{"rendered":"<p><!-- show up to 2 reviews by default --> <\/p>\n<p>Una raqueta ideal para el jugador de adultos recreativos y la mejora junior que busca un todoterreno, esta vers\u00e1til raqueta de tenis de grafito IG Challenge Pro de HEAD, l\u00edder en tecnolog\u00eda de raquetas de tenis, ofrece una potencia \u00f3ptima, control, sensaci\u00f3n y comodidad. Tambi\u00e9n cuenta con la tecnolog\u00eda HEAD Innegra dise\u00f1ada para reaccionar en contacto y distribuir golpes alrededor del marco. <\/p>\n<p>Grafito completo.<br \/>\nPeso: 295 g.<br \/>\nTama\u00f1o de la cabeza: 645 cm2.<br \/>\nPatr\u00f3n de cuerda: 16\/19.<\/p>\n","protected":false},"excerpt":{"rendered":"<p>Grafito completo.<br \/>\nPeso: 295 g.<br \/>\nTama\u00f1o de la cabeza: 645 cm2.<\/p>\n","protected":false},"featured_media":81162,"comment_status":"open","ping_status":"closed","template":"","meta":{"_kadence_starter_templates_imported_post":false,"_kad_post_transparent":"","_kad_post_title":"","_kad_post_layout":"","_kad_post_sidebar_id":"","_kad_post_content_style":"","_kad_post_vertical_padding":"","_kad_post_feature":"","_kad_post_feature_position":"","_kad_post_header":false,"_kad_post_footer":false},"product_brand":[],"product_cat":[423,422],"product_tag":[],"class_list":{"0":"post-81161","1":"product","2":"type-product","3":"status-publish","4":"has-post-thumbnail","6":"product_cat-raquetas-de-tenis","7":"product_cat-tenis","8":"pa_brand-visita-la-store-de-head","10":"first","11":"instock","12":"shipping-taxable","13":"purchasable","14":"product-type-simple","15":"entry","16":"content-bg","17":"loop-entry"},"_links":{"self":[{"href":"https:\/\/futllermo.com\/tienda\/wp-json\/wp\/v2\/product\/81161","targetHints":{"allow":["GET"]}}],"collection":[{"href":"https:\/\/futllermo.com\/tienda\/wp-json\/wp\/v2\/product"}],"about":[{"href":"https:\/\/futllermo.com\/tienda\/wp-json\/wp\/v2\/types\/product"}],"replies":[{"embeddable":true,"href":"https:\/\/futllermo.com\/tienda\/wp-json\/wp\/v2\/comments?post=81161"}],"wp:featuredmedia":[{"embeddable":true,"href":"https:\/\/futllermo.com\/tienda\/wp-json\/wp\/v2\/media\/81162"}],"wp:attachment":[{"href":"https:\/\/futllermo.com\/tienda\/wp-json\/wp\/v2\/media?parent=81161"}],"wp:term":[{"taxonomy":"product_brand","embeddable":true,"href":"https:\/\/futllermo.com\/tienda\/wp-json\/wp\/v2\/product_brand?post=81161"},{"taxonomy":"product_cat","embeddable":true,"href":"https:\/\/futllermo.com\/tienda\/wp-json\/wp\/v2\/product_cat?post=81161"},{"taxonomy":"product_tag","embeddable":true,"href":"https:\/\/futllermo.com\/tienda\/wp-json\/wp\/v2\/product_tag?post=81161"}],"curies":[{"name":"wp","href":"https:\/\/api.w.org\/{rel}","templated":true}]}}