{"id":81153,"date":"2021-01-11T12:28:19","date_gmt":"2021-01-11T12:28:19","guid":{"rendered":"https:\/\/futllermo.com\/tienda\/producto\/head-speed-25-raquetas-de-tenis-juventud-unisex-multicolor-8-10-anos\/"},"modified":"2022-01-13T09:55:20","modified_gmt":"2022-01-13T09:55:20","slug":"head-speed-25-raquetas-de-tenis-juventud-unisex-multicolor-8-10-anos","status":"publish","type":"product","link":"https:\/\/futllermo.com\/tienda\/producto\/head-speed-25-raquetas-de-tenis-juventud-unisex-multicolor-8-10-anos\/","title":{"rendered":"HEAD Speed 25 Raquetas de Tenis, Juventud Unisex, Multicolor, 8-10 a\u00f1os"},"content":{"rendered":"<p><!-- show up to 2 reviews by default --> <\/p>\n<p>La serie de raquetas j\u00fanior de head ayuda a los ni\u00f1os al empezar su emocionante camino jugando al tenis; la raqueta speed jr. 25 est\u00e1 hecha de un compuesto de grafito ligero y tiene un peso y caracter\u00edsticas perfectas para ni\u00f1os de entre 8 y 10 a\u00f1os que quieran jugar un d\u00eda como novak djokovic. <\/p>\n<p>La speed 25 da a los ni\u00f1os de entre 8 y 10 a\u00f1os una velocidad y un control perfectos para jugar como novak djokovic<br \/>\nTechnology: innegra, damp+<br \/>\nPeso: 240 g<br \/>\nTama\u00f1o de la cabeza: 645 cm\u00b2<br \/>\nPatr\u00f3n de cuerdas: 16\/19<\/p>\n","protected":false},"excerpt":{"rendered":"<p>La speed 25 da a los ni\u00f1os de entre 8 y 10 a\u00f1os una velocidad y un control perfectos para jugar como novak djokovic<br \/>\nTechnology: innegra, damp+<br \/>\nPeso: 240 g<\/p>\n","protected":false},"featured_media":81154,"comment_status":"open","ping_status":"closed","template":"","meta":{"_kadence_starter_templates_imported_post":false,"_kad_post_transparent":"","_kad_post_title":"","_kad_post_layout":"","_kad_post_sidebar_id":"","_kad_post_content_style":"","_kad_post_vertical_padding":"","_kad_post_feature":"","_kad_post_feature_position":"","_kad_post_header":false,"_kad_post_footer":false},"product_brand":[],"product_cat":[423,422],"product_tag":[],"class_list":{"0":"post-81153","1":"product","2":"type-product","3":"status-publish","4":"has-post-thumbnail","6":"product_cat-raquetas-de-tenis","7":"product_cat-tenis","8":"pa_brand-visita-la-store-de-head","10":"first","11":"instock","12":"shipping-taxable","13":"purchasable","14":"product-type-simple","15":"entry","16":"content-bg","17":"loop-entry"},"_links":{"self":[{"href":"https:\/\/futllermo.com\/tienda\/wp-json\/wp\/v2\/product\/81153","targetHints":{"allow":["GET"]}}],"collection":[{"href":"https:\/\/futllermo.com\/tienda\/wp-json\/wp\/v2\/product"}],"about":[{"href":"https:\/\/futllermo.com\/tienda\/wp-json\/wp\/v2\/types\/product"}],"replies":[{"embeddable":true,"href":"https:\/\/futllermo.com\/tienda\/wp-json\/wp\/v2\/comments?post=81153"}],"wp:featuredmedia":[{"embeddable":true,"href":"https:\/\/futllermo.com\/tienda\/wp-json\/wp\/v2\/media\/81154"}],"wp:attachment":[{"href":"https:\/\/futllermo.com\/tienda\/wp-json\/wp\/v2\/media?parent=81153"}],"wp:term":[{"taxonomy":"product_brand","embeddable":true,"href":"https:\/\/futllermo.com\/tienda\/wp-json\/wp\/v2\/product_brand?post=81153"},{"taxonomy":"product_cat","embeddable":true,"href":"https:\/\/futllermo.com\/tienda\/wp-json\/wp\/v2\/product_cat?post=81153"},{"taxonomy":"product_tag","embeddable":true,"href":"https:\/\/futllermo.com\/tienda\/wp-json\/wp\/v2\/product_tag?post=81153"}],"curies":[{"name":"wp","href":"https:\/\/api.w.org\/{rel}","templated":true}]}}