{"id":81146,"date":"2021-01-11T12:28:10","date_gmt":"2021-01-11T12:28:10","guid":{"rendered":"https:\/\/futllermo.com\/tienda\/producto\/wilson-clash-raqueta-junior-de-tenis\/"},"modified":"2022-01-13T09:55:18","modified_gmt":"2022-01-13T09:55:18","slug":"wilson-clash-raqueta-junior-de-tenis","status":"publish","type":"product","link":"https:\/\/futllermo.com\/tienda\/producto\/wilson-clash-raqueta-junior-de-tenis\/","title":{"rendered":"Wilson Clash Raqueta j\u00fanior de tenis"},"content":{"rendered":"<div class=\"disclaim\"> Nombre de estilo:<strong>9 o 10 a\u00f1os<\/strong> <\/div>\n<p> <!-- show up to 2 reviews by default --> <\/p>\n<p>Raqueta de tenis para ni\u00f1os de entre 9 y 10 a\u00f1os de la serie Clash de Wilson con su geometr\u00eda y sensaci\u00f3n distintas &#8211; Marco con FeelFlex, tecnolog\u00eda propia de Wilson de colocaci\u00f3n estrat\u00e9gica carbono, que proporciona flexibilidad para un control y contacto con la pelota \u00f3ptimos &#8211; Tecnolog\u00eda StableSmart: geometr\u00eda del marco distinta que le confiere mayor flexibilidad para mejorar la estabilidad, potencia y precisi\u00f3n de cada golpe &#8211; Cordaje anclado al marco mediante la tecnolog\u00eda Parallel Drilling para un rendimiento prolongado, Patr\u00f3n del cordaje: 16 x 19 &#8211; Contenido: 1x Raqueta de tenis para ni\u00f1os Clash 25 de Wilson, Edad: entre 9 y 10 a\u00f1os, Longitud: 63,5 cm, Cabeza: 645,2 cm2, Peso (sin cordaje): 240 g, Material: grafito, Negro\/gris\/rojo, WR016210U. <\/p>\n<p>Raqueta de tenis para ni\u00f1os de entre 9 y 10 a\u00f1os de la serie Clash de Wilson con su geometr\u00eda y sensaci\u00f3n \u00fanicas<br \/>\nMarco con FeelFlex, tecnolog\u00eda propia de Wilson de colocaci\u00f3n estrat\u00e9gica carbono, que proporciona flexibilidad para un control y contacto con la pelota \u00f3ptimos<br \/>\nTecnolog\u00eda StableSmart: geometr\u00eda del marco \u00fanica que le confiere mayor flexibilidad para mejorar la estabilidad, potencia y precisi\u00f3n de cada golpe<br \/>\nCordaje anclado al marco mediante la tecnolog\u00eda Parallel Drilling para un rendimiento prolongado, Patr\u00f3n del cordaje: 16 x 19<br \/>\nContenido: 1x Raqueta de tenis para ni\u00f1os Clash 25 de Wilson, Edad: entre 9 y 10 a\u00f1os, Longitud: 63,5 cm, Cabeza: 645,2 cm2, Peso (sin cordaje): 240 g, Material: grafito, Negro\/gris\/rojo, WR016210U<\/p>\n","protected":false},"excerpt":{"rendered":"<p>Raqueta de tenis para ni\u00f1os de entre 9 y 10 a\u00f1os de la serie Clash de Wilson con su geometr\u00eda y sensaci\u00f3n \u00fanicas<br \/>\nMarco con FeelFlex, tecnolog\u00eda propia de Wilson de colocaci\u00f3n estrat\u00e9gica carbono, que proporciona flexibilidad para un control y contacto con la pelota \u00f3ptimos<br \/>\nTecnolog\u00eda StableSmart: geometr\u00eda del marco \u00fanica que le confiere mayor flexibilidad para mejorar la estabilidad, potencia y precisi\u00f3n de cada golpe<\/p>\n","protected":false},"featured_media":81147,"comment_status":"open","ping_status":"closed","template":"","meta":{"_kadence_starter_templates_imported_post":false,"_kad_post_transparent":"","_kad_post_title":"","_kad_post_layout":"","_kad_post_sidebar_id":"","_kad_post_content_style":"","_kad_post_vertical_padding":"","_kad_post_feature":"","_kad_post_feature_position":"","_kad_post_header":false,"_kad_post_footer":false},"product_brand":[],"product_cat":[423,422],"product_tag":[],"class_list":{"0":"post-81146","1":"product","2":"type-product","3":"status-publish","4":"has-post-thumbnail","6":"product_cat-raquetas-de-tenis","7":"product_cat-tenis","8":"pa_brand-visita-la-store-de-wilson","10":"first","11":"instock","12":"shipping-taxable","13":"purchasable","14":"product-type-simple","15":"entry","16":"content-bg","17":"loop-entry"},"_links":{"self":[{"href":"https:\/\/futllermo.com\/tienda\/wp-json\/wp\/v2\/product\/81146","targetHints":{"allow":["GET"]}}],"collection":[{"href":"https:\/\/futllermo.com\/tienda\/wp-json\/wp\/v2\/product"}],"about":[{"href":"https:\/\/futllermo.com\/tienda\/wp-json\/wp\/v2\/types\/product"}],"replies":[{"embeddable":true,"href":"https:\/\/futllermo.com\/tienda\/wp-json\/wp\/v2\/comments?post=81146"}],"wp:featuredmedia":[{"embeddable":true,"href":"https:\/\/futllermo.com\/tienda\/wp-json\/wp\/v2\/media\/81147"}],"wp:attachment":[{"href":"https:\/\/futllermo.com\/tienda\/wp-json\/wp\/v2\/media?parent=81146"}],"wp:term":[{"taxonomy":"product_brand","embeddable":true,"href":"https:\/\/futllermo.com\/tienda\/wp-json\/wp\/v2\/product_brand?post=81146"},{"taxonomy":"product_cat","embeddable":true,"href":"https:\/\/futllermo.com\/tienda\/wp-json\/wp\/v2\/product_cat?post=81146"},{"taxonomy":"product_tag","embeddable":true,"href":"https:\/\/futllermo.com\/tienda\/wp-json\/wp\/v2\/product_tag?post=81146"}],"curies":[{"name":"wp","href":"https:\/\/api.w.org\/{rel}","templated":true}]}}