{"id":81142,"date":"2021-01-11T12:28:06","date_gmt":"2021-01-11T12:28:06","guid":{"rendered":"https:\/\/futllermo.com\/tienda\/producto\/wilson-pro-staff-precision-100-raqueta-de-tennis-unisex-adulto\/"},"modified":"2022-01-13T09:53:33","modified_gmt":"2022-01-13T09:53:33","slug":"wilson-pro-staff-precision-100-raqueta-de-tennis-unisex-adulto","status":"publish","type":"product","link":"https:\/\/futllermo.com\/tienda\/producto\/wilson-pro-staff-precision-100-raqueta-de-tennis-unisex-adulto\/","title":{"rendered":"Wilson Pro Staff Precision 100 Raqueta de Tennis, Unisex Adulto"},"content":{"rendered":"<p><!-- show up to 2 reviews by default --> <\/p>\n<p>Wilson Pro Staff, Precision 100. Raqueta de tenis para jugadores intermedios; marco de basalto y carbono; el sistema de peso perimetral mejora la estabilidad de torsi\u00f3n; Cushion-Aire Grip para un agarre c\u00f3modo; imagen de cordaje: 16\/19; tama\u00f1o de la cabeza: aprox. 645 cm\u00b2. Longitud: aprox. 686 mm. Punto de equilibrio: 330 mm. <\/p>\n<p>Wilson Pro Staff Precision 100 &#8211; Raqueta de tenis para jugadores intermedios avanzados que buscan golpeos precisos<br \/>\nMaterial ligero de basalto\/carbono para reducir las vibraciones para una mejor sensaci\u00f3n<br \/>\nPWS \u2013 Per\u00edmetro de peso para un equilibrio \u00f3ptimo y una rigidez de torsi\u00f3n \u00f3ptima, con cordaje, equilibrio de agarre (33 cm)<br \/>\nEmpu\u00f1adura Cushion Air con banda perforada para un agarre c\u00f3modo y una absorci\u00f3n \u00f3ptima del sudor, dise\u00f1o atractivo, patr\u00f3n de cordaje: 16 x 19 cm<br \/>\nContenido del env\u00edo: 1 raqueta de tenis Wilson Pro Staff Precision 100, fibra de carbono\/basalto, tama\u00f1o de la cabeza: 645 cm\u00b2, longitud: 68,58 cm, peso: 321 g, grosor del mango: 1, cordaje, negro, WR019010U1<\/p>\n","protected":false},"excerpt":{"rendered":"<p>Wilson Pro Staff Precision 100 &#8211; Raqueta de tenis para jugadores intermedios avanzados que buscan golpeos precisos<br \/>\nMaterial ligero de basalto\/carbono para reducir las vibraciones para una mejor sensaci\u00f3n<br \/>\nPWS \u2013 Per\u00edmetro de peso para un equilibrio \u00f3ptimo y una rigidez de torsi\u00f3n \u00f3ptima, con cordaje, equilibrio de agarre (33 cm)<\/p>\n","protected":false},"featured_media":81143,"comment_status":"open","ping_status":"closed","template":"","meta":{"_kadence_starter_templates_imported_post":false,"_kad_post_transparent":"","_kad_post_title":"","_kad_post_layout":"","_kad_post_sidebar_id":"","_kad_post_content_style":"","_kad_post_vertical_padding":"","_kad_post_feature":"","_kad_post_feature_position":"","_kad_post_header":false,"_kad_post_footer":false},"product_brand":[],"product_cat":[423,422],"product_tag":[],"class_list":{"0":"post-81142","1":"product","2":"type-product","3":"status-publish","4":"has-post-thumbnail","6":"product_cat-raquetas-de-tenis","7":"product_cat-tenis","8":"pa_brand-visita-la-store-de-wilson","10":"first","11":"instock","12":"shipping-taxable","13":"purchasable","14":"product-type-simple","15":"entry","16":"content-bg","17":"loop-entry"},"_links":{"self":[{"href":"https:\/\/futllermo.com\/tienda\/wp-json\/wp\/v2\/product\/81142","targetHints":{"allow":["GET"]}}],"collection":[{"href":"https:\/\/futllermo.com\/tienda\/wp-json\/wp\/v2\/product"}],"about":[{"href":"https:\/\/futllermo.com\/tienda\/wp-json\/wp\/v2\/types\/product"}],"replies":[{"embeddable":true,"href":"https:\/\/futllermo.com\/tienda\/wp-json\/wp\/v2\/comments?post=81142"}],"wp:featuredmedia":[{"embeddable":true,"href":"https:\/\/futllermo.com\/tienda\/wp-json\/wp\/v2\/media\/81143"}],"wp:attachment":[{"href":"https:\/\/futllermo.com\/tienda\/wp-json\/wp\/v2\/media?parent=81142"}],"wp:term":[{"taxonomy":"product_brand","embeddable":true,"href":"https:\/\/futllermo.com\/tienda\/wp-json\/wp\/v2\/product_brand?post=81142"},{"taxonomy":"product_cat","embeddable":true,"href":"https:\/\/futllermo.com\/tienda\/wp-json\/wp\/v2\/product_cat?post=81142"},{"taxonomy":"product_tag","embeddable":true,"href":"https:\/\/futllermo.com\/tienda\/wp-json\/wp\/v2\/product_tag?post=81142"}],"curies":[{"name":"wp","href":"https:\/\/api.w.org\/{rel}","templated":true}]}}