{"id":81139,"date":"2021-01-11T12:28:04","date_gmt":"2021-01-11T12:28:04","guid":{"rendered":"https:\/\/futllermo.com\/tienda\/producto\/head-maria-17-raqueta-de-tenis-juventud-unisex-multicolor-2-3-anos\/"},"modified":"2022-01-13T09:53:33","modified_gmt":"2022-01-13T09:53:33","slug":"head-maria-17-raqueta-de-tenis-juventud-unisex-multicolor-2-3-anos","status":"publish","type":"product","link":"https:\/\/futllermo.com\/tienda\/producto\/head-maria-17-raqueta-de-tenis-juventud-unisex-multicolor-2-3-anos\/","title":{"rendered":"HEAD Raqueta de tenis unisex para j\u00f3venes"},"content":{"rendered":"<p><!-- show up to 2 reviews by default --> <\/p>\n<p>La Maria 17 recibe su nombre de Maria Sharapova, y es la raqueta perfecta para ni\u00f1as de entre 2 y 3 a\u00f1os que quieran probar el tenis por primera vez. Incluye la exclusiva inserci\u00f3n antivibradora Damp+ que a\u00edsla el impacto para reducir la vibraci\u00f3n. La raqueta presenta un dise\u00f1o inspirado en los cuentos de hadas en un azul claro precioso que har\u00e1 que el coraz\u00f3n de cada ni\u00f1a se acelere un poco. La tarjeta superior de la raqueta tambi\u00e9n se puede usar como m\u00e1scara de animal e incluye pegatinas para un poc <\/p>\n<p>La Maria 17 es perfecta para las ni\u00f1as de entre 2 y 3 a\u00f1os que quieran probar el tenis por primera vez<br \/>\nTechnology: Damp+<br \/>\nPeso: 160 g<br \/>\nTama\u00f1o de la cabeza: 400 cm\u00b2<br \/>\nPatr\u00f3n de cuerdas: 14\/15<\/p>\n","protected":false},"excerpt":{"rendered":"<p>La Maria 17 es perfecta para las ni\u00f1as de entre 2 y 3 a\u00f1os que quieran probar el tenis por primera vez<br \/>\nTechnology: Damp+<br \/>\nPeso: 160 g<\/p>\n","protected":false},"featured_media":81140,"comment_status":"open","ping_status":"closed","template":"","meta":{"_kadence_starter_templates_imported_post":false,"_kad_post_transparent":"","_kad_post_title":"","_kad_post_layout":"","_kad_post_sidebar_id":"","_kad_post_content_style":"","_kad_post_vertical_padding":"","_kad_post_feature":"","_kad_post_feature_position":"","_kad_post_header":false,"_kad_post_footer":false},"product_brand":[],"product_cat":[423,422],"product_tag":[],"class_list":{"0":"post-81139","1":"product","2":"type-product","3":"status-publish","4":"has-post-thumbnail","6":"product_cat-raquetas-de-tenis","7":"product_cat-tenis","8":"pa_brand-visita-la-store-de-head","10":"first","11":"instock","12":"shipping-taxable","13":"purchasable","14":"product-type-simple","15":"entry","16":"content-bg","17":"loop-entry"},"_links":{"self":[{"href":"https:\/\/futllermo.com\/tienda\/wp-json\/wp\/v2\/product\/81139","targetHints":{"allow":["GET"]}}],"collection":[{"href":"https:\/\/futllermo.com\/tienda\/wp-json\/wp\/v2\/product"}],"about":[{"href":"https:\/\/futllermo.com\/tienda\/wp-json\/wp\/v2\/types\/product"}],"replies":[{"embeddable":true,"href":"https:\/\/futllermo.com\/tienda\/wp-json\/wp\/v2\/comments?post=81139"}],"wp:featuredmedia":[{"embeddable":true,"href":"https:\/\/futllermo.com\/tienda\/wp-json\/wp\/v2\/media\/81140"}],"wp:attachment":[{"href":"https:\/\/futllermo.com\/tienda\/wp-json\/wp\/v2\/media?parent=81139"}],"wp:term":[{"taxonomy":"product_brand","embeddable":true,"href":"https:\/\/futllermo.com\/tienda\/wp-json\/wp\/v2\/product_brand?post=81139"},{"taxonomy":"product_cat","embeddable":true,"href":"https:\/\/futllermo.com\/tienda\/wp-json\/wp\/v2\/product_cat?post=81139"},{"taxonomy":"product_tag","embeddable":true,"href":"https:\/\/futllermo.com\/tienda\/wp-json\/wp\/v2\/product_tag?post=81139"}],"curies":[{"name":"wp","href":"https:\/\/api.w.org\/{rel}","templated":true}]}}