{"id":81131,"date":"2021-01-11T12:27:58","date_gmt":"2021-01-11T12:27:58","guid":{"rendered":"https:\/\/futllermo.com\/tienda\/producto\/yimore-raquetas-de-tenis-badminton-con-bolas-juguete-para-ninos-3-en-1-juego-de-deporte-playa-al-aire-libre-rojo\/"},"modified":"2022-01-13T09:53:33","modified_gmt":"2022-01-13T09:53:33","slug":"yimore-raquetas-de-tenis-badminton-con-bolas-juguete-para-ninos-3-en-1-juego-de-deporte-playa-al-aire-libre-rojo","status":"publish","type":"product","link":"https:\/\/futllermo.com\/tienda\/producto\/yimore-raquetas-de-tenis-badminton-con-bolas-juguete-para-ninos-3-en-1-juego-de-deporte-playa-al-aire-libre-rojo\/","title":{"rendered":"YIMORE Raquetas de Tenis B\u00e1dminton con Bolas Juguete para Ni\u00f1os &#8211; 3 en 1 Juego de Deporte Playa al Aire Libre (Rojo)"},"content":{"rendered":"<div class=\"disclaim\"> Color:<strong>Rojo<\/strong> <\/div>\n<p> <!-- show up to 2 reviews by default --> <\/p>\n<p>Raquetas de tenis b\u00e1dminton con bolas Juguete para ni\u00f1os &#8211; 3 en 1 Juego de deporte Playa al Aire Libre (Rojo) <\/p>\n<p>Material: pl\u00e1stico e tela. Raqueta tama\u00f1o: 55 x 27cm.<br \/>\nContenido: 2 raqueta ,1 b\u00e1dminton, 1 La bola PU e 1 pelota de plastico.<br \/>\nMango suave envuelto y antideslizante dise\u00f1ado lo hace c\u00f3modo para sus hijos.<br \/>\nPerfeccione para el juego del padre-ni\u00f1o y las raquetas que aprenden a principiantes.<br \/>\nApto para ni\u00f1os mayores de 3 a\u00f1os. Gran regalo para los ni\u00f1os.<\/p>\n","protected":false},"excerpt":{"rendered":"<p>Material: pl\u00e1stico e tela. Raqueta tama\u00f1o: 55 x 27cm.<br \/>\nContenido: 2 raqueta ,1 b\u00e1dminton, 1 La bola PU e 1 pelota de plastico.<br \/>\nMango suave envuelto y antideslizante dise\u00f1ado lo hace c\u00f3modo para sus hijos.<\/p>\n","protected":false},"featured_media":81132,"comment_status":"open","ping_status":"closed","template":"","meta":{"_kadence_starter_templates_imported_post":false,"_kad_post_transparent":"","_kad_post_title":"","_kad_post_layout":"","_kad_post_sidebar_id":"","_kad_post_content_style":"","_kad_post_vertical_padding":"","_kad_post_feature":"","_kad_post_feature_position":"","_kad_post_header":false,"_kad_post_footer":false},"product_brand":[],"product_cat":[423,422],"product_tag":[],"class_list":{"0":"post-81131","1":"product","2":"type-product","3":"status-publish","4":"has-post-thumbnail","6":"product_cat-raquetas-de-tenis","7":"product_cat-tenis","8":"pa_brand-marca-yimore","9":"pa_clasificacion-en-los-mas-vend-no36593-en-deportes-y-aire-libre-ver-el-top-100-en-deportes-y-aire-libre-no59-en-raquetas-de-tenis","10":"pa_color-rojo","11":"pa_dimensiones-del-paquete-57-x-26-x-5-cm-280-gramos","12":"pa_incluye-baterias-no","13":"pa_mando-a-distancia-incluido-no","14":"pa_manufacturer-recommended-age-3-anos-y-mas","15":"pa_montaje-necesario-no","16":"pa_necesita-baterias-no","17":"pa_peso-del-producto-280-g","18":"pa_producto-en-amazon-es-desde-7-junio-2018","19":"pa_restricciones-de-envio-este-producto-se-puede-enviar-a-espana-y-a-otros-paises-seleccionados","20":"pa_valoracion-media-de-los-clien-40-de-5-estrellas-108-valoraciones-40-de-5-estrellas","22":"first","23":"instock","24":"shipping-taxable","25":"purchasable","26":"product-type-simple","27":"entry","28":"content-bg","29":"loop-entry"},"_links":{"self":[{"href":"https:\/\/futllermo.com\/tienda\/wp-json\/wp\/v2\/product\/81131","targetHints":{"allow":["GET"]}}],"collection":[{"href":"https:\/\/futllermo.com\/tienda\/wp-json\/wp\/v2\/product"}],"about":[{"href":"https:\/\/futllermo.com\/tienda\/wp-json\/wp\/v2\/types\/product"}],"replies":[{"embeddable":true,"href":"https:\/\/futllermo.com\/tienda\/wp-json\/wp\/v2\/comments?post=81131"}],"wp:featuredmedia":[{"embeddable":true,"href":"https:\/\/futllermo.com\/tienda\/wp-json\/wp\/v2\/media\/81132"}],"wp:attachment":[{"href":"https:\/\/futllermo.com\/tienda\/wp-json\/wp\/v2\/media?parent=81131"}],"wp:term":[{"taxonomy":"product_brand","embeddable":true,"href":"https:\/\/futllermo.com\/tienda\/wp-json\/wp\/v2\/product_brand?post=81131"},{"taxonomy":"product_cat","embeddable":true,"href":"https:\/\/futllermo.com\/tienda\/wp-json\/wp\/v2\/product_cat?post=81131"},{"taxonomy":"product_tag","embeddable":true,"href":"https:\/\/futllermo.com\/tienda\/wp-json\/wp\/v2\/product_tag?post=81131"}],"curies":[{"name":"wp","href":"https:\/\/api.w.org\/{rel}","templated":true}]}}