{"id":81126,"date":"2021-01-11T12:27:57","date_gmt":"2021-01-11T12:27:57","guid":{"rendered":"https:\/\/futllermo.com\/tienda\/producto\/wilson-roger-federer-raqueta-de-tennis-unisex-youth-black-red\/"},"modified":"2022-01-13T09:53:33","modified_gmt":"2022-01-13T09:53:33","slug":"wilson-roger-federer-raqueta-de-tennis-unisex-youth-black-red","status":"publish","type":"product","link":"https:\/\/futllermo.com\/tienda\/producto\/wilson-roger-federer-raqueta-de-tennis-unisex-youth-black-red\/","title":{"rendered":"Wilson Roger Federer Raqueta de Tennis, Unisex-Youth, Black\/Red"},"content":{"rendered":"<p><!-- show up to 2 reviews by default --> <\/p>\n<p>Raqueta de tenis para jugadores j\u00faniores de hasta 5 a\u00f1os, indicada para seguidores de Roger Federer. Fabricada con aleaci\u00f3n AirLite para un marco ligero. Marco dise\u00f1ado para ofrecer ligereza y estabilidad para los m\u00e1s j\u00f3venes. Dise\u00f1o cl\u00e1sico con elegantes detales en el marco a las 3 y a las 13. Protector en el marco para reducir los da\u00f1os por contacto y aumentar la vida \u00fatil de la raqueta, con cordaje. Contenido: 1\u00d7 raqueta de tenis Roger Federer 19 de Wilson, jugador j\u00fanior de tenis recreativo, aleaci\u00f3n AirLite, cabeza: 516 cm\u00b2, 175 g, 48.26 cm, negro y blanco, WR028610U. <\/p>\n<p>Raqueta de tenis para jugadores j\u00faniores de hasta 5 a\u00f1os; indicada para seguidores de Roger Federer<br \/>\nFabricada con aleaci\u00f3n AirLite para un marco ligero; marco dise\u00f1ado para ofrecer ligereza y estabilidad para los m\u00e1s j\u00f3venes<br \/>\nDise\u00f1o cl\u00e1sico con elegantes detales en el marco a las 3 y a las 13<br \/>\nProtector en el marco para reducir los da\u00f1os por contacto y aumentar la vida \u00fatil de la raqueta; con cordaje<br \/>\nContenido: 1\u00d7 raqueta de tenis Roger Federer 19 de Wilson, jugador j\u00fanior de tenis recreativo, aleaci\u00f3n AirLite, cabeza: 516 cm\u00b2, 175 g, 48.26 cm, negro y blanco, WR028610U<\/p>\n","protected":false},"excerpt":{"rendered":"<p>Raqueta de tenis para jugadores j\u00faniores de hasta 5 a\u00f1os; indicada para seguidores de Roger Federer<br \/>\nFabricada con aleaci\u00f3n AirLite para un marco ligero; marco dise\u00f1ado para ofrecer ligereza y estabilidad para los m\u00e1s j\u00f3venes<br \/>\nDise\u00f1o cl\u00e1sico con elegantes detales en el marco a las 3 y a las 13<\/p>\n","protected":false},"featured_media":81127,"comment_status":"open","ping_status":"closed","template":"","meta":{"_kadence_starter_templates_imported_post":false,"_kad_post_transparent":"","_kad_post_title":"","_kad_post_layout":"","_kad_post_sidebar_id":"","_kad_post_content_style":"","_kad_post_vertical_padding":"","_kad_post_feature":"","_kad_post_feature_position":"","_kad_post_header":false,"_kad_post_footer":false},"product_brand":[],"product_cat":[423,422],"product_tag":[],"class_list":{"0":"post-81126","1":"product","2":"type-product","3":"status-publish","4":"has-post-thumbnail","6":"product_cat-raquetas-de-tenis","7":"product_cat-tenis","8":"pa_brand-visita-la-store-de-wilson","10":"first","11":"instock","12":"shipping-taxable","13":"purchasable","14":"product-type-simple","15":"entry","16":"content-bg","17":"loop-entry"},"_links":{"self":[{"href":"https:\/\/futllermo.com\/tienda\/wp-json\/wp\/v2\/product\/81126","targetHints":{"allow":["GET"]}}],"collection":[{"href":"https:\/\/futllermo.com\/tienda\/wp-json\/wp\/v2\/product"}],"about":[{"href":"https:\/\/futllermo.com\/tienda\/wp-json\/wp\/v2\/types\/product"}],"replies":[{"embeddable":true,"href":"https:\/\/futllermo.com\/tienda\/wp-json\/wp\/v2\/comments?post=81126"}],"wp:featuredmedia":[{"embeddable":true,"href":"https:\/\/futllermo.com\/tienda\/wp-json\/wp\/v2\/media\/81127"}],"wp:attachment":[{"href":"https:\/\/futllermo.com\/tienda\/wp-json\/wp\/v2\/media?parent=81126"}],"wp:term":[{"taxonomy":"product_brand","embeddable":true,"href":"https:\/\/futllermo.com\/tienda\/wp-json\/wp\/v2\/product_brand?post=81126"},{"taxonomy":"product_cat","embeddable":true,"href":"https:\/\/futllermo.com\/tienda\/wp-json\/wp\/v2\/product_cat?post=81126"},{"taxonomy":"product_tag","embeddable":true,"href":"https:\/\/futllermo.com\/tienda\/wp-json\/wp\/v2\/product_tag?post=81126"}],"curies":[{"name":"wp","href":"https:\/\/api.w.org\/{rel}","templated":true}]}}