{"id":81118,"date":"2021-01-11T12:27:51","date_gmt":"2021-01-11T12:27:51","guid":{"rendered":"https:\/\/futllermo.com\/tienda\/producto\/senston-raqueta-de-tenis-para-ninos-juventudone-piece-desgin-raqueta-tenisincluido-1-bolsa-de-tenis-1-grip-1-amortiguadores\/"},"modified":"2022-01-13T09:53:33","modified_gmt":"2022-01-13T09:53:33","slug":"senston-raqueta-de-tenis-para-ninos-juventudone-piece-desgin-raqueta-tenisincluido-1-bolsa-de-tenis-1-grip-1-amortiguadores","status":"publish","type":"product","link":"https:\/\/futllermo.com\/tienda\/producto\/senston-raqueta-de-tenis-para-ninos-juventudone-piece-desgin-raqueta-tenisincluido-1-bolsa-de-tenis-1-grip-1-amortiguadores\/","title":{"rendered":"Senston Raqueta de Tenis 19\/23\/25,One-Piece-Desgin Raqueta Tenis, Incluido 1 Bolsa de Tenis \/ 1 Grip \/ 1 Amortiguadores"},"content":{"rendered":"<p>PAR\u00c1METROS DE LA RACKET &#8211; Longitud: 23 pulgadas (585 \u00b1 3 mm) \/ Tama\u00f1o de la cabeza: 92 pulgadas cuadradas \/ Tama\u00f1o de agarre: 4 1\/4 pulgadas.<br \/>\nDise\u00f1o de una pieza: mejora la resistencia al impacto y el contraataque al tiempo que reduce la presi\u00f3n sobre la mu\u00f1eca y evita lesiones a ni\u00f1os y adolescentes mientras hace ejercicio.<br \/>\nDise\u00f1o de protecci\u00f3n contra surcos: protecci\u00f3n eficiente de la cuerda de la raqueta, reducci\u00f3n de la resistencia al aire y asegura un giro m\u00e1s r\u00e1pido<br \/>\nGran dise\u00f1o de Sweet Pool: aumenta significativamente el impacto y reduce los errores<br \/>\nContenido: 1 raqueta de tenis \/ 1 bolsa de tenis \/ 1 sobregrips (color aleatorio) \/ 1 amortiguador de vibraciones (color aleatorio). Adecuado para ni\u00f1os, adolescentes, principiantes, formaci\u00f3n y entretenimiento.<\/p>\n","protected":false},"excerpt":{"rendered":"<p>PAR\u00c1METROS DE LA RACKET &#8211; Longitud: 23 pulgadas (585 \u00b1 3 mm) \/ Tama\u00f1o de la cabeza: 92 pulgadas cuadradas \/ Tama\u00f1o de agarre: 4 1\/4 pulgadas.<br \/>\nDise\u00f1o de una pieza: mejora la resistencia al impacto y el contraataque al tiempo que reduce la presi\u00f3n sobre la mu\u00f1eca y evita lesiones a ni\u00f1os y adolescentes mientras hace ejercicio.<br \/>\nDise\u00f1o de protecci\u00f3n contra surcos: protecci\u00f3n eficiente de la cuerda de la raqueta, reducci\u00f3n de la resistencia al aire y asegura un giro m\u00e1s r\u00e1pido<\/p>\n","protected":false},"featured_media":81119,"comment_status":"open","ping_status":"closed","template":"","meta":{"_kadence_starter_templates_imported_post":false,"_kad_post_transparent":"","_kad_post_title":"","_kad_post_layout":"","_kad_post_sidebar_id":"","_kad_post_content_style":"","_kad_post_vertical_padding":"","_kad_post_feature":"","_kad_post_feature_position":"","_kad_post_header":false,"_kad_post_footer":false},"product_brand":[],"product_cat":[423,422],"product_tag":[],"class_list":{"0":"post-81118","1":"product","2":"type-product","3":"status-publish","4":"has-post-thumbnail","6":"product_cat-raquetas-de-tenis","7":"product_cat-tenis","8":"pa_brand-visita-la-store-de-senston","10":"first","11":"instock","12":"shipping-taxable","13":"purchasable","14":"product-type-simple","15":"entry","16":"content-bg","17":"loop-entry"},"_links":{"self":[{"href":"https:\/\/futllermo.com\/tienda\/wp-json\/wp\/v2\/product\/81118","targetHints":{"allow":["GET"]}}],"collection":[{"href":"https:\/\/futllermo.com\/tienda\/wp-json\/wp\/v2\/product"}],"about":[{"href":"https:\/\/futllermo.com\/tienda\/wp-json\/wp\/v2\/types\/product"}],"replies":[{"embeddable":true,"href":"https:\/\/futllermo.com\/tienda\/wp-json\/wp\/v2\/comments?post=81118"}],"wp:featuredmedia":[{"embeddable":true,"href":"https:\/\/futllermo.com\/tienda\/wp-json\/wp\/v2\/media\/81119"}],"wp:attachment":[{"href":"https:\/\/futllermo.com\/tienda\/wp-json\/wp\/v2\/media?parent=81118"}],"wp:term":[{"taxonomy":"product_brand","embeddable":true,"href":"https:\/\/futllermo.com\/tienda\/wp-json\/wp\/v2\/product_brand?post=81118"},{"taxonomy":"product_cat","embeddable":true,"href":"https:\/\/futllermo.com\/tienda\/wp-json\/wp\/v2\/product_cat?post=81118"},{"taxonomy":"product_tag","embeddable":true,"href":"https:\/\/futllermo.com\/tienda\/wp-json\/wp\/v2\/product_tag?post=81118"}],"curies":[{"name":"wp","href":"https:\/\/api.w.org\/{rel}","templated":true}]}}