{"id":81098,"date":"2021-01-04T13:33:59","date_gmt":"2021-01-04T13:33:59","guid":{"rendered":"https:\/\/futllermo.com\/tienda\/producto\/puma-laliga-1-accelerate-hybrid-ball-balon-de-futbol-unisex-adulto\/"},"modified":"2022-01-13T09:53:32","modified_gmt":"2022-01-13T09:53:32","slug":"puma-laliga-1-accelerate-hybrid-ball-balon-de-futbol-unisex-adulto","status":"publish","type":"product","link":"https:\/\/futllermo.com\/tienda\/producto\/puma-laliga-1-accelerate-hybrid-ball-balon-de-futbol-unisex-adulto\/","title":{"rendered":"PUMA Laliga 1 Accelerate Hybrid Ball Bal\u00f3n de F\u00fatbol, Unisex Adulto"},"content":{"rendered":"<p><!-- show up to 2 reviews by default --> <\/p>\n<p>Esta r\u00e9plica del bal\u00f3n de f\u00fatbol que se utiliza en La Liga espa\u00f1ola no te defraudar\u00e1. Su construcci\u00f3n h\u00edbrida con 32 paneles garantiza una excelente retenci\u00f3n de la forma, mientras que la v\u00e1lvula herm\u00e9tica Air Lock de PUMA retiene el aire de forma excepcional, para ofrecerte un bal\u00f3n duradero que va m\u00e1s all\u00e1. &#8211; Construcci\u00f3n h\u00edbrida para mayor durabilidad y retenci\u00f3n de la forma &#8211; Menor absorci\u00f3n de agua &#8211; Construcci\u00f3n con 32 paneles &#8211; Capa exterior de poliuretano de 1 mm con refuerzo de espuma m\u00faltiple &#8211; C\u00e1mara de goma &#8211; V\u00e1lvula herm\u00e9tica Air Lock de PUMA para una excelente retenci\u00f3n del aire &#8211; Poliuretano, espuma, tejido de poli\u00e9ster y goma <\/p>\n<p>Construcci\u00f3n h\u00edbrida para mayor durabilidad y retenci\u00f3n de la forma<br \/>\nMenor absorci\u00f3n de agua<br \/>\nConstrucci\u00f3n con 32 paneles<br \/>\nCapa exterior de poliuretano de 1 mm con refuerzo de espuma m\u00faltiple<br \/>\nC\u00e1mara de goma<\/p>\n","protected":false},"excerpt":{"rendered":"<p>Construcci\u00f3n h\u00edbrida para mayor durabilidad y retenci\u00f3n de la forma<br \/>\nMenor absorci\u00f3n de agua<br \/>\nConstrucci\u00f3n con 32 paneles<\/p>\n","protected":false},"featured_media":81099,"comment_status":"open","ping_status":"closed","template":"","meta":{"_kadence_starter_templates_imported_post":false,"_kad_post_transparent":"","_kad_post_title":"","_kad_post_layout":"","_kad_post_sidebar_id":"","_kad_post_content_style":"","_kad_post_vertical_padding":"","_kad_post_feature":"","_kad_post_feature_position":"","_kad_post_header":false,"_kad_post_footer":false},"product_brand":[],"product_cat":[450,382],"product_tag":[],"class_list":{"0":"post-81098","1":"product","2":"type-product","3":"status-publish","4":"has-post-thumbnail","6":"product_cat-futbol","7":"product_cat-balones","8":"pa_brand-visita-la-store-de-puma","10":"first","11":"instock","12":"shipping-taxable","13":"purchasable","14":"product-type-simple","15":"entry","16":"content-bg","17":"loop-entry"},"_links":{"self":[{"href":"https:\/\/futllermo.com\/tienda\/wp-json\/wp\/v2\/product\/81098","targetHints":{"allow":["GET"]}}],"collection":[{"href":"https:\/\/futllermo.com\/tienda\/wp-json\/wp\/v2\/product"}],"about":[{"href":"https:\/\/futllermo.com\/tienda\/wp-json\/wp\/v2\/types\/product"}],"replies":[{"embeddable":true,"href":"https:\/\/futllermo.com\/tienda\/wp-json\/wp\/v2\/comments?post=81098"}],"wp:featuredmedia":[{"embeddable":true,"href":"https:\/\/futllermo.com\/tienda\/wp-json\/wp\/v2\/media\/81099"}],"wp:attachment":[{"href":"https:\/\/futllermo.com\/tienda\/wp-json\/wp\/v2\/media?parent=81098"}],"wp:term":[{"taxonomy":"product_brand","embeddable":true,"href":"https:\/\/futllermo.com\/tienda\/wp-json\/wp\/v2\/product_brand?post=81098"},{"taxonomy":"product_cat","embeddable":true,"href":"https:\/\/futllermo.com\/tienda\/wp-json\/wp\/v2\/product_cat?post=81098"},{"taxonomy":"product_tag","embeddable":true,"href":"https:\/\/futllermo.com\/tienda\/wp-json\/wp\/v2\/product_tag?post=81098"}],"curies":[{"name":"wp","href":"https:\/\/api.w.org\/{rel}","templated":true}]}}