{"id":81093,"date":"2021-01-04T13:33:53","date_gmt":"2021-01-04T13:33:53","guid":{"rendered":"https:\/\/futllermo.com\/tienda\/producto\/puma-mini-laliga-accelerate-2020-2021-balon-white-multi-colour\/"},"modified":"2022-01-13T09:53:32","modified_gmt":"2022-01-13T09:53:32","slug":"puma-mini-laliga-accelerate-2020-2021-balon-white-multi-colour","status":"publish","type":"product","link":"https:\/\/futllermo.com\/tienda\/producto\/puma-mini-laliga-accelerate-2020-2021-balon-white-multi-colour\/","title":{"rendered":"PUMA Laliga 1 Accelerate Mini Ball Bal\u00f3n de F\u00fatbol, Unisex Adulto"},"content":{"rendered":"<div class=\"disclaim\"> Color:<strong>Puma White-multi colour<\/strong> | Tama\u00f1o:<strong>MINI<\/strong> <\/div>\n<p> <!-- show up to 2 reviews by default --> <\/p>\n<p>Si\u00e9ntete como un pro en el terreno de juego con esta r\u00e9plica del bal\u00f3n de f\u00fatbol que se usa en La Liga espa\u00f1ola. Tu t\u00e9cnica se ver\u00e1 favorecida gracias al suave tacto de la capa interior de espuma y a la excelente capacidad de retenci\u00f3n del aire de la c\u00e1mara de goma. &#8211; 32 paneles cosidos a m\u00e1quina &#8211; Superficie exterior de TPU con capa de espuma interior &#8211; C\u00e1mara de goma para retener el aire &#8211; Capa de TPU, espuma, poli\u00e9ster y goma <\/p>\n<p>32 paneles cosidos a m\u00e1quina<br \/>\nSuperficie exterior de TPU con capa de espuma interior<br \/>\nC\u00e1mara de goma para retener el aire<br \/>\nCapa de TPU, espuma, poli\u00e9ster y goma<\/p>\n","protected":false},"excerpt":{"rendered":"<p>32 paneles cosidos a m\u00e1quina<br \/>\nSuperficie exterior de TPU con capa de espuma interior<br \/>\nC\u00e1mara de goma para retener el aire<\/p>\n","protected":false},"featured_media":81095,"comment_status":"open","ping_status":"closed","template":"","meta":{"_kadence_starter_templates_imported_post":false,"_kad_post_transparent":"","_kad_post_title":"","_kad_post_layout":"","_kad_post_sidebar_id":"","_kad_post_content_style":"","_kad_post_vertical_padding":"","_kad_post_feature":"","_kad_post_feature_position":"","_kad_post_header":false,"_kad_post_footer":false},"product_brand":[],"product_cat":[450,382],"product_tag":[],"class_list":{"0":"post-81093","1":"product","2":"type-product","3":"status-publish","4":"has-post-thumbnail","6":"product_cat-futbol","7":"product_cat-balones","8":"pa_brand-visita-la-store-de-puma","10":"first","11":"instock","12":"shipping-taxable","13":"purchasable","14":"product-type-simple","15":"entry","16":"content-bg","17":"loop-entry"},"_links":{"self":[{"href":"https:\/\/futllermo.com\/tienda\/wp-json\/wp\/v2\/product\/81093","targetHints":{"allow":["GET"]}}],"collection":[{"href":"https:\/\/futllermo.com\/tienda\/wp-json\/wp\/v2\/product"}],"about":[{"href":"https:\/\/futllermo.com\/tienda\/wp-json\/wp\/v2\/types\/product"}],"replies":[{"embeddable":true,"href":"https:\/\/futllermo.com\/tienda\/wp-json\/wp\/v2\/comments?post=81093"}],"wp:featuredmedia":[{"embeddable":true,"href":"https:\/\/futllermo.com\/tienda\/wp-json\/wp\/v2\/media\/81095"}],"wp:attachment":[{"href":"https:\/\/futllermo.com\/tienda\/wp-json\/wp\/v2\/media?parent=81093"}],"wp:term":[{"taxonomy":"product_brand","embeddable":true,"href":"https:\/\/futllermo.com\/tienda\/wp-json\/wp\/v2\/product_brand?post=81093"},{"taxonomy":"product_cat","embeddable":true,"href":"https:\/\/futllermo.com\/tienda\/wp-json\/wp\/v2\/product_cat?post=81093"},{"taxonomy":"product_tag","embeddable":true,"href":"https:\/\/futllermo.com\/tienda\/wp-json\/wp\/v2\/product_tag?post=81093"}],"curies":[{"name":"wp","href":"https:\/\/api.w.org\/{rel}","templated":true}]}}