{"id":81092,"date":"2021-01-04T13:33:52","date_gmt":"2021-01-04T13:33:52","guid":{"rendered":"https:\/\/futllermo.com\/tienda\/producto\/puma-icon-ball-balon-de-futbol-unisex-adulto\/"},"modified":"2022-01-13T09:53:32","modified_gmt":"2022-01-13T09:53:32","slug":"puma-icon-ball-balon-de-futbol-unisex-adulto","status":"publish","type":"product","link":"https:\/\/futllermo.com\/tienda\/producto\/puma-icon-ball-balon-de-futbol-unisex-adulto\/","title":{"rendered":"PUMA Icon Ball Bal\u00f3n de F\u00fatbol, Unisex Adulto"},"content":{"rendered":"<div class=\"disclaim\"> Tama\u00f1o:<strong>5<\/strong> | Color:<strong>Shocking Orange-Puma Black-Puma Silver<\/strong> <\/div>\n<p> <!-- show up to 2 reviews by default --> <\/p>\n<p>Este elegante bal\u00f3n de entrenamiento es \u00f3ptimo tanto para el d\u00eda del partido como para jugar con los amigos. Con el audaz logotipo del PUMA y los detalles de efecto cromado, no pasar\u00e1 desapercibido. &#8211; Dise\u00f1o moderno con 16 paneles &#8211; Cosido a m\u00e1quina &#8211; Logotipo del PUMA en el exterior <\/p>\n<p>Dise\u00f1o moderno con 16 paneles<br \/>\nCosido a m\u00e1quina<br \/>\nLogotipo del PUMA en el exterior<\/p>\n","protected":false},"excerpt":{"rendered":"<p>Dise\u00f1o moderno con 16 paneles<br \/>\nCosido a m\u00e1quina<br \/>\nLogotipo del PUMA en el exterior<\/p>\n","protected":false},"featured_media":81094,"comment_status":"open","ping_status":"closed","template":"","meta":{"_kadence_starter_templates_imported_post":false,"_kad_post_transparent":"","_kad_post_title":"","_kad_post_layout":"","_kad_post_sidebar_id":"","_kad_post_content_style":"","_kad_post_vertical_padding":"","_kad_post_feature":"","_kad_post_feature_position":"","_kad_post_header":false,"_kad_post_footer":false},"product_brand":[],"product_cat":[450,382],"product_tag":[],"class_list":{"0":"post-81092","1":"product","2":"type-product","3":"status-publish","4":"has-post-thumbnail","6":"product_cat-futbol","7":"product_cat-balones","8":"pa_brand-visita-la-store-de-puma","10":"first","11":"instock","12":"shipping-taxable","13":"purchasable","14":"product-type-simple","15":"entry","16":"content-bg","17":"loop-entry"},"_links":{"self":[{"href":"https:\/\/futllermo.com\/tienda\/wp-json\/wp\/v2\/product\/81092","targetHints":{"allow":["GET"]}}],"collection":[{"href":"https:\/\/futllermo.com\/tienda\/wp-json\/wp\/v2\/product"}],"about":[{"href":"https:\/\/futllermo.com\/tienda\/wp-json\/wp\/v2\/types\/product"}],"replies":[{"embeddable":true,"href":"https:\/\/futllermo.com\/tienda\/wp-json\/wp\/v2\/comments?post=81092"}],"wp:featuredmedia":[{"embeddable":true,"href":"https:\/\/futllermo.com\/tienda\/wp-json\/wp\/v2\/media\/81094"}],"wp:attachment":[{"href":"https:\/\/futllermo.com\/tienda\/wp-json\/wp\/v2\/media?parent=81092"}],"wp:term":[{"taxonomy":"product_brand","embeddable":true,"href":"https:\/\/futllermo.com\/tienda\/wp-json\/wp\/v2\/product_brand?post=81092"},{"taxonomy":"product_cat","embeddable":true,"href":"https:\/\/futllermo.com\/tienda\/wp-json\/wp\/v2\/product_cat?post=81092"},{"taxonomy":"product_tag","embeddable":true,"href":"https:\/\/futllermo.com\/tienda\/wp-json\/wp\/v2\/product_tag?post=81092"}],"curies":[{"name":"wp","href":"https:\/\/api.w.org\/{rel}","templated":true}]}}