{"id":81082,"date":"2021-01-04T13:33:45","date_gmt":"2021-01-04T13:33:45","guid":{"rendered":"https:\/\/futllermo.com\/tienda\/producto\/adidas-fin-20-rm-clb-balon-linea-real-madrid-hombre\/"},"modified":"2022-01-13T09:53:32","modified_gmt":"2022-01-13T09:53:32","slug":"adidas-fin-20-rm-clb-balon-linea-real-madrid-hombre","status":"publish","type":"product","link":"https:\/\/futllermo.com\/tienda\/producto\/adidas-fin-20-rm-clb-balon-linea-real-madrid-hombre\/","title":{"rendered":"adidas Fin 20 RM CLB Bal\u00f3n L\u00ednea Real Madrid, Hombre"},"content":{"rendered":"<p><!-- show up to 2 reviews by default --> <\/p>\n<p>El Real Madrid es la estrella m\u00e1s brillante de la UEFA Champions League. Este bal\u00f3n de f\u00fatbol rinde homenaje a ambos con una explosi\u00f3n de estrellas. Su cubierta de TPU cosida a m\u00e1quina proporciona una mayor resistencia al desgaste. <\/p>\n<p>Poliuretano 100% termopl\u00e1stico<br \/>\nImportado<br \/>\nUn bal\u00f3n de f\u00fatbol duradero para subir tu juego.<br \/>\nC\u00e1mara de butilo para una mejor retenci\u00f3n de aire.<br \/>\nPara entrenamientos<\/p>\n","protected":false},"excerpt":{"rendered":"<p>Poliuretano 100% termopl\u00e1stico<br \/>\nImportado<br \/>\nUn bal\u00f3n de f\u00fatbol duradero para subir tu juego.<\/p>\n","protected":false},"featured_media":81083,"comment_status":"open","ping_status":"closed","template":"","meta":{"_kadence_starter_templates_imported_post":false,"_kad_post_transparent":"","_kad_post_title":"","_kad_post_layout":"","_kad_post_sidebar_id":"","_kad_post_content_style":"","_kad_post_vertical_padding":"","_kad_post_feature":"","_kad_post_feature_position":"","_kad_post_header":false,"_kad_post_footer":false},"product_brand":[],"product_cat":[450,382],"product_tag":[],"class_list":{"0":"post-81082","1":"product","2":"type-product","3":"status-publish","4":"has-post-thumbnail","6":"product_cat-futbol","7":"product_cat-balones","8":"pa_brand-visita-la-store-de-adidas","10":"first","11":"instock","12":"shipping-taxable","13":"purchasable","14":"product-type-simple","15":"entry","16":"content-bg","17":"loop-entry"},"_links":{"self":[{"href":"https:\/\/futllermo.com\/tienda\/wp-json\/wp\/v2\/product\/81082","targetHints":{"allow":["GET"]}}],"collection":[{"href":"https:\/\/futllermo.com\/tienda\/wp-json\/wp\/v2\/product"}],"about":[{"href":"https:\/\/futllermo.com\/tienda\/wp-json\/wp\/v2\/types\/product"}],"replies":[{"embeddable":true,"href":"https:\/\/futllermo.com\/tienda\/wp-json\/wp\/v2\/comments?post=81082"}],"wp:featuredmedia":[{"embeddable":true,"href":"https:\/\/futllermo.com\/tienda\/wp-json\/wp\/v2\/media\/81083"}],"wp:attachment":[{"href":"https:\/\/futllermo.com\/tienda\/wp-json\/wp\/v2\/media?parent=81082"}],"wp:term":[{"taxonomy":"product_brand","embeddable":true,"href":"https:\/\/futllermo.com\/tienda\/wp-json\/wp\/v2\/product_brand?post=81082"},{"taxonomy":"product_cat","embeddable":true,"href":"https:\/\/futllermo.com\/tienda\/wp-json\/wp\/v2\/product_cat?post=81082"},{"taxonomy":"product_tag","embeddable":true,"href":"https:\/\/futllermo.com\/tienda\/wp-json\/wp\/v2\/product_tag?post=81082"}],"curies":[{"name":"wp","href":"https:\/\/api.w.org\/{rel}","templated":true}]}}