{"id":81078,"date":"2021-01-04T13:33:40","date_gmt":"2021-01-04T13:33:40","guid":{"rendered":"https:\/\/futllermo.com\/tienda\/producto\/nike-ll-nk-ptch-balon-de-futbol-unisex-adulto\/"},"modified":"2022-01-13T09:53:31","modified_gmt":"2022-01-13T09:53:31","slug":"nike-ll-nk-ptch-balon-de-futbol-unisex-adulto","status":"publish","type":"product","link":"https:\/\/futllermo.com\/tienda\/producto\/nike-ll-nk-ptch-balon-de-futbol-unisex-adulto\/","title":{"rendered":"NIKE Ll Nk Ptch Bal\u00f3n de F\u00fatbol, Unisex Adulto"},"content":{"rendered":"<div class=\"disclaim\"> Tama\u00f1o:<strong>5<\/strong> | Color:<strong>WHITE\/TURQUOISE\/SEAWEED\/TOTAL<\/strong> <\/div>\n<p> <!-- show up to 2 reviews by default --> <\/p>\n<p>Color: White\/Turquoise\/Seaweed\/Total, Perfil: Hombre Unisex, Talla: 5. La marca Nike garantiza que se han respetado los m\u00e1s altos est\u00e1ndares durante el proceso de producci\u00f3n, con el fin de asegurar una excelente experiencia al cliente. <\/p>\n<p>F\u00fatbol -, perfil hombre unisex, material:, color White\/turquoise\/seaweed\/total<br \/>\nBal\u00f3n Nike Nike bal\u00f3n ll nk ptch White\/turquoise\/seaweed\/total<br \/>\nLl nk ptch blanco 5<br \/>\nDise\u00f1o funcional<\/p>\n","protected":false},"excerpt":{"rendered":"<p>F\u00fatbol -, perfil hombre unisex, material:, color White\/turquoise\/seaweed\/total<br \/>\nBal\u00f3n Nike Nike bal\u00f3n ll nk ptch White\/turquoise\/seaweed\/total<br \/>\nLl nk ptch blanco 5<\/p>\n","protected":false},"featured_media":81081,"comment_status":"open","ping_status":"closed","template":"","meta":{"_kadence_starter_templates_imported_post":false,"_kad_post_transparent":"","_kad_post_title":"","_kad_post_layout":"","_kad_post_sidebar_id":"","_kad_post_content_style":"","_kad_post_vertical_padding":"","_kad_post_feature":"","_kad_post_feature_position":"","_kad_post_header":false,"_kad_post_footer":false},"product_brand":[],"product_cat":[450,382],"product_tag":[],"class_list":{"0":"post-81078","1":"product","2":"type-product","3":"status-publish","4":"has-post-thumbnail","6":"product_cat-futbol","7":"product_cat-balones","8":"pa_brand-visita-la-store-de-nike","10":"first","11":"instock","12":"shipping-taxable","13":"purchasable","14":"product-type-simple","15":"entry","16":"content-bg","17":"loop-entry"},"_links":{"self":[{"href":"https:\/\/futllermo.com\/tienda\/wp-json\/wp\/v2\/product\/81078","targetHints":{"allow":["GET"]}}],"collection":[{"href":"https:\/\/futllermo.com\/tienda\/wp-json\/wp\/v2\/product"}],"about":[{"href":"https:\/\/futllermo.com\/tienda\/wp-json\/wp\/v2\/types\/product"}],"replies":[{"embeddable":true,"href":"https:\/\/futllermo.com\/tienda\/wp-json\/wp\/v2\/comments?post=81078"}],"wp:featuredmedia":[{"embeddable":true,"href":"https:\/\/futllermo.com\/tienda\/wp-json\/wp\/v2\/media\/81081"}],"wp:attachment":[{"href":"https:\/\/futllermo.com\/tienda\/wp-json\/wp\/v2\/media?parent=81078"}],"wp:term":[{"taxonomy":"product_brand","embeddable":true,"href":"https:\/\/futllermo.com\/tienda\/wp-json\/wp\/v2\/product_brand?post=81078"},{"taxonomy":"product_cat","embeddable":true,"href":"https:\/\/futllermo.com\/tienda\/wp-json\/wp\/v2\/product_cat?post=81078"},{"taxonomy":"product_tag","embeddable":true,"href":"https:\/\/futllermo.com\/tienda\/wp-json\/wp\/v2\/product_tag?post=81078"}],"curies":[{"name":"wp","href":"https:\/\/api.w.org\/{rel}","templated":true}]}}