{"id":81071,"date":"2021-01-04T13:33:31","date_gmt":"2021-01-04T13:33:31","guid":{"rendered":"https:\/\/futllermo.com\/tienda\/producto\/nike-pitch-team-soccer-ball-balones-de-futbol-de-entrenamiento-unisex-adulto\/"},"modified":"2022-01-13T09:53:31","modified_gmt":"2022-01-13T09:53:31","slug":"nike-pitch-team-soccer-ball-balones-de-futbol-de-entrenamiento-unisex-adulto","status":"publish","type":"product","link":"https:\/\/futllermo.com\/tienda\/producto\/nike-pitch-team-soccer-ball-balones-de-futbol-de-entrenamiento-unisex-adulto\/","title":{"rendered":"NIKE Pitch Team Soccer Ball Balones de f\u00fatbol de Entrenamiento, Unisex Adulto"},"content":{"rendered":"<p><!-- show up to 2 reviews by default --> <\/p>\n<p>El bal\u00f3n de f\u00fatbol Nike est\u00e1 hecho de un recubrimiento duradero con gr\u00e1ficos contrastantes para un toque preciso y una gran visibilidad en el campo. <\/p>\n<p>Soccer ball<br \/>\nResistant material<br \/>\nHigh visibility in the field<\/p>\n","protected":false},"excerpt":{"rendered":"<p>Soccer ball<br \/>\nResistant material<br \/>\nHigh visibility in the field<\/p>\n","protected":false},"featured_media":81073,"comment_status":"open","ping_status":"closed","template":"","meta":{"_kadence_starter_templates_imported_post":false,"_kad_post_transparent":"","_kad_post_title":"","_kad_post_layout":"","_kad_post_sidebar_id":"","_kad_post_content_style":"","_kad_post_vertical_padding":"","_kad_post_feature":"","_kad_post_feature_position":"","_kad_post_header":false,"_kad_post_footer":false},"product_brand":[],"product_cat":[450,382],"product_tag":[],"class_list":{"0":"post-81071","1":"product","2":"type-product","3":"status-publish","4":"has-post-thumbnail","6":"product_cat-futbol","7":"product_cat-balones","8":"pa_brand-visita-la-store-de-nike","10":"first","11":"instock","12":"shipping-taxable","13":"purchasable","14":"product-type-simple","15":"entry","16":"content-bg","17":"loop-entry"},"_links":{"self":[{"href":"https:\/\/futllermo.com\/tienda\/wp-json\/wp\/v2\/product\/81071","targetHints":{"allow":["GET"]}}],"collection":[{"href":"https:\/\/futllermo.com\/tienda\/wp-json\/wp\/v2\/product"}],"about":[{"href":"https:\/\/futllermo.com\/tienda\/wp-json\/wp\/v2\/types\/product"}],"replies":[{"embeddable":true,"href":"https:\/\/futllermo.com\/tienda\/wp-json\/wp\/v2\/comments?post=81071"}],"wp:featuredmedia":[{"embeddable":true,"href":"https:\/\/futllermo.com\/tienda\/wp-json\/wp\/v2\/media\/81073"}],"wp:attachment":[{"href":"https:\/\/futllermo.com\/tienda\/wp-json\/wp\/v2\/media?parent=81071"}],"wp:term":[{"taxonomy":"product_brand","embeddable":true,"href":"https:\/\/futllermo.com\/tienda\/wp-json\/wp\/v2\/product_brand?post=81071"},{"taxonomy":"product_cat","embeddable":true,"href":"https:\/\/futllermo.com\/tienda\/wp-json\/wp\/v2\/product_cat?post=81071"},{"taxonomy":"product_tag","embeddable":true,"href":"https:\/\/futllermo.com\/tienda\/wp-json\/wp\/v2\/product_tag?post=81071"}],"curies":[{"name":"wp","href":"https:\/\/api.w.org\/{rel}","templated":true}]}}