{"id":81067,"date":"2021-01-04T13:33:23","date_gmt":"2021-01-04T13:33:23","guid":{"rendered":"https:\/\/futllermo.com\/tienda\/producto\/rfef-balon-oficial-rojo-talla-unica-20ba0001\/"},"modified":"2022-01-13T09:53:30","modified_gmt":"2022-01-13T09:53:30","slug":"rfef-balon-oficial-rojo-talla-unica-20ba0001","status":"publish","type":"product","link":"https:\/\/futllermo.com\/tienda\/producto\/rfef-balon-oficial-rojo-talla-unica-20ba0001\/","title":{"rendered":"RFEF &#8211; Bal\u00f3n oficial RFEF"},"content":{"rendered":"<p><!-- show up to 2 reviews by default --> <\/p>\n<p>Bal\u00f3n oficial inspirado en la primera equipaci\u00f3n de la selecci\u00f3n espa\u00f1ola de f\u00fatbol en la Euro 2020. Nuestro producto es una gran adici\u00f3n a sus rutinas de ejercicios. Es una excelente opci\u00f3n para cualquier persona que quiera mejorar su sentido central de equilibrio para un mejor rendimiento deportivo. <\/p>\n<p>Producto oficial Licenciado<br \/>\nTalla 5<br \/>\nMaterial PU<br \/>\nNombre de departamento: unisex adulto<\/p>\n","protected":false},"excerpt":{"rendered":"<p>Producto oficial Licenciado<br \/>\nTalla 5<br \/>\nMaterial PU<\/p>\n","protected":false},"featured_media":81069,"comment_status":"open","ping_status":"closed","template":"","meta":{"_kadence_starter_templates_imported_post":false,"_kad_post_transparent":"","_kad_post_title":"","_kad_post_layout":"","_kad_post_sidebar_id":"","_kad_post_content_style":"","_kad_post_vertical_padding":"","_kad_post_feature":"","_kad_post_feature_position":"","_kad_post_header":false,"_kad_post_footer":false},"product_brand":[],"product_cat":[450,382],"product_tag":[],"class_list":{"0":"post-81067","1":"product","2":"type-product","3":"status-publish","4":"has-post-thumbnail","6":"product_cat-futbol","7":"product_cat-balones","8":"pa_brand-visita-la-store-de-rfef","10":"first","11":"instock","12":"shipping-taxable","13":"purchasable","14":"product-type-simple","15":"entry","16":"content-bg","17":"loop-entry"},"_links":{"self":[{"href":"https:\/\/futllermo.com\/tienda\/wp-json\/wp\/v2\/product\/81067","targetHints":{"allow":["GET"]}}],"collection":[{"href":"https:\/\/futllermo.com\/tienda\/wp-json\/wp\/v2\/product"}],"about":[{"href":"https:\/\/futllermo.com\/tienda\/wp-json\/wp\/v2\/types\/product"}],"replies":[{"embeddable":true,"href":"https:\/\/futllermo.com\/tienda\/wp-json\/wp\/v2\/comments?post=81067"}],"wp:featuredmedia":[{"embeddable":true,"href":"https:\/\/futllermo.com\/tienda\/wp-json\/wp\/v2\/media\/81069"}],"wp:attachment":[{"href":"https:\/\/futllermo.com\/tienda\/wp-json\/wp\/v2\/media?parent=81067"}],"wp:term":[{"taxonomy":"product_brand","embeddable":true,"href":"https:\/\/futllermo.com\/tienda\/wp-json\/wp\/v2\/product_brand?post=81067"},{"taxonomy":"product_cat","embeddable":true,"href":"https:\/\/futllermo.com\/tienda\/wp-json\/wp\/v2\/product_cat?post=81067"},{"taxonomy":"product_tag","embeddable":true,"href":"https:\/\/futllermo.com\/tienda\/wp-json\/wp\/v2\/product_tag?post=81067"}],"curies":[{"name":"wp","href":"https:\/\/api.w.org\/{rel}","templated":true}]}}