{"id":81063,"date":"2021-01-04T13:33:16","date_gmt":"2021-01-04T13:33:16","guid":{"rendered":"https:\/\/futllermo.com\/tienda\/producto\/nike-atm-nk-strk-fa20-soccer-ball-unisex-adulto\/"},"modified":"2022-01-13T09:53:30","modified_gmt":"2022-01-13T09:53:30","slug":"nike-atm-nk-strk-fa20-soccer-ball-unisex-adulto","status":"publish","type":"product","link":"https:\/\/futllermo.com\/tienda\/producto\/nike-atm-nk-strk-fa20-soccer-ball-unisex-adulto\/","title":{"rendered":"NIKE ATM Nk Strk-Fa20 Soccer Ball, Unisex Adulto"},"content":{"rendered":"<p><!-- show up to 2 reviews by default --> <\/p>\n<p>El bal\u00f3n de f\u00fatbol Atletico de Madrid Strike, dise\u00f1ado para partidos cotidianos, tiene gr\u00e1ficos de alto contraste para destacar a\u00fan m\u00e1s y un dise\u00f1o de 12 paneles para trayectorias de precisi\u00f3n. <\/p>\n<p>Textured coating<br \/>\nInner tube in reinforced rubber<br \/>\nThe grooves that ensure precise shooting paths.<\/p>\n","protected":false},"excerpt":{"rendered":"<p>Textured coating<br \/>\nInner tube in reinforced rubber<br \/>\nThe grooves that ensure precise shooting paths.<\/p>\n","protected":false},"featured_media":81064,"comment_status":"open","ping_status":"closed","template":"","meta":{"_kadence_starter_templates_imported_post":false,"_kad_post_transparent":"","_kad_post_title":"","_kad_post_layout":"","_kad_post_sidebar_id":"","_kad_post_content_style":"","_kad_post_vertical_padding":"","_kad_post_feature":"","_kad_post_feature_position":"","_kad_post_header":false,"_kad_post_footer":false},"product_brand":[],"product_cat":[450,382],"product_tag":[],"class_list":{"0":"post-81063","1":"product","2":"type-product","3":"status-publish","4":"has-post-thumbnail","6":"product_cat-futbol","7":"product_cat-balones","8":"pa_brand-visita-la-store-de-nike","10":"first","11":"instock","12":"shipping-taxable","13":"purchasable","14":"product-type-simple","15":"entry","16":"content-bg","17":"loop-entry"},"_links":{"self":[{"href":"https:\/\/futllermo.com\/tienda\/wp-json\/wp\/v2\/product\/81063","targetHints":{"allow":["GET"]}}],"collection":[{"href":"https:\/\/futllermo.com\/tienda\/wp-json\/wp\/v2\/product"}],"about":[{"href":"https:\/\/futllermo.com\/tienda\/wp-json\/wp\/v2\/types\/product"}],"replies":[{"embeddable":true,"href":"https:\/\/futllermo.com\/tienda\/wp-json\/wp\/v2\/comments?post=81063"}],"wp:featuredmedia":[{"embeddable":true,"href":"https:\/\/futllermo.com\/tienda\/wp-json\/wp\/v2\/media\/81064"}],"wp:attachment":[{"href":"https:\/\/futllermo.com\/tienda\/wp-json\/wp\/v2\/media?parent=81063"}],"wp:term":[{"taxonomy":"product_brand","embeddable":true,"href":"https:\/\/futllermo.com\/tienda\/wp-json\/wp\/v2\/product_brand?post=81063"},{"taxonomy":"product_cat","embeddable":true,"href":"https:\/\/futllermo.com\/tienda\/wp-json\/wp\/v2\/product_cat?post=81063"},{"taxonomy":"product_tag","embeddable":true,"href":"https:\/\/futllermo.com\/tienda\/wp-json\/wp\/v2\/product_tag?post=81063"}],"curies":[{"name":"wp","href":"https:\/\/api.w.org\/{rel}","templated":true}]}}