{"id":81051,"date":"2021-01-04T13:33:04","date_gmt":"2021-01-04T13:33:04","guid":{"rendered":"https:\/\/futllermo.com\/tienda\/producto\/nike-fc-barcelona-temporada-2020-21-fcb-nk-skls-fa20cq7884-620-balon-de-futbol-unisex-noble-red-loyal-blue-varsity-maize-1\/"},"modified":"2022-01-13T09:53:29","modified_gmt":"2022-01-13T09:53:29","slug":"nike-fc-barcelona-temporada-2020-21-fcb-nk-skls-fa20cq7884-620-balon-de-futbol-unisex-noble-red-loyal-blue-varsity-maize-1","status":"publish","type":"product","link":"https:\/\/futllermo.com\/tienda\/producto\/nike-fc-barcelona-temporada-2020-21-fcb-nk-skls-fa20cq7884-620-balon-de-futbol-unisex-noble-red-loyal-blue-varsity-maize-1\/","title":{"rendered":"NIKE FC Barcelona Temporada 2020\/21-FCB NK SKLS-FA20CQ7884-620 Bal\u00f3n de F\u00fatbol, Unisex, Noble Red\/Loyal Blue\/(Varsity\u2026"},"content":{"rendered":"<p><!-- show up to 2 reviews by default --> <\/p>\n<p>El bal\u00f3n de f\u00fatbol Nike Skills es ideal tanto para entrenamientos como para juegos recreativos. Gracias a los gr\u00e1ficos de tu club favorito, puedes localizar f\u00e1cilmente el bal\u00f3n y mostrar tu pasi\u00f3n por el equipo. <\/p>\n<p>Machine-stitched upholstery<br \/>\nInner tube in reinforced rubber<br \/>\nTraditional multi-panel design for a race look<br \/>\nIdeal como regalo<\/p>\n","protected":false},"excerpt":{"rendered":"<p>Machine-stitched upholstery<br \/>\nInner tube in reinforced rubber<br \/>\nTraditional multi-panel design for a race look<\/p>\n","protected":false},"featured_media":81052,"comment_status":"open","ping_status":"closed","template":"","meta":{"_kadence_starter_templates_imported_post":false,"_kad_post_transparent":"","_kad_post_title":"","_kad_post_layout":"","_kad_post_sidebar_id":"","_kad_post_content_style":"","_kad_post_vertical_padding":"","_kad_post_feature":"","_kad_post_feature_position":"","_kad_post_header":false,"_kad_post_footer":false},"product_brand":[],"product_cat":[450,382],"product_tag":[],"class_list":{"0":"post-81051","1":"product","2":"type-product","3":"status-publish","4":"has-post-thumbnail","6":"product_cat-futbol","7":"product_cat-balones","8":"pa_brand-visita-la-store-de-nike","10":"first","11":"instock","12":"shipping-taxable","13":"purchasable","14":"product-type-simple","15":"entry","16":"content-bg","17":"loop-entry"},"_links":{"self":[{"href":"https:\/\/futllermo.com\/tienda\/wp-json\/wp\/v2\/product\/81051","targetHints":{"allow":["GET"]}}],"collection":[{"href":"https:\/\/futllermo.com\/tienda\/wp-json\/wp\/v2\/product"}],"about":[{"href":"https:\/\/futllermo.com\/tienda\/wp-json\/wp\/v2\/types\/product"}],"replies":[{"embeddable":true,"href":"https:\/\/futllermo.com\/tienda\/wp-json\/wp\/v2\/comments?post=81051"}],"wp:featuredmedia":[{"embeddable":true,"href":"https:\/\/futllermo.com\/tienda\/wp-json\/wp\/v2\/media\/81052"}],"wp:attachment":[{"href":"https:\/\/futllermo.com\/tienda\/wp-json\/wp\/v2\/media?parent=81051"}],"wp:term":[{"taxonomy":"product_brand","embeddable":true,"href":"https:\/\/futllermo.com\/tienda\/wp-json\/wp\/v2\/product_brand?post=81051"},{"taxonomy":"product_cat","embeddable":true,"href":"https:\/\/futllermo.com\/tienda\/wp-json\/wp\/v2\/product_cat?post=81051"},{"taxonomy":"product_tag","embeddable":true,"href":"https:\/\/futllermo.com\/tienda\/wp-json\/wp\/v2\/product_tag?post=81051"}],"curies":[{"name":"wp","href":"https:\/\/api.w.org\/{rel}","templated":true}]}}