{"id":81049,"date":"2021-01-04T13:33:00","date_gmt":"2021-01-04T13:33:00","guid":{"rendered":"https:\/\/futllermo.com\/tienda\/producto\/puma-laliga-1-adrenalina-mini-ball-balon-de-futbol-unisex-adult-lemon-tonic-multi-colour\/"},"modified":"2022-01-13T09:53:29","modified_gmt":"2022-01-13T09:53:29","slug":"puma-laliga-1-adrenalina-mini-ball-balon-de-futbol-unisex-adult-lemon-tonic-multi-colour","status":"publish","type":"product","link":"https:\/\/futllermo.com\/tienda\/producto\/puma-laliga-1-adrenalina-mini-ball-balon-de-futbol-unisex-adult-lemon-tonic-multi-colour\/","title":{"rendered":"PUMA LaLiga 1 Adrenalina Mini Ball Bal\u00f3n de F\u00fatbol, Unisex-Adult, Lemon Tonic-Multi Colour"},"content":{"rendered":"<p><!-- show up to 2 reviews by default --> <\/p>\n<p>Disfruta con el Minibal\u00f3n de entrenamiento Adrenalina, una r\u00e9plica del bal\u00f3n que se usa en los partidos de La Liga espa\u00f1ola. La capa exterior de TPU, reforzada de espuma, proporciona un tacto excelente, para que te sientas como un profesional. &#8211; 32 paneles cosidos a m\u00e1quina &#8211; Superficie exterior de TPU con capa de espuma interior &#8211; C\u00e1mara de goma para retener el aire &#8211; Capa de TPU, espuma, poli\u00e9ster y goma <\/p>\n<p>32 paneles cosidos a m\u00e1quina<br \/>\nSuperficie exterior de TPU con capa de espuma interior<br \/>\nC\u00e1mara de goma para retener el aire<br \/>\nCapa de TPU, espuma, poli\u00e9ster y goma<\/p>\n","protected":false},"excerpt":{"rendered":"<p>32 paneles cosidos a m\u00e1quina<br \/>\nSuperficie exterior de TPU con capa de espuma interior<br \/>\nC\u00e1mara de goma para retener el aire<\/p>\n","protected":false},"featured_media":81050,"comment_status":"open","ping_status":"closed","template":"","meta":{"_kadence_starter_templates_imported_post":false,"_kad_post_transparent":"","_kad_post_title":"","_kad_post_layout":"","_kad_post_sidebar_id":"","_kad_post_content_style":"","_kad_post_vertical_padding":"","_kad_post_feature":"","_kad_post_feature_position":"","_kad_post_header":false,"_kad_post_footer":false},"product_brand":[],"product_cat":[450,382],"product_tag":[],"class_list":{"0":"post-81049","1":"product","2":"type-product","3":"status-publish","4":"has-post-thumbnail","6":"product_cat-futbol","7":"product_cat-balones","8":"pa_brand-visita-la-store-de-puma","10":"first","11":"instock","12":"shipping-taxable","13":"purchasable","14":"product-type-simple","15":"entry","16":"content-bg","17":"loop-entry"},"_links":{"self":[{"href":"https:\/\/futllermo.com\/tienda\/wp-json\/wp\/v2\/product\/81049","targetHints":{"allow":["GET"]}}],"collection":[{"href":"https:\/\/futllermo.com\/tienda\/wp-json\/wp\/v2\/product"}],"about":[{"href":"https:\/\/futllermo.com\/tienda\/wp-json\/wp\/v2\/types\/product"}],"replies":[{"embeddable":true,"href":"https:\/\/futllermo.com\/tienda\/wp-json\/wp\/v2\/comments?post=81049"}],"wp:featuredmedia":[{"embeddable":true,"href":"https:\/\/futllermo.com\/tienda\/wp-json\/wp\/v2\/media\/81050"}],"wp:attachment":[{"href":"https:\/\/futllermo.com\/tienda\/wp-json\/wp\/v2\/media?parent=81049"}],"wp:term":[{"taxonomy":"product_brand","embeddable":true,"href":"https:\/\/futllermo.com\/tienda\/wp-json\/wp\/v2\/product_brand?post=81049"},{"taxonomy":"product_cat","embeddable":true,"href":"https:\/\/futllermo.com\/tienda\/wp-json\/wp\/v2\/product_cat?post=81049"},{"taxonomy":"product_tag","embeddable":true,"href":"https:\/\/futllermo.com\/tienda\/wp-json\/wp\/v2\/product_tag?post=81049"}],"curies":[{"name":"wp","href":"https:\/\/api.w.org\/{rel}","templated":true}]}}