{"id":81047,"date":"2021-01-04T13:32:57","date_gmt":"2021-01-04T13:32:57","guid":{"rendered":"https:\/\/futllermo.com\/tienda\/producto\/nike-fc-barcelona-temporada-2020-21-fcb-nk-futsal-maestro-fa20cq7881-620-balon-de-futbol-unisex-noble-red-loyal-blue-varsity-maize-pro\/"},"modified":"2022-01-13T09:53:29","modified_gmt":"2022-01-13T09:53:29","slug":"nike-fc-barcelona-temporada-2020-21-fcb-nk-futsal-maestro-fa20cq7881-620-balon-de-futbol-unisex-noble-red-loyal-blue-varsity-maize-pro","status":"publish","type":"product","link":"https:\/\/futllermo.com\/tienda\/producto\/nike-fc-barcelona-temporada-2020-21-fcb-nk-futsal-maestro-fa20cq7881-620-balon-de-futbol-unisex-noble-red-loyal-blue-varsity-maize-pro\/","title":{"rendered":"NIKE FC Barcelona Temporada 2020\/21-FCB NK Futsal MAESTRO-FA20CQ7881-620 Bal\u00f3n de F\u00fatbol, Unisex, Noble Red\/Loyal Blue\u2026"},"content":{"rendered":"<p><!-- show up to 2 reviews by default --> <\/p>\n<p>El bal\u00f3n de f\u00fatbol Nike Maestro ofrece un toque y control excepcionales para los partidos de f\u00fatbol. El revestimiento con gr\u00e1ficos de alto contraste le permite seguir f\u00e1cilmente la pelota. <\/p>\n<p>Textured coating<br \/>\nMachine stitched structure<br \/>\nPerfect for 5-a-side football<br \/>\nMuy \u00fatil para ti y tu hogar<\/p>\n","protected":false},"excerpt":{"rendered":"<p>Textured coating<br \/>\nMachine stitched structure<br \/>\nPerfect for 5-a-side football<\/p>\n","protected":false},"featured_media":81048,"comment_status":"open","ping_status":"closed","template":"","meta":{"_kadence_starter_templates_imported_post":false,"_kad_post_transparent":"","_kad_post_title":"","_kad_post_layout":"","_kad_post_sidebar_id":"","_kad_post_content_style":"","_kad_post_vertical_padding":"","_kad_post_feature":"","_kad_post_feature_position":"","_kad_post_header":false,"_kad_post_footer":false},"product_brand":[],"product_cat":[450,382],"product_tag":[],"class_list":{"0":"post-81047","1":"product","2":"type-product","3":"status-publish","4":"has-post-thumbnail","6":"product_cat-futbol","7":"product_cat-balones","8":"pa_brand-visita-la-store-de-nike","10":"first","11":"instock","12":"shipping-taxable","13":"purchasable","14":"product-type-simple","15":"entry","16":"content-bg","17":"loop-entry"},"_links":{"self":[{"href":"https:\/\/futllermo.com\/tienda\/wp-json\/wp\/v2\/product\/81047","targetHints":{"allow":["GET"]}}],"collection":[{"href":"https:\/\/futllermo.com\/tienda\/wp-json\/wp\/v2\/product"}],"about":[{"href":"https:\/\/futllermo.com\/tienda\/wp-json\/wp\/v2\/types\/product"}],"replies":[{"embeddable":true,"href":"https:\/\/futllermo.com\/tienda\/wp-json\/wp\/v2\/comments?post=81047"}],"wp:featuredmedia":[{"embeddable":true,"href":"https:\/\/futllermo.com\/tienda\/wp-json\/wp\/v2\/media\/81048"}],"wp:attachment":[{"href":"https:\/\/futllermo.com\/tienda\/wp-json\/wp\/v2\/media?parent=81047"}],"wp:term":[{"taxonomy":"product_brand","embeddable":true,"href":"https:\/\/futllermo.com\/tienda\/wp-json\/wp\/v2\/product_brand?post=81047"},{"taxonomy":"product_cat","embeddable":true,"href":"https:\/\/futllermo.com\/tienda\/wp-json\/wp\/v2\/product_cat?post=81047"},{"taxonomy":"product_tag","embeddable":true,"href":"https:\/\/futllermo.com\/tienda\/wp-json\/wp\/v2\/product_tag?post=81047"}],"curies":[{"name":"wp","href":"https:\/\/api.w.org\/{rel}","templated":true}]}}