{"id":81036,"date":"2021-01-04T13:32:49","date_gmt":"2021-01-04T13:32:49","guid":{"rendered":"https:\/\/futllermo.com\/tienda\/producto\/adidas-balon-real-madrid-club-fs0284\/"},"modified":"2022-01-13T09:53:29","modified_gmt":"2022-01-13T09:53:29","slug":"adidas-balon-real-madrid-club-fs0284","status":"publish","type":"product","link":"https:\/\/futllermo.com\/tienda\/producto\/adidas-balon-real-madrid-club-fs0284\/","title":{"rendered":"adidas Real Madrid Club 2020-2021, Bal\u00f3n, White-Spring Pink-Dark Blue"},"content":{"rendered":"<div class=\"disclaim\"> Color:<strong>Blanco<\/strong> | Tama\u00f1o:<strong>5<\/strong> <\/div>\n<p> <!-- show up to 2 reviews by default --> <\/p>\n<p>Color: Blanco, Perfil: SIN PERFIL, Talla: 5, <\/p>\n<p>Bal\u00f3n L\u00ednea Real Madrid para practicar F\u00fatbol de Hombre<br \/>\nAccesorios deportivos Multicolor de la marca Adidas<br \/>\nBal\u00f3n L\u00ednea Real Madrid RM CLB BLANCO\/ROSPRI\/AZUOSC<br \/>\nLos productos deportivos de la marca Adidas est\u00e1n dise\u00f1ados para que disfrutes de tu deporte favorito sin preocuparte de nada m\u00e1s que rendir al m\u00e1ximo.<br \/>\nAccesorios deportivos fabricada con materiales de primera calidad que se adaptan a cualquier actividad deportiva<\/p>\n","protected":false},"excerpt":{"rendered":"<p>Bal\u00f3n L\u00ednea Real Madrid para practicar F\u00fatbol de Hombre<br \/>\nAccesorios deportivos Multicolor de la marca Adidas<br \/>\nBal\u00f3n L\u00ednea Real Madrid RM CLB BLANCO\/ROSPRI\/AZUOSC<\/p>\n","protected":false},"featured_media":81037,"comment_status":"open","ping_status":"closed","template":"","meta":{"_kadence_starter_templates_imported_post":false,"_kad_post_transparent":"","_kad_post_title":"","_kad_post_layout":"","_kad_post_sidebar_id":"","_kad_post_content_style":"","_kad_post_vertical_padding":"","_kad_post_feature":"","_kad_post_feature_position":"","_kad_post_header":false,"_kad_post_footer":false},"product_brand":[],"product_cat":[450,382],"product_tag":[],"class_list":{"0":"post-81036","1":"product","2":"type-product","3":"status-publish","4":"has-post-thumbnail","6":"product_cat-futbol","7":"product_cat-balones","8":"pa_brand-visita-la-store-de-adidas","10":"first","11":"instock","12":"shipping-taxable","13":"purchasable","14":"product-type-simple","15":"entry","16":"content-bg","17":"loop-entry"},"_links":{"self":[{"href":"https:\/\/futllermo.com\/tienda\/wp-json\/wp\/v2\/product\/81036","targetHints":{"allow":["GET"]}}],"collection":[{"href":"https:\/\/futllermo.com\/tienda\/wp-json\/wp\/v2\/product"}],"about":[{"href":"https:\/\/futllermo.com\/tienda\/wp-json\/wp\/v2\/types\/product"}],"replies":[{"embeddable":true,"href":"https:\/\/futllermo.com\/tienda\/wp-json\/wp\/v2\/comments?post=81036"}],"wp:featuredmedia":[{"embeddable":true,"href":"https:\/\/futllermo.com\/tienda\/wp-json\/wp\/v2\/media\/81037"}],"wp:attachment":[{"href":"https:\/\/futllermo.com\/tienda\/wp-json\/wp\/v2\/media?parent=81036"}],"wp:term":[{"taxonomy":"product_brand","embeddable":true,"href":"https:\/\/futllermo.com\/tienda\/wp-json\/wp\/v2\/product_brand?post=81036"},{"taxonomy":"product_cat","embeddable":true,"href":"https:\/\/futllermo.com\/tienda\/wp-json\/wp\/v2\/product_cat?post=81036"},{"taxonomy":"product_tag","embeddable":true,"href":"https:\/\/futllermo.com\/tienda\/wp-json\/wp\/v2\/product_tag?post=81036"}],"curies":[{"name":"wp","href":"https:\/\/api.w.org\/{rel}","templated":true}]}}