{"id":81024,"date":"2021-01-04T13:32:41","date_gmt":"2021-01-04T13:32:41","guid":{"rendered":"https:\/\/futllermo.com\/tienda\/producto\/mikasa-fsc-58s-futbol-sala-balon-fs\/"},"modified":"2022-01-13T09:53:28","modified_gmt":"2022-01-13T09:53:28","slug":"mikasa-fsc-58s-futbol-sala-balon-fs","status":"publish","type":"product","link":"https:\/\/futllermo.com\/tienda\/producto\/mikasa-fsc-58s-futbol-sala-balon-fs\/","title":{"rendered":"MIKASA FSC-58S Futbol Sala Bal\u00f3n FS"},"content":{"rendered":"<p>Cuero sint\u00e9tico cosido a mano<br \/>\n4 capas<br \/>\nC\u00e1mara but\u00edlica con retenci\u00f3n de aire extendido y relleno de poli\u00e9ster para el control del rebote<br \/>\nHomologado por la Real Federaci\u00f3n Espa\u00f1ola de Futbol<\/p>\n","protected":false},"excerpt":{"rendered":"<p>Cuero sint\u00e9tico cosido a mano<br \/>\n4 capas<br \/>\nC\u00e1mara but\u00edlica con retenci\u00f3n de aire extendido y relleno de poli\u00e9ster para el control del rebote<\/p>\n","protected":false},"featured_media":81026,"comment_status":"open","ping_status":"closed","template":"","meta":{"_kadence_starter_templates_imported_post":false,"_kad_post_transparent":"","_kad_post_title":"","_kad_post_layout":"","_kad_post_sidebar_id":"","_kad_post_content_style":"","_kad_post_vertical_padding":"","_kad_post_feature":"","_kad_post_feature_position":"","_kad_post_header":false,"_kad_post_footer":false},"product_brand":[],"product_cat":[450,382],"product_tag":[],"class_list":{"0":"post-81024","1":"product","2":"type-product","3":"status-publish","4":"has-post-thumbnail","6":"product_cat-futbol","7":"product_cat-balones","8":"pa_brand-marca-mikasa","10":"first","11":"instock","12":"shipping-taxable","13":"purchasable","14":"product-type-simple","15":"entry","16":"content-bg","17":"loop-entry"},"_links":{"self":[{"href":"https:\/\/futllermo.com\/tienda\/wp-json\/wp\/v2\/product\/81024","targetHints":{"allow":["GET"]}}],"collection":[{"href":"https:\/\/futllermo.com\/tienda\/wp-json\/wp\/v2\/product"}],"about":[{"href":"https:\/\/futllermo.com\/tienda\/wp-json\/wp\/v2\/types\/product"}],"replies":[{"embeddable":true,"href":"https:\/\/futllermo.com\/tienda\/wp-json\/wp\/v2\/comments?post=81024"}],"wp:featuredmedia":[{"embeddable":true,"href":"https:\/\/futllermo.com\/tienda\/wp-json\/wp\/v2\/media\/81026"}],"wp:attachment":[{"href":"https:\/\/futllermo.com\/tienda\/wp-json\/wp\/v2\/media?parent=81024"}],"wp:term":[{"taxonomy":"product_brand","embeddable":true,"href":"https:\/\/futllermo.com\/tienda\/wp-json\/wp\/v2\/product_brand?post=81024"},{"taxonomy":"product_cat","embeddable":true,"href":"https:\/\/futllermo.com\/tienda\/wp-json\/wp\/v2\/product_cat?post=81024"},{"taxonomy":"product_tag","embeddable":true,"href":"https:\/\/futllermo.com\/tienda\/wp-json\/wp\/v2\/product_tag?post=81024"}],"curies":[{"name":"wp","href":"https:\/\/api.w.org\/{rel}","templated":true}]}}