{"id":81014,"date":"2021-01-04T13:32:34","date_gmt":"2021-01-04T13:32:34","guid":{"rendered":"https:\/\/futllermo.com\/tienda\/producto\/remebe-soccer-trainer-equipo-de-entrenamiento-de-patada-de-futbol-ajustable-habilidades-de-control-cinturon-de-practica-de-cintura-entrenador-de-voleibol-rugby-para-ninos-y-adolescentes\/"},"modified":"2022-01-13T09:53:28","modified_gmt":"2022-01-13T09:53:28","slug":"remebe-soccer-trainer-equipo-de-entrenamiento-de-patada-de-futbol-ajustable-habilidades-de-control-cinturon-de-practica-de-cintura-entrenador-de-voleibol-rugby-para-ninos-y-adolescentes","status":"publish","type":"product","link":"https:\/\/futllermo.com\/tienda\/producto\/remebe-soccer-trainer-equipo-de-entrenamiento-de-patada-de-futbol-ajustable-habilidades-de-control-cinturon-de-practica-de-cintura-entrenador-de-voleibol-rugby-para-ninos-y-adolescentes\/","title":{"rendered":"Remebe Soccer Trainer Equipo de Entrenamiento de Patada de f\u00fatbol Ajustable Habilidades de Control Cintur\u00f3n de pr\u00e1ctica\u2026"},"content":{"rendered":"<p><!-- show up to 2 reviews by default --> <\/p>\n<p>Solo Soccer Trainer es una herramienta perfecta para ayudar a mejorar la eficiencia del entrenamiento en solitario.<\/p>\n<p>El tiempo se centra en desarrollar sus habilidades de tiro, pase, recepci\u00f3n, malabares y saques de banda en lugar de perseguir la pelota.<\/p>\n<p>\u2705 Pieza de cojinete reforzada y sin roturas.<\/p>\n<p>-Solo Soccer Trainer ha agregado CUERO RESISTENTE a todas las \u00e1reas donde son f\u00e1ciles de rasgar, lo que lo hace m\u00e1s duradero durante el juego.<\/p>\n<p>\u00a1NO TE PREOCUPES POR LAS L\u00c1GRIMAS, DISFRUTA DE TU ENTRENAMIENTO DE F\u00daTBOL!<\/p>\n<p>\u2705 Cord\u00f3n el\u00e1stico mejorado integral<\/p>\n<p>-Tipkits Soccer Trainer Equipment mejora el material del cord\u00f3n para que sea s\u00faper SUAVE y altamente EL\u00c1STICO &#8211; Neopreno, que puede extenderse hasta 18 pies.<\/p>\n<p>\u00a1SIN ROTURAS, SIN FROTAR LA PIEL!<\/p>\n<p>\u2705Cintur\u00f3n de cintura ajustable<\/p>\n<p>-Soccer Trainer Belt puede soportar un tama\u00f1o de cintura de hasta 40 pulgadas, que es m\u00e1s adecuado para diferentes jugadores.<\/p>\n<p>\u00a1SIN PREOCUPACIONES POR LA CINTURA!<\/p>\n<p>GARANT\u00cdA:<\/p>\n<p>Ofrecemos una garant\u00eda de UN A\u00d1O. Inf\u00f3rmenos si tiene alguna pregunta o queja sobre el producto, nos comprometemos a brindarle una garant\u00eda de satisfacci\u00f3n del 100%.<\/p>\n<\/p>\n<p>Sin rasgaduras: seg\u00fan la cantidad de pruebas, todas las partes f\u00e1cilmente rasgadas del entrenador de f\u00fatbol en solitario est\u00e1n reforzadas con cuero resistente, lo que lo hace m\u00e1s duradero para soportar miles de golpes y patadas.<br \/>\nCord\u00f3n altamente el\u00e1stico: hecho de material m\u00e1s suave y altamente el\u00e1stico (se estira hasta 18 pies), evitando que el cord\u00f3n el\u00e1stico se rompa o lastime la piel cuando se frota<br \/>\nDise\u00f1o mejorado: el dise\u00f1o de bloque pentagonal mantiene la pelota de forma m\u00e1s segura incluso con la patada m\u00e1s fuerte, se adapta a los tama\u00f1os de pelota 3, 4 y 5. \uff08Pelota no incluida\uff09<br \/>\nTalla \u00fanica para la mayor\u00eda: el cintur\u00f3n es ajustable hasta 40 pulgadas, lo que permite un ajuste c\u00f3modo para la mayor\u00eda de los jugadores, desde ni\u00f1os hasta adultos.<br \/>\nPort\u00e1til: ideal tanto para jugadores de campo como para porteros; tether es port\u00e1til para jugar en solitario, practicar y entrenar en cualquier lugar<\/p>\n","protected":false},"excerpt":{"rendered":"<p>Sin rasgaduras: seg\u00fan la cantidad de pruebas, todas las partes f\u00e1cilmente rasgadas del entrenador de f\u00fatbol en solitario est\u00e1n reforzadas con cuero resistente, lo que lo hace m\u00e1s duradero para soportar miles de golpes y patadas.<br \/>\nCord\u00f3n altamente el\u00e1stico: hecho de material m\u00e1s suave y altamente el\u00e1stico (se estira hasta 18 pies), evitando que el cord\u00f3n el\u00e1stico se rompa o lastime la piel cuando se frota<br \/>\nDise\u00f1o mejorado: el dise\u00f1o de bloque pentagonal mantiene la pelota de forma m\u00e1s segura incluso con la patada m\u00e1s fuerte, se adapta a los tama\u00f1os de pelota 3, 4 y 5. \uff08Pelota no incluida\uff09<\/p>\n","protected":false},"featured_media":81015,"comment_status":"open","ping_status":"closed","template":"","meta":{"_kadence_starter_templates_imported_post":false,"_kad_post_transparent":"","_kad_post_title":"","_kad_post_layout":"","_kad_post_sidebar_id":"","_kad_post_content_style":"","_kad_post_vertical_padding":"","_kad_post_feature":"","_kad_post_feature_position":"","_kad_post_header":false,"_kad_post_footer":false},"product_brand":[],"product_cat":[450,382],"product_tag":[],"class_list":{"0":"post-81014","1":"product","2":"type-product","3":"status-publish","4":"has-post-thumbnail","6":"product_cat-futbol","7":"product_cat-balones","8":"pa_brand-marca-remebe","10":"first","11":"instock","12":"shipping-taxable","13":"purchasable","14":"product-type-simple","15":"entry","16":"content-bg","17":"loop-entry"},"_links":{"self":[{"href":"https:\/\/futllermo.com\/tienda\/wp-json\/wp\/v2\/product\/81014","targetHints":{"allow":["GET"]}}],"collection":[{"href":"https:\/\/futllermo.com\/tienda\/wp-json\/wp\/v2\/product"}],"about":[{"href":"https:\/\/futllermo.com\/tienda\/wp-json\/wp\/v2\/types\/product"}],"replies":[{"embeddable":true,"href":"https:\/\/futllermo.com\/tienda\/wp-json\/wp\/v2\/comments?post=81014"}],"wp:featuredmedia":[{"embeddable":true,"href":"https:\/\/futllermo.com\/tienda\/wp-json\/wp\/v2\/media\/81015"}],"wp:attachment":[{"href":"https:\/\/futllermo.com\/tienda\/wp-json\/wp\/v2\/media?parent=81014"}],"wp:term":[{"taxonomy":"product_brand","embeddable":true,"href":"https:\/\/futllermo.com\/tienda\/wp-json\/wp\/v2\/product_brand?post=81014"},{"taxonomy":"product_cat","embeddable":true,"href":"https:\/\/futllermo.com\/tienda\/wp-json\/wp\/v2\/product_cat?post=81014"},{"taxonomy":"product_tag","embeddable":true,"href":"https:\/\/futllermo.com\/tienda\/wp-json\/wp\/v2\/product_tag?post=81014"}],"curies":[{"name":"wp","href":"https:\/\/api.w.org\/{rel}","templated":true}]}}