{"id":81002,"date":"2021-01-04T13:32:30","date_gmt":"2021-01-04T13:32:30","guid":{"rendered":"https:\/\/futllermo.com\/tienda\/producto\/nightmatch-balon-de-futbol-led-tamano-oficial-5-juego-completo-2-led-activados-por-sensor-para-diversion-en-la-oscuridad-ideal-para-pequenos-y-grandes\/"},"modified":"2022-01-13T09:53:28","modified_gmt":"2022-01-13T09:53:28","slug":"nightmatch-balon-de-futbol-led-tamano-oficial-5-juego-completo-2-led-activados-por-sensor-para-diversion-en-la-oscuridad-ideal-para-pequenos-y-grandes","status":"publish","type":"product","link":"https:\/\/futllermo.com\/tienda\/producto\/nightmatch-balon-de-futbol-led-tamano-oficial-5-juego-completo-2-led-activados-por-sensor-para-diversion-en-la-oscuridad-ideal-para-pequenos-y-grandes\/","title":{"rendered":"NIGHTMATCH Bola de f\u00fatbol LED Light Up \u2013 Tama\u00f1o oficial 5 \u2013 Bomba adicional y pilas, perfecto resplandor en la oscuridad\u2026"},"content":{"rendered":"<p><!-- show up to 2 reviews by default --> <\/p>\n<p><b>\u00a1Compre este bal\u00f3n y disfrute jugando f\u00fatbol, incluso despu\u00e9s de la puesta del sol! <\/b>\u00a1Con este bal\u00f3n deportivo iluminado usted, sus hijos, familia, amigos e incluso un equipo de f\u00fatbol adecuado tendr\u00e1 un mont\u00f3n de diversi\u00f3n!<\/p>\n<p><b>Disfrute de estos beneficios de nuestro bal\u00f3n de futbol iluminado con luces LED y activado por impacto:<\/b><\/p>\n<p> LED activada por impacto \u2013 \u00a1Dos luces LED de alta calidad hacen que este bal\u00f3n brille cuando es pateado!<br \/> Bomba de bal\u00f3n incluida &#8211; El bal\u00f3n se desinfla al igual que la mayor\u00eda de otras pelotas. Una verdadera bomba est\u00e1ndar para bal\u00f3n est\u00e1 incluida para inflarlo f\u00e1cilmente.<br \/> Bater\u00edas incluidas \u2013 El bal\u00f3n viene incluido con 6 bater\u00edas LR44. Est\u00e1 listo para jugar. Las bater\u00edas durar\u00e1n aproximadamente 30 horas de juego y son f\u00e1ciles de reemplazar. Una herramienta y un manual est\u00e1n incluidos para hacer que el cambio de la bater\u00eda sea a\u00fan m\u00e1s f\u00e1cil.<br \/> Alta calidad \u2013 Este bal\u00f3n no es uno de esos juguetes baratos que s\u00f3lo duran un par de d\u00edas. \u00a1Es durable y resistente al agua!<br \/> Excelente Regalo \u2013 El bal\u00f3n de futbol NightMatch que brilla en la oscuridad es un muy buen regalo para todos los amantes del f\u00fatbol, independientemente de la edad. \u00a1Su obsequio crear\u00e1 sonrisas y durar\u00e1 por mucho tiempo!<\/p>\n<p><b>\u00bfQu\u00e9 esperar?<\/b><br \/> Usted recibir\u00e1 un bal\u00f3n de futbol desinflado de alta calidad que brilla en la oscuridad con 6 bater\u00edas LR44 que se colocan f\u00e1cilmente, una bomba de bal\u00f3n, una herramienta para ayudar a cambiar las bater\u00edas y un manual, todos empaquetados en una bolsa de PE.<\/p>\n<p><b>\u00bfPara que es bueno el bal\u00f3n?<\/b><br \/> \u00a1El bal\u00f3n que se ilumina es bueno para tener un mont\u00f3n de diversi\u00f3n en el ocaso y la noche! \u00a1Todas las generaciones y los niveles de habilidades del f\u00fatbol se podr\u00e1n disfrutar jugando!<\/p>\n<p><b>Tama\u00f1o y peso:<\/b><\/p>\n<p> ama\u00f1o y Peso Oficial<br \/> Tama\u00f1o 5<br \/> Circunferencia = ~69 cm<br \/> Di\u00e1metro = ~ 22 cm<br \/> Peso = ~ 430 g<\/p>\n<\/p>\n<p>LED QUE SE ACTIVA CON EL Impacto &#8211; \u00a1Dos luces LED de alta calidad dentro de este bal\u00f3n hacen que se encienda y brille cuando rebota o se patea! S\u00f3lo permanece encendida cuando se juega con el bal\u00f3n activamente y se apagar\u00e1 autom\u00e1ticamente despu\u00e9s de 30 segundos sin acci\u00f3n. No hay ning\u00fan interruptor mec\u00e1nico en el bal\u00f3n. Este bal\u00f3n es mucho m\u00e1s brillante que otros \u00abBalones que brillan en la oscuridad\u00bb que pueda encontrar. Estos brillan activamente con una luz LED alimentada por bater\u00edas.<br \/>\nBAL\u00d3N CON BOMBA Y B\u00c1TERIAS INCLUIDAS \u2013 El bal\u00f3n se desinfla al igual que la mayor\u00eda de otras pelotas. Una verdadera bomba est\u00e1ndar para bal\u00f3n est\u00e1 incluida para inflarlo f\u00e1cilmente. \u00a1Puede utilizarla para otras pelotas tan bien! EL bal\u00f3n tambi\u00e9n viene con bater\u00edas incluidas. Est\u00e1 listo para jugar. Las bater\u00edas durar\u00e1n aproximadamente 30 horas de juego y son f\u00e1ciles de reemplazar. Una herramienta y un manual est\u00e1n incluidos para hacer que el cambio de la bater\u00eda sea a\u00fan m\u00e1s f\u00e1cil.<br \/>\nALTA CALIDAD \u2013 Este bal\u00f3n no es uno de esos juguetes baratos que s\u00f3lo duran un par de d\u00edas. Funciona exactamente igual que un bal\u00f3n de f\u00fatbol normal. \u00a1Est\u00e1 hecho de materiales de alta gama, es muy fuerte, duradero e incluso es resistente al agua! Adidas atletico bal barcelona blanco champions freestyle goma league liga madrid manchester messi nike peque plastico premier profesional puma real reglamento sala sevilla talla tango valencia<br \/>\nTama\u00f1o y peso OFICIAL: El bal\u00f3n coincide con el tama\u00f1o 5 y peso oficial. Mide: Circunferencia = ~69 cm, di\u00e1metro = ~ 22 cm, Peso = ~ 430 g. El tama\u00f1o 5 es el tama\u00f1o m\u00e1s com\u00fanmente utilizado en los partidos de f\u00fatbol de todo el mundo.<br \/>\nMUY DIVERTIDO &#8211; Disfrute jugando f\u00fatbol en el ocaso y en la oscuridad. \u00a1A usted, sus hijos, amigos e incluso sus miembros del equipo del club de f\u00fatbol les encantar\u00e1! \u00a1El bal\u00f3n es muy brillante en la oscuridad y puede ser visto desde distancias lejanas!<\/p>\n","protected":false},"excerpt":{"rendered":"<p>LED QUE SE ACTIVA CON EL Impacto &#8211; \u00a1Dos luces LED de alta calidad dentro de este bal\u00f3n hacen que se encienda y brille cuando rebota o se patea! S\u00f3lo permanece encendida cuando se juega con el bal\u00f3n activamente y se apagar\u00e1 autom\u00e1ticamente despu\u00e9s de 30 segundos sin acci\u00f3n. No hay ning\u00fan interruptor mec\u00e1nico en el bal\u00f3n. Este bal\u00f3n es mucho m\u00e1s brillante que otros \u00abBalones que brillan en la oscuridad\u00bb que pueda encontrar. Estos brillan activamente con una luz LED alimentada por bater\u00edas.<br \/>\nBAL\u00d3N CON BOMBA Y B\u00c1TERIAS INCLUIDAS \u2013 El bal\u00f3n se desinfla al igual que la mayor\u00eda de otras pelotas. Una verdadera bomba est\u00e1ndar para bal\u00f3n est\u00e1 incluida para inflarlo f\u00e1cilmente. \u00a1Puede utilizarla para otras pelotas tan bien! EL bal\u00f3n tambi\u00e9n viene con bater\u00edas incluidas. Est\u00e1 listo para jugar. Las bater\u00edas durar\u00e1n aproximadamente 30 horas de juego y son f\u00e1ciles de reemplazar. Una herramienta y un manual est\u00e1n incluidos para hacer que el cambio de la bater\u00eda sea a\u00fan m\u00e1s f\u00e1cil.<br \/>\nALTA CALIDAD \u2013 Este bal\u00f3n no es uno de esos juguetes baratos que s\u00f3lo duran un par de d\u00edas. Funciona exactamente igual que un bal\u00f3n de f\u00fatbol normal. \u00a1Est\u00e1 hecho de materiales de alta gama, es muy fuerte, duradero e incluso es resistente al agua! Adidas atletico bal barcelona blanco champions freestyle goma league liga madrid manchester messi nike peque plastico premier profesional puma real reglamento sala sevilla talla tango valencia<\/p>\n","protected":false},"featured_media":81007,"comment_status":"open","ping_status":"closed","template":"","meta":{"_kadence_starter_templates_imported_post":false,"_kad_post_transparent":"","_kad_post_title":"","_kad_post_layout":"","_kad_post_sidebar_id":"","_kad_post_content_style":"","_kad_post_vertical_padding":"","_kad_post_feature":"","_kad_post_feature_position":"","_kad_post_header":false,"_kad_post_footer":false},"product_brand":[],"product_cat":[450,382],"product_tag":[],"class_list":{"0":"post-81002","1":"product","2":"type-product","3":"status-publish","4":"has-post-thumbnail","6":"product_cat-futbol","7":"product_cat-balones","8":"pa_brand-marca-nightmatch","10":"first","11":"instock","12":"shipping-taxable","13":"purchasable","14":"product-type-simple","15":"entry","16":"content-bg","17":"loop-entry"},"_links":{"self":[{"href":"https:\/\/futllermo.com\/tienda\/wp-json\/wp\/v2\/product\/81002","targetHints":{"allow":["GET"]}}],"collection":[{"href":"https:\/\/futllermo.com\/tienda\/wp-json\/wp\/v2\/product"}],"about":[{"href":"https:\/\/futllermo.com\/tienda\/wp-json\/wp\/v2\/types\/product"}],"replies":[{"embeddable":true,"href":"https:\/\/futllermo.com\/tienda\/wp-json\/wp\/v2\/comments?post=81002"}],"wp:featuredmedia":[{"embeddable":true,"href":"https:\/\/futllermo.com\/tienda\/wp-json\/wp\/v2\/media\/81007"}],"wp:attachment":[{"href":"https:\/\/futllermo.com\/tienda\/wp-json\/wp\/v2\/media?parent=81002"}],"wp:term":[{"taxonomy":"product_brand","embeddable":true,"href":"https:\/\/futllermo.com\/tienda\/wp-json\/wp\/v2\/product_brand?post=81002"},{"taxonomy":"product_cat","embeddable":true,"href":"https:\/\/futllermo.com\/tienda\/wp-json\/wp\/v2\/product_cat?post=81002"},{"taxonomy":"product_tag","embeddable":true,"href":"https:\/\/futllermo.com\/tienda\/wp-json\/wp\/v2\/product_tag?post=81002"}],"curies":[{"name":"wp","href":"https:\/\/api.w.org\/{rel}","templated":true}]}}