{"id":80989,"date":"2021-01-04T13:32:21","date_gmt":"2021-01-04T13:32:21","guid":{"rendered":"https:\/\/futllermo.com\/tienda\/producto\/senston-balones-de-futbol-competicion-training-balon-maravilloso-lustroso-balones-de-futbol-de-entrenamiento-tamano-5\/"},"modified":"2022-01-13T09:53:28","modified_gmt":"2022-01-13T09:53:28","slug":"senston-balones-de-futbol-competicion-training-balon-maravilloso-lustroso-balones-de-futbol-de-entrenamiento-tamano-5","status":"publish","type":"product","link":"https:\/\/futllermo.com\/tienda\/producto\/senston-balones-de-futbol-competicion-training-balon-maravilloso-lustroso-balones-de-futbol-de-entrenamiento-tamano-5\/","title":{"rendered":"Senston Balon de Futbol Tama\u00f1o 5 Balones de Futbol Training Bal\u00f3n Balones de F\u00fatbol de Entrenamiento"},"content":{"rendered":"<p>\u2605 Artesan\u00edas cl\u00e1sicas: utilizando el cl\u00e1sico pent\u00e1gono regular de 12 pent\u00e1gonos y 20 hex\u00e1gonos regulares, proceso de costura de poliuretano, m\u00e1s duradero, la superficie no se cae f\u00e1cilmente, alta seguridad y resistencia al agua, todo aplicable, sea cual sea el clima.<br \/>\n\u2605 Dise\u00f1o de apariencia \u00fanica: el dise\u00f1o llamativo y la apariencia fresca hacen que los jugadores sean m\u00e1s intuitivos. Es un gran regalo para los adolescentes m\u00e1s peque\u00f1os.<br \/>\n\u2605 Material suave al tacto: resistente al juego y al desgaste, piel suave de poliuretano, espuma EVA de alta elasticidad que proporciona un tacto suave y los pies se sienten c\u00f3modos con duraderos, no da\u00f1an los pies.<br \/>\n\u2605 Tama\u00f1o oficial: F\u00fatbol oficial tama\u00f1o 5, peso 410 \u2013 430 g, es adecuado para la competencia regular, entrenamiento, ense\u00f1anza de f\u00fatbol, etc.<br \/>\n\u2605El paquete incluye: 1 bal\u00f3n de f\u00fatbol sin inflar, 1 bomba de f\u00fatbol, 1 adaptador de v\u00e1lvula de agujas y 1 red de transporte de f\u00fatbol. Para garantizar la seguridad del transporte, la pelota est\u00e1 desinflada, puedes inflar la pelota con la bomba adjunta.<\/p>\n","protected":false},"excerpt":{"rendered":"<p>\u2605 Artesan\u00edas cl\u00e1sicas: utilizando el cl\u00e1sico pent\u00e1gono regular de 12 pent\u00e1gonos y 20 hex\u00e1gonos regulares, proceso de costura de poliuretano, m\u00e1s duradero, la superficie no se cae f\u00e1cilmente, alta seguridad y resistencia al agua, todo aplicable, sea cual sea el clima.<br \/>\n\u2605 Dise\u00f1o de apariencia \u00fanica: el dise\u00f1o llamativo y la apariencia fresca hacen que los jugadores sean m\u00e1s intuitivos. Es un gran regalo para los adolescentes m\u00e1s peque\u00f1os.<br \/>\n\u2605 Material suave al tacto: resistente al juego y al desgaste, piel suave de poliuretano, espuma EVA de alta elasticidad que proporciona un tacto suave y los pies se sienten c\u00f3modos con duraderos, no da\u00f1an los pies.<\/p>\n","protected":false},"featured_media":80996,"comment_status":"open","ping_status":"closed","template":"","meta":{"_kadence_starter_templates_imported_post":false,"_kad_post_transparent":"","_kad_post_title":"","_kad_post_layout":"","_kad_post_sidebar_id":"","_kad_post_content_style":"","_kad_post_vertical_padding":"","_kad_post_feature":"","_kad_post_feature_position":"","_kad_post_header":false,"_kad_post_footer":false},"product_brand":[],"product_cat":[450,382],"product_tag":[],"class_list":{"0":"post-80989","1":"product","2":"type-product","3":"status-publish","4":"has-post-thumbnail","6":"product_cat-futbol","7":"product_cat-balones","8":"pa_brand-visita-la-store-de-senston","10":"first","11":"instock","12":"shipping-taxable","13":"purchasable","14":"product-type-simple","15":"entry","16":"content-bg","17":"loop-entry"},"_links":{"self":[{"href":"https:\/\/futllermo.com\/tienda\/wp-json\/wp\/v2\/product\/80989","targetHints":{"allow":["GET"]}}],"collection":[{"href":"https:\/\/futllermo.com\/tienda\/wp-json\/wp\/v2\/product"}],"about":[{"href":"https:\/\/futllermo.com\/tienda\/wp-json\/wp\/v2\/types\/product"}],"replies":[{"embeddable":true,"href":"https:\/\/futllermo.com\/tienda\/wp-json\/wp\/v2\/comments?post=80989"}],"wp:featuredmedia":[{"embeddable":true,"href":"https:\/\/futllermo.com\/tienda\/wp-json\/wp\/v2\/media\/80996"}],"wp:attachment":[{"href":"https:\/\/futllermo.com\/tienda\/wp-json\/wp\/v2\/media?parent=80989"}],"wp:term":[{"taxonomy":"product_brand","embeddable":true,"href":"https:\/\/futllermo.com\/tienda\/wp-json\/wp\/v2\/product_brand?post=80989"},{"taxonomy":"product_cat","embeddable":true,"href":"https:\/\/futllermo.com\/tienda\/wp-json\/wp\/v2\/product_cat?post=80989"},{"taxonomy":"product_tag","embeddable":true,"href":"https:\/\/futllermo.com\/tienda\/wp-json\/wp\/v2\/product_tag?post=80989"}],"curies":[{"name":"wp","href":"https:\/\/api.w.org\/{rel}","templated":true}]}}