{"id":80988,"date":"2021-01-04T13:32:19","date_gmt":"2021-01-04T13:32:19","guid":{"rendered":"https:\/\/futllermo.com\/tienda\/producto\/uhlsport-infinity-290-ultra-lite-2-0-balones-de-futbol-hombre\/"},"modified":"2022-01-13T09:53:27","modified_gmt":"2022-01-13T09:53:27","slug":"uhlsport-infinity-290-ultra-lite-2-0-balones-de-futbol-hombre","status":"publish","type":"product","link":"https:\/\/futllermo.com\/tienda\/producto\/uhlsport-infinity-290-ultra-lite-2-0-balones-de-futbol-hombre\/","title":{"rendered":"uhlsport Infinity 290 Ultra Lite 2.0 Balones de F\u00fatbol, Hombre"},"content":{"rendered":"<div class=\"disclaim\"> Tama\u00f1o:<strong>3<\/strong> | Color:<strong>verde (fluor) \/ azul marino<\/strong> <\/div>\n<p> <!-- show up to 2 reviews by default --> <\/p>\n<p>Bal\u00f3n de partido y de entrenamiento junior, con tecnolog\u00eda Synergy. 44% m\u00e1s ligero que los de adultos (290g), recomendado para ni\u00f1os de hasta 10 a\u00f1os. Material PU resistente con laminaci\u00f3n de espuma especial para buenas caracter\u00edsticas de juego y suavidad. HAR vejiga para una mejor retenci\u00f3n de aire Material: PU 25% Caucho 40% PES 25% Algod\u00f3n 20% . <\/p>\n<p>Bal\u00f3n de partido y de entrenamiento junior, con tecnolog\u00eda synergy<br \/>\n44% m\u00e1s ligero que los de adultos (290g), recomendado para ni\u00f1os de hasta 10 a\u00f1os<br \/>\nMaterial pu resistente con laminaci\u00f3n de espuma especial para buenas caracter\u00edsticas de juego y suavidad<\/p>\n","protected":false},"excerpt":{"rendered":"<p>Bal\u00f3n de partido y de entrenamiento junior, con tecnolog\u00eda synergy<br \/>\n44% m\u00e1s ligero que los de adultos (290g), recomendado para ni\u00f1os de hasta 10 a\u00f1os<br \/>\nMaterial pu resistente con laminaci\u00f3n de espuma especial para buenas caracter\u00edsticas de juego y suavidad<\/p>\n","protected":false},"featured_media":80990,"comment_status":"open","ping_status":"closed","template":"","meta":{"_kadence_starter_templates_imported_post":false,"_kad_post_transparent":"","_kad_post_title":"","_kad_post_layout":"","_kad_post_sidebar_id":"","_kad_post_content_style":"","_kad_post_vertical_padding":"","_kad_post_feature":"","_kad_post_feature_position":"","_kad_post_header":false,"_kad_post_footer":false},"product_brand":[],"product_cat":[450,382],"product_tag":[],"class_list":{"0":"post-80988","1":"product","2":"type-product","3":"status-publish","4":"has-post-thumbnail","6":"product_cat-futbol","7":"product_cat-balones","8":"pa_brand-marca-uhlsport","10":"first","11":"instock","12":"shipping-taxable","13":"purchasable","14":"product-type-simple","15":"entry","16":"content-bg","17":"loop-entry"},"_links":{"self":[{"href":"https:\/\/futllermo.com\/tienda\/wp-json\/wp\/v2\/product\/80988","targetHints":{"allow":["GET"]}}],"collection":[{"href":"https:\/\/futllermo.com\/tienda\/wp-json\/wp\/v2\/product"}],"about":[{"href":"https:\/\/futllermo.com\/tienda\/wp-json\/wp\/v2\/types\/product"}],"replies":[{"embeddable":true,"href":"https:\/\/futllermo.com\/tienda\/wp-json\/wp\/v2\/comments?post=80988"}],"wp:featuredmedia":[{"embeddable":true,"href":"https:\/\/futllermo.com\/tienda\/wp-json\/wp\/v2\/media\/80990"}],"wp:attachment":[{"href":"https:\/\/futllermo.com\/tienda\/wp-json\/wp\/v2\/media?parent=80988"}],"wp:term":[{"taxonomy":"product_brand","embeddable":true,"href":"https:\/\/futllermo.com\/tienda\/wp-json\/wp\/v2\/product_brand?post=80988"},{"taxonomy":"product_cat","embeddable":true,"href":"https:\/\/futllermo.com\/tienda\/wp-json\/wp\/v2\/product_cat?post=80988"},{"taxonomy":"product_tag","embeddable":true,"href":"https:\/\/futllermo.com\/tienda\/wp-json\/wp\/v2\/product_tag?post=80988"}],"curies":[{"name":"wp","href":"https:\/\/api.w.org\/{rel}","templated":true}]}}