{"id":80982,"date":"2021-01-04T13:32:13","date_gmt":"2021-01-04T13:32:13","guid":{"rendered":"https:\/\/futllermo.com\/tienda\/producto\/adidas-unifo-lge-j350-balon-de-futbol-ninos\/"},"modified":"2022-01-13T09:53:27","modified_gmt":"2022-01-13T09:53:27","slug":"adidas-unifo-lge-j350-balon-de-futbol-ninos","status":"publish","type":"product","link":"https:\/\/futllermo.com\/tienda\/producto\/adidas-unifo-lge-j350-balon-de-futbol-ninos\/","title":{"rendered":"adidas Unifo Lge J350 Bal\u00f3n de F\u00fatbol, Ni\u00f1os"},"content":{"rendered":"<div class=\"disclaim\"> Tama\u00f1o:<strong>5<\/strong> | Color:<strong>white\/black\/signal green\/bright cyan<\/strong> <\/div>\n<p> <!-- show up to 2 reviews by default --> <\/p>\n<p>Con un dise\u00f1o atractivo, el globo adidas ofrece un nivel superior de calidad, asegurando control y precisi\u00f3n. <\/p>\n<p>Durable rubber<br \/>\nOptimum holding of the ball<br \/>\nIt must be inflated<\/p>\n","protected":false},"excerpt":{"rendered":"<p>Durable rubber<br \/>\nOptimum holding of the ball<br \/>\nIt must be inflated<\/p>\n","protected":false},"featured_media":80983,"comment_status":"open","ping_status":"closed","template":"","meta":{"_kadence_starter_templates_imported_post":false,"_kad_post_transparent":"","_kad_post_title":"","_kad_post_layout":"","_kad_post_sidebar_id":"","_kad_post_content_style":"","_kad_post_vertical_padding":"","_kad_post_feature":"","_kad_post_feature_position":"","_kad_post_header":false,"_kad_post_footer":false},"product_brand":[],"product_cat":[450,382],"product_tag":[],"class_list":{"0":"post-80982","1":"product","2":"type-product","3":"status-publish","4":"has-post-thumbnail","6":"product_cat-futbol","7":"product_cat-balones","8":"pa_brand-visita-la-store-de-adidas","10":"first","11":"instock","12":"shipping-taxable","13":"purchasable","14":"product-type-simple","15":"entry","16":"content-bg","17":"loop-entry"},"_links":{"self":[{"href":"https:\/\/futllermo.com\/tienda\/wp-json\/wp\/v2\/product\/80982","targetHints":{"allow":["GET"]}}],"collection":[{"href":"https:\/\/futllermo.com\/tienda\/wp-json\/wp\/v2\/product"}],"about":[{"href":"https:\/\/futllermo.com\/tienda\/wp-json\/wp\/v2\/types\/product"}],"replies":[{"embeddable":true,"href":"https:\/\/futllermo.com\/tienda\/wp-json\/wp\/v2\/comments?post=80982"}],"wp:featuredmedia":[{"embeddable":true,"href":"https:\/\/futllermo.com\/tienda\/wp-json\/wp\/v2\/media\/80983"}],"wp:attachment":[{"href":"https:\/\/futllermo.com\/tienda\/wp-json\/wp\/v2\/media?parent=80982"}],"wp:term":[{"taxonomy":"product_brand","embeddable":true,"href":"https:\/\/futllermo.com\/tienda\/wp-json\/wp\/v2\/product_brand?post=80982"},{"taxonomy":"product_cat","embeddable":true,"href":"https:\/\/futllermo.com\/tienda\/wp-json\/wp\/v2\/product_cat?post=80982"},{"taxonomy":"product_tag","embeddable":true,"href":"https:\/\/futllermo.com\/tienda\/wp-json\/wp\/v2\/product_tag?post=80982"}],"curies":[{"name":"wp","href":"https:\/\/api.w.org\/{rel}","templated":true}]}}