{"id":80974,"date":"2021-01-04T13:32:12","date_gmt":"2021-01-04T13:32:12","guid":{"rendered":"https:\/\/futllermo.com\/tienda\/producto\/ohhgo-futbol-negro-blanco-bolas-clasicas-ninos-diversion-jugar-juego-partido-futbol-tamano-5-para-interior-ejercicio-al-aire-libre-equipo-entrenamiento-21-5-21-5-21-5cm\/"},"modified":"2022-01-13T09:53:27","modified_gmt":"2022-01-13T09:53:27","slug":"ohhgo-futbol-negro-blanco-bolas-clasicas-ninos-diversion-jugar-juego-partido-futbol-tamano-5-para-interior-ejercicio-al-aire-libre-equipo-entrenamiento-21-5-21-5-21-5cm","status":"publish","type":"product","link":"https:\/\/futllermo.com\/tienda\/producto\/ohhgo-futbol-negro-blanco-bolas-clasicas-ninos-diversion-jugar-juego-partido-futbol-tamano-5-para-interior-ejercicio-al-aire-libre-equipo-entrenamiento-21-5-21-5-21-5cm\/","title":{"rendered":"OhhGo Bola Ligera Suave del Entrenamiento del f\u00fatbol del f\u00fatbol del f\u00fatbol al Aire Libre Conveniente para el Juego\u2026"},"content":{"rendered":"<p><!-- show up to 2 reviews by default --> <\/p>\n<p><b> Caracter\u00edsticas: <\/b> <br \/>Hecho de material de PVC de alta calidad, resistente al desgaste, duradero para uso a largo plazo. <br \/>Con una superficie en blanco y negro, le permite reconocer el f\u00fatbol con claridad, ayudarlo a desempe\u00f1arse mejor en la cancha. <br \/>Adopte la extracci\u00f3n de l\u00e1tex en el forro de f\u00fatbol, mantenga estable la presi\u00f3n de aire interna y mejore el control de la pelota. Es un producto de f\u00fatbol de alta tecnolog\u00eda. <br \/>La superficie lisa y la t\u00e9cnica de costura fina aumentan la estabilidad y precisi\u00f3n de la pelota en vuelo, proporcionando una precisi\u00f3n correcta y golpes fuertes. <br \/>Reduce en gran medida el fen\u00f3meno de oscilaci\u00f3n visual mientras el f\u00fatbol gira, mantiene un buen equilibrio y una \u00f3rbita de vuelo correcta, lo que ofrece una buena sensaci\u00f3n de control. <br \/>Aplicable al entrenamiento profesional de f\u00fatbol infantil o actividad amateur. <br \/><b> Especificaci\u00f3n: <\/b> <br \/>Material: PVC <br \/>Color: como muestra la imagen <br \/>Tama\u00f1o: 21.5 * 21.5 * 21.5cm \/8.5 * 8.5 * 8.5in <br \/><b> Paquete incluido: <\/b> <br \/>1 x f\u00fatbol <\/p>\n<p>\u3010Entrenamiento de f\u00fatbol o aficionado\u3011 Hecho de material de PVC de alta calidad, resistente al desgaste, duradero para uso a largo plazo. Aplicable a entrenamiento de f\u00fatbol profesional para ni\u00f1os o aficionado<br \/>\n\u3010Blanco y negro para reconocer claramente\u3011 Con una superficie en blanco y negro, le permite reconocer el f\u00fatbol con claridad, lo ayuda a desempe\u00f1arse mejor en la cancha.<br \/>\n\u3010Mantenga estable y mejore el control\u3011 Adopte la extracci\u00f3n de l\u00e1tex en el revestimiento de f\u00fatbol, mantenga estable la presi\u00f3n de aire interna y mejore el control de la pelota. Es un producto de f\u00fatbol de alta tecnolog\u00eda.<br \/>\n\u3010Superficie lisa y costura fina\u3011 La superficie lisa y la t\u00e9cnica de costura fina aumentan la estabilidad y precisi\u00f3n de la pelota en vuelo, proporcionando precisi\u00f3n correcta y golpes fuertes.<br \/>\n\u3010Mantiene un buen equilibrio\u3011 Reduce en gran medida el fen\u00f3meno de oscilaci\u00f3n visual mientras el f\u00fatbol gira, mantiene un buen equilibrio y una \u00f3rbita de vuelo correcta, lo que ofrece una buena sensaci\u00f3n de control.<\/p>\n","protected":false},"excerpt":{"rendered":"<p>\u3010Entrenamiento de f\u00fatbol o aficionado\u3011 Hecho de material de PVC de alta calidad, resistente al desgaste, duradero para uso a largo plazo. Aplicable a entrenamiento de f\u00fatbol profesional para ni\u00f1os o aficionado<br \/>\n\u3010Blanco y negro para reconocer claramente\u3011 Con una superficie en blanco y negro, le permite reconocer el f\u00fatbol con claridad, lo ayuda a desempe\u00f1arse mejor en la cancha.<br \/>\n\u3010Mantenga estable y mejore el control\u3011 Adopte la extracci\u00f3n de l\u00e1tex en el revestimiento de f\u00fatbol, mantenga estable la presi\u00f3n de aire interna y mejore el control de la pelota. Es un producto de f\u00fatbol de alta tecnolog\u00eda.<\/p>\n","protected":false},"featured_media":80975,"comment_status":"open","ping_status":"closed","template":"","meta":{"_kadence_starter_templates_imported_post":false,"_kad_post_transparent":"","_kad_post_title":"","_kad_post_layout":"","_kad_post_sidebar_id":"","_kad_post_content_style":"","_kad_post_vertical_padding":"","_kad_post_feature":"","_kad_post_feature_position":"","_kad_post_header":false,"_kad_post_footer":false},"product_brand":[],"product_cat":[450,382],"product_tag":[],"class_list":{"0":"post-80974","1":"product","2":"type-product","3":"status-publish","4":"has-post-thumbnail","6":"product_cat-futbol","7":"product_cat-balones","8":"pa_brand-marca-ohhgo","10":"first","11":"instock","12":"shipping-taxable","13":"purchasable","14":"product-type-simple","15":"entry","16":"content-bg","17":"loop-entry"},"_links":{"self":[{"href":"https:\/\/futllermo.com\/tienda\/wp-json\/wp\/v2\/product\/80974","targetHints":{"allow":["GET"]}}],"collection":[{"href":"https:\/\/futllermo.com\/tienda\/wp-json\/wp\/v2\/product"}],"about":[{"href":"https:\/\/futllermo.com\/tienda\/wp-json\/wp\/v2\/types\/product"}],"replies":[{"embeddable":true,"href":"https:\/\/futllermo.com\/tienda\/wp-json\/wp\/v2\/comments?post=80974"}],"wp:featuredmedia":[{"embeddable":true,"href":"https:\/\/futllermo.com\/tienda\/wp-json\/wp\/v2\/media\/80975"}],"wp:attachment":[{"href":"https:\/\/futllermo.com\/tienda\/wp-json\/wp\/v2\/media?parent=80974"}],"wp:term":[{"taxonomy":"product_brand","embeddable":true,"href":"https:\/\/futllermo.com\/tienda\/wp-json\/wp\/v2\/product_brand?post=80974"},{"taxonomy":"product_cat","embeddable":true,"href":"https:\/\/futllermo.com\/tienda\/wp-json\/wp\/v2\/product_cat?post=80974"},{"taxonomy":"product_tag","embeddable":true,"href":"https:\/\/futllermo.com\/tienda\/wp-json\/wp\/v2\/product_tag?post=80974"}],"curies":[{"name":"wp","href":"https:\/\/api.w.org\/{rel}","templated":true}]}}