{"id":80971,"date":"2021-01-04T13:32:03","date_gmt":"2021-01-04T13:32:03","guid":{"rendered":"https:\/\/futllermo.com\/tienda\/producto\/balon-oficial-real-madrid-talla-size-5-blanco-plata\/"},"modified":"2022-01-13T09:53:27","modified_gmt":"2022-01-13T09:53:27","slug":"balon-oficial-real-madrid-talla-size-5-blanco-plata","status":"publish","type":"product","link":"https:\/\/futllermo.com\/tienda\/producto\/balon-oficial-real-madrid-talla-size-5-blanco-plata\/","title":{"rendered":"Balon Oficial REAL MADRID Talla Size 5 Blanco Plata"},"content":{"rendered":"<p><!-- show up to 2 reviews by default --> <\/p>\n<p>Bal\u00f3n del Real Madrid grande talla 5 blancoTama\u00f1o similar al de un bal\u00f3n de regalmento.Producto oficial. <\/p>\n","protected":false},"excerpt":{"rendered":"<p>Bal\u00f3n del Real Madrid grande talla 5 blancoTama\u00f1o similar al de un bal\u00f3n de regalmento.Producto oficial.<\/p>\n","protected":false},"featured_media":80972,"comment_status":"open","ping_status":"closed","template":"","meta":{"_kadence_starter_templates_imported_post":false,"_kad_post_transparent":"","_kad_post_title":"","_kad_post_layout":"","_kad_post_sidebar_id":"","_kad_post_content_style":"","_kad_post_vertical_padding":"","_kad_post_feature":"","_kad_post_feature_position":"","_kad_post_header":false,"_kad_post_footer":false},"product_brand":[],"product_cat":[450,382],"product_tag":[],"class_list":{"0":"post-80971","1":"product","2":"type-product","3":"status-publish","4":"has-post-thumbnail","6":"product_cat-futbol","7":"product_cat-balones","8":"pa_brand-marca-futbol","9":"pa_clasificacion-en-los-mas-vend-no3864-en-deportes-y-aire-libre-ver-el-top-100-en-deportes-y-aire-libre-no7-en-balones-de-futbol-de-ocio","10":"pa_dimensiones-del-paquete-22-3-x-22-3-x-13-5-cm-420-gramos","11":"pa_fabricante-futbol","12":"pa_marca-futbol","13":"pa_numero-de-producto-rintalen","14":"pa_peso-del-producto-420-g","15":"pa_pilas-baterias-incluidas-no","16":"pa_pilas-baterias-necesarias-no","17":"pa_producto-en-amazon-es-desde-30-agosto-2017","18":"pa_referencia-del-fabricante-rintalen","19":"pa_restricciones-de-envio-este-producto-se-puede-enviar-a-espana-y-a-otros-paises-seleccionados","20":"pa_valoracion-media-de-los-clien-46-de-5-estrellas-10-valoraciones-46-de-5-estrellas","22":"first","23":"instock","24":"shipping-taxable","25":"purchasable","26":"product-type-simple","27":"entry","28":"content-bg","29":"loop-entry"},"_links":{"self":[{"href":"https:\/\/futllermo.com\/tienda\/wp-json\/wp\/v2\/product\/80971","targetHints":{"allow":["GET"]}}],"collection":[{"href":"https:\/\/futllermo.com\/tienda\/wp-json\/wp\/v2\/product"}],"about":[{"href":"https:\/\/futllermo.com\/tienda\/wp-json\/wp\/v2\/types\/product"}],"replies":[{"embeddable":true,"href":"https:\/\/futllermo.com\/tienda\/wp-json\/wp\/v2\/comments?post=80971"}],"wp:featuredmedia":[{"embeddable":true,"href":"https:\/\/futllermo.com\/tienda\/wp-json\/wp\/v2\/media\/80972"}],"wp:attachment":[{"href":"https:\/\/futllermo.com\/tienda\/wp-json\/wp\/v2\/media?parent=80971"}],"wp:term":[{"taxonomy":"product_brand","embeddable":true,"href":"https:\/\/futllermo.com\/tienda\/wp-json\/wp\/v2\/product_brand?post=80971"},{"taxonomy":"product_cat","embeddable":true,"href":"https:\/\/futllermo.com\/tienda\/wp-json\/wp\/v2\/product_cat?post=80971"},{"taxonomy":"product_tag","embeddable":true,"href":"https:\/\/futllermo.com\/tienda\/wp-json\/wp\/v2\/product_tag?post=80971"}],"curies":[{"name":"wp","href":"https:\/\/api.w.org\/{rel}","templated":true}]}}