{"id":80968,"date":"2021-01-04T13:32:01","date_gmt":"2021-01-04T13:32:01","guid":{"rendered":"https:\/\/futllermo.com\/tienda\/producto\/puma-laliga-1-adrenalina-hybrid-ball-balon-de-futbol-unisex-adulto\/"},"modified":"2022-01-13T09:53:27","modified_gmt":"2022-01-13T09:53:27","slug":"puma-laliga-1-adrenalina-hybrid-ball-balon-de-futbol-unisex-adulto","status":"publish","type":"product","link":"https:\/\/futllermo.com\/tienda\/producto\/puma-laliga-1-adrenalina-hybrid-ball-balon-de-futbol-unisex-adulto\/","title":{"rendered":"PUMA Laliga 1 Adrenalina Hybrid Ball Bal\u00f3n de F\u00fatbol, Unisex Adulto"},"content":{"rendered":"<p><!-- show up to 2 reviews by default --> <\/p>\n<p>Durabilidad es la palabra que define a este bal\u00f3n r\u00e9plica de La Liga espa\u00f1ola. Con su construcci\u00f3n h\u00edbrida de 32 paneles, est\u00e1 dise\u00f1ado para lograr una excelente retenci\u00f3n de la forma y seguirte el ritmo. &#8211; Construcci\u00f3n h\u00edbrida para mayor durabilidad y retenci\u00f3n de la forma &#8211; Su construcci\u00f3n con 32 paneles ayuda a retener la forma &#8211; Capa exterior de poliuretano de 1 mm con refuerzo de espuma m\u00faltiple &#8211; C\u00e1mara de goma &#8211; V\u00e1lvula herm\u00e9tica Air Lock de PUMA, para una excelente retenci\u00f3n del aire &#8211; Poliuretano, espuma, poli\u00e9ster y goma <\/p>\n<p>Construcci\u00f3n h\u00edbrida para mayor durabilidad y retenci\u00f3n de la forma<br \/>\nSu construcci\u00f3n con 32 paneles ayuda a retener la forma<br \/>\nCapa exterior de poliuretano de 1 mm con refuerzo de espuma m\u00faltiple<br \/>\nC\u00e1mara de goma<br \/>\nV\u00e1lvula herm\u00e9tica Air Lock de PUMA, para una excelente retenci\u00f3n del aire<\/p>\n","protected":false},"excerpt":{"rendered":"<p>Construcci\u00f3n h\u00edbrida para mayor durabilidad y retenci\u00f3n de la forma<br \/>\nSu construcci\u00f3n con 32 paneles ayuda a retener la forma<br \/>\nCapa exterior de poliuretano de 1 mm con refuerzo de espuma m\u00faltiple<\/p>\n","protected":false},"featured_media":80969,"comment_status":"open","ping_status":"closed","template":"","meta":{"_kadence_starter_templates_imported_post":false,"_kad_post_transparent":"","_kad_post_title":"","_kad_post_layout":"","_kad_post_sidebar_id":"","_kad_post_content_style":"","_kad_post_vertical_padding":"","_kad_post_feature":"","_kad_post_feature_position":"","_kad_post_header":false,"_kad_post_footer":false},"product_brand":[],"product_cat":[450,382],"product_tag":[],"class_list":{"0":"post-80968","1":"product","2":"type-product","3":"status-publish","4":"has-post-thumbnail","6":"product_cat-futbol","7":"product_cat-balones","8":"pa_brand-visita-la-store-de-puma","10":"first","11":"instock","12":"shipping-taxable","13":"purchasable","14":"product-type-simple","15":"entry","16":"content-bg","17":"loop-entry"},"_links":{"self":[{"href":"https:\/\/futllermo.com\/tienda\/wp-json\/wp\/v2\/product\/80968","targetHints":{"allow":["GET"]}}],"collection":[{"href":"https:\/\/futllermo.com\/tienda\/wp-json\/wp\/v2\/product"}],"about":[{"href":"https:\/\/futllermo.com\/tienda\/wp-json\/wp\/v2\/types\/product"}],"replies":[{"embeddable":true,"href":"https:\/\/futllermo.com\/tienda\/wp-json\/wp\/v2\/comments?post=80968"}],"wp:featuredmedia":[{"embeddable":true,"href":"https:\/\/futllermo.com\/tienda\/wp-json\/wp\/v2\/media\/80969"}],"wp:attachment":[{"href":"https:\/\/futllermo.com\/tienda\/wp-json\/wp\/v2\/media?parent=80968"}],"wp:term":[{"taxonomy":"product_brand","embeddable":true,"href":"https:\/\/futllermo.com\/tienda\/wp-json\/wp\/v2\/product_brand?post=80968"},{"taxonomy":"product_cat","embeddable":true,"href":"https:\/\/futllermo.com\/tienda\/wp-json\/wp\/v2\/product_cat?post=80968"},{"taxonomy":"product_tag","embeddable":true,"href":"https:\/\/futllermo.com\/tienda\/wp-json\/wp\/v2\/product_tag?post=80968"}],"curies":[{"name":"wp","href":"https:\/\/api.w.org\/{rel}","templated":true}]}}