{"id":80966,"date":"2021-01-04T13:31:57","date_gmt":"2021-01-04T13:31:57","guid":{"rendered":"https:\/\/futllermo.com\/tienda\/producto\/puma-teamfinal-21-5-hybrid-ball-balon-de-futbol-unisex-adulto\/"},"modified":"2022-01-13T09:53:26","modified_gmt":"2022-01-13T09:53:26","slug":"puma-teamfinal-21-5-hybrid-ball-balon-de-futbol-unisex-adulto","status":"publish","type":"product","link":"https:\/\/futllermo.com\/tienda\/producto\/puma-teamfinal-21-5-hybrid-ball-balon-de-futbol-unisex-adulto\/","title":{"rendered":"PUMA Teamfinal 21.5 Hybrid Ball Bal\u00f3n de F\u00fatbol, Unisex Adulto"},"content":{"rendered":"<p><!-- show up to 2 reviews by default --> <\/p>\n<p>Ideal tanto para jugar partidos oficiales como para dar unos toques con los amigos, el bal\u00f3n FINAL 5 Hybrid es perfecto para el d\u00eda a d\u00eda. Gracias a su construcci\u00f3n de alta calidad, su forma perfecta y sus excelentes caracter\u00edsticas de rebote y vuelo, es un bal\u00f3n todoterreno con un excelente rendimiento. <\/p>\n<p>Bal\u00f3n de entrenamiento adecuado para todas las edades<br \/>\nPaneles con cortes adaptables<br \/>\nGr\u00e1ficos por toda la superficie con el logotipo del felino de PUMA<br \/>\n0<br \/>\n0<\/p>\n","protected":false},"excerpt":{"rendered":"<p>Bal\u00f3n de entrenamiento adecuado para todas las edades<br \/>\nPaneles con cortes adaptables<br \/>\nGr\u00e1ficos por toda la superficie con el logotipo del felino de PUMA<\/p>\n","protected":false},"featured_media":80967,"comment_status":"open","ping_status":"closed","template":"","meta":{"_kadence_starter_templates_imported_post":false,"_kad_post_transparent":"","_kad_post_title":"","_kad_post_layout":"","_kad_post_sidebar_id":"","_kad_post_content_style":"","_kad_post_vertical_padding":"","_kad_post_feature":"","_kad_post_feature_position":"","_kad_post_header":false,"_kad_post_footer":false},"product_brand":[],"product_cat":[450,382],"product_tag":[],"class_list":{"0":"post-80966","1":"product","2":"type-product","3":"status-publish","4":"has-post-thumbnail","6":"product_cat-futbol","7":"product_cat-balones","8":"pa_brand-visita-la-store-de-puma","10":"first","11":"instock","12":"shipping-taxable","13":"purchasable","14":"product-type-simple","15":"entry","16":"content-bg","17":"loop-entry"},"_links":{"self":[{"href":"https:\/\/futllermo.com\/tienda\/wp-json\/wp\/v2\/product\/80966","targetHints":{"allow":["GET"]}}],"collection":[{"href":"https:\/\/futllermo.com\/tienda\/wp-json\/wp\/v2\/product"}],"about":[{"href":"https:\/\/futllermo.com\/tienda\/wp-json\/wp\/v2\/types\/product"}],"replies":[{"embeddable":true,"href":"https:\/\/futllermo.com\/tienda\/wp-json\/wp\/v2\/comments?post=80966"}],"wp:featuredmedia":[{"embeddable":true,"href":"https:\/\/futllermo.com\/tienda\/wp-json\/wp\/v2\/media\/80967"}],"wp:attachment":[{"href":"https:\/\/futllermo.com\/tienda\/wp-json\/wp\/v2\/media?parent=80966"}],"wp:term":[{"taxonomy":"product_brand","embeddable":true,"href":"https:\/\/futllermo.com\/tienda\/wp-json\/wp\/v2\/product_brand?post=80966"},{"taxonomy":"product_cat","embeddable":true,"href":"https:\/\/futllermo.com\/tienda\/wp-json\/wp\/v2\/product_cat?post=80966"},{"taxonomy":"product_tag","embeddable":true,"href":"https:\/\/futllermo.com\/tienda\/wp-json\/wp\/v2\/product_tag?post=80966"}],"curies":[{"name":"wp","href":"https:\/\/api.w.org\/{rel}","templated":true}]}}