{"id":80948,"date":"2021-01-04T13:31:42","date_gmt":"2021-01-04T13:31:42","guid":{"rendered":"https:\/\/futllermo.com\/tienda\/producto\/kit-de-entrenamiento-de-futbol-balon-de-futbol-balon-de-habilidad-de-futbol-el-mas-novedoso-sistema-de-entrenamiento-de-futbol-para-la-mejora-de-ambos-pies-pelota-de-futbol\/"},"modified":"2022-01-13T09:53:26","modified_gmt":"2022-01-13T09:53:26","slug":"kit-de-entrenamiento-de-futbol-balon-de-futbol-balon-de-habilidad-de-futbol-el-mas-novedoso-sistema-de-entrenamiento-de-futbol-para-la-mejora-de-ambos-pies-pelota-de-futbol","status":"publish","type":"product","link":"https:\/\/futllermo.com\/tienda\/producto\/kit-de-entrenamiento-de-futbol-balon-de-futbol-balon-de-habilidad-de-futbol-el-mas-novedoso-sistema-de-entrenamiento-de-futbol-para-la-mejora-de-ambos-pies-pelota-de-futbol\/","title":{"rendered":"Kit De Entrenamiento de futbol. Balon de Futbol .Bal\u00f3n De Habilidad De F\u00fatbol, El Mas Novedoso Sistema De Entrenamiento\u2026"},"content":{"rendered":"<p><!-- show up to 2 reviews by default --> <\/p>\n<p>www.llerasportskillball.com Llera Sport Ball es la mejor pieza de equipo de f\u00fatbol y la mejor herramienta de entrenamiento de f\u00fatbol disponible para desarrollar habilidades de futbol y t\u00e9cnica de f\u00fatbol, \u200b\u200bya que tambi\u00e9n mejora la coordinaci\u00f3n del f\u00fatbol, \u200b\u200bla agilidad del f\u00fatbol y el f\u00fatbol. \u00a1Todo al mismo tiempo! Desde jugadores j\u00f3venes en desarrollo hasta profesionales experimentados, la Llera Sport Ball mejora la habilidad del f\u00fatbol, \u200b\u200bel tiempo, la concentraci\u00f3n, la confianza y el tacto. \u00bfLa mejor parte? \u00a1Es extremadamente divertido y no consigue aburrido! Durante a\u00f1os, como entrenadores, hemos estado lanzando bolas suavemente, a los pies del futbolista para desarrollar, mantener y perfeccionar el tacto y habilidad de f\u00fatbol. Adem\u00e1s, es muy probable que el jugador use partes de su pie fuerte y d\u00e9bil que nunca antes usaron. Es una progresi\u00f3n natural con esta herramienta de f\u00fatbol. Por \u00faltimo pero no menos importante, ya que la cantidad de bal\u00f3n de f\u00fatbol que reproduce la repetici\u00f3n es tan alta, y el jugador se siente tan c\u00f3modo con sus t\u00e9cnicas de golpe de bal\u00f3n de f\u00fatbol que las t\u00e9cnicas de golpe de bola se instintivo. Llera Sport Ball es la mejor bola de entrenamiento disponible porque: 1. Permite que el jugador patee sin tener que pensar en ello. Sosteniendo un cord\u00f3n. 2. Devuelve la pelota de una manera realista y de juego. 3. Permite repitition consistente que hace a jugadores mejores, m\u00e1s r\u00e1pidamente. 4. Obliga a los jugadores a usar ambos pies, desarrollando el pie descuidado y d\u00e9bil. 5. Es divertido y requiere poco espacio. Util\u00edcelo en cualquier lugar! 6. Mejora la coordinaci\u00f3n y el tacto suave, requisitos muy importantes del f\u00fatbol. 7. Es genial para cualquier edad. 8. Es genial para el entrenamiento en casa y el entrenamiento en equipo. 9. Patente de producto exclusivo pendiente. 10 Certificado CE. M\u00e1s informaci\u00f3n \/ videos: www.llerasportskillball.com <\/p>\n<p>Patente mundial PCT\/WIPO\/ES2016. El producto incluye el Arn\u00e9s Mas el Bal\u00f3n Profesional de piel .<br \/>\nPUEDE ELEGIR DIFERENTES COLORES Y TAMA\u00d1OS EN EL SITIO WEB OFICIAL WWW.LLERASPORTSKILLBALL.COM. ENTREGAMOS EN TODO EL MUNDO. TENEMOS STOCK EN ESTOS MOMENTOS<br \/>\nLlera Sport Skill Ball recrea una realista situaci\u00f3n del juego, devolviendo el bal\u00f3n de volea .<br \/>\nEl bal\u00f3n deportivo de Llera mejora la habilidad, el tiempo, la concentraci\u00f3n, la confianza y el tacto del f\u00fatbol.<br \/>\nFuerza a los jugadores a usar ambos pies, desarrollando el pie descuidado y d\u00e9bil<\/p>\n","protected":false},"excerpt":{"rendered":"<p>Patente mundial PCT\/WIPO\/ES2016. El producto incluye el Arn\u00e9s Mas el Bal\u00f3n Profesional de piel .<br \/>\nPUEDE ELEGIR DIFERENTES COLORES Y TAMA\u00d1OS EN EL SITIO WEB OFICIAL WWW.LLERASPORTSKILLBALL.COM. ENTREGAMOS EN TODO EL MUNDO. TENEMOS STOCK EN ESTOS MOMENTOS<br \/>\nLlera Sport Skill Ball recrea una realista situaci\u00f3n del juego, devolviendo el bal\u00f3n de volea .<\/p>\n","protected":false},"featured_media":80949,"comment_status":"open","ping_status":"closed","template":"","meta":{"_kadence_starter_templates_imported_post":false,"_kad_post_transparent":"","_kad_post_title":"","_kad_post_layout":"","_kad_post_sidebar_id":"","_kad_post_content_style":"","_kad_post_vertical_padding":"","_kad_post_feature":"","_kad_post_feature_position":"","_kad_post_header":false,"_kad_post_footer":false},"product_brand":[],"product_cat":[450,382],"product_tag":[],"class_list":{"0":"post-80948","1":"product","2":"type-product","3":"status-publish","4":"has-post-thumbnail","6":"product_cat-futbol","7":"product_cat-balones","8":"pa_brand-marca-llera-sport","10":"first","11":"instock","12":"shipping-taxable","13":"purchasable","14":"product-type-simple","15":"entry","16":"content-bg","17":"loop-entry"},"_links":{"self":[{"href":"https:\/\/futllermo.com\/tienda\/wp-json\/wp\/v2\/product\/80948","targetHints":{"allow":["GET"]}}],"collection":[{"href":"https:\/\/futllermo.com\/tienda\/wp-json\/wp\/v2\/product"}],"about":[{"href":"https:\/\/futllermo.com\/tienda\/wp-json\/wp\/v2\/types\/product"}],"replies":[{"embeddable":true,"href":"https:\/\/futllermo.com\/tienda\/wp-json\/wp\/v2\/comments?post=80948"}],"wp:featuredmedia":[{"embeddable":true,"href":"https:\/\/futllermo.com\/tienda\/wp-json\/wp\/v2\/media\/80949"}],"wp:attachment":[{"href":"https:\/\/futllermo.com\/tienda\/wp-json\/wp\/v2\/media?parent=80948"}],"wp:term":[{"taxonomy":"product_brand","embeddable":true,"href":"https:\/\/futllermo.com\/tienda\/wp-json\/wp\/v2\/product_brand?post=80948"},{"taxonomy":"product_cat","embeddable":true,"href":"https:\/\/futllermo.com\/tienda\/wp-json\/wp\/v2\/product_cat?post=80948"},{"taxonomy":"product_tag","embeddable":true,"href":"https:\/\/futllermo.com\/tienda\/wp-json\/wp\/v2\/product_tag?post=80948"}],"curies":[{"name":"wp","href":"https:\/\/api.w.org\/{rel}","templated":true}]}}