{"id":80940,"date":"2021-01-04T13:31:40","date_gmt":"2021-01-04T13:31:40","guid":{"rendered":"https:\/\/futllermo.com\/tienda\/producto\/puma-king-pro-fg-zapatillas-de-futbol-unisex-adulto\/"},"modified":"2022-01-13T09:53:26","modified_gmt":"2022-01-13T09:53:26","slug":"puma-king-pro-fg-zapatillas-de-futbol-unisex-adulto","status":"publish","type":"product","link":"https:\/\/futllermo.com\/tienda\/producto\/puma-king-pro-fg-zapatillas-de-futbol-unisex-adulto\/","title":{"rendered":"PUMA King Pro FG, Zapatillas de F\u00fatbol Unisex Adulto"},"content":{"rendered":"<p><!-- show up to 2 reviews by default --> <\/p>\n<p><b>Botas para jugar al f\u00fatbol KING Top FG de Puma<\/b><\/p>\n<p>Estas botas de f\u00fatbol permiten alcanzar el buen rendimiento en cada partido.<\/p>\n<ul>\n<li>La bota de f\u00fatbol de Puma es todo un cl\u00e1sico en los estadios. Las botas de f\u00fatbol tienen un dise\u00f1o en forma de bot\u00edn y un cierre con cordones para un \u00f3ptimo ajuste al pie.<\/li>\n<li>Esta zapatilla de jugar al f\u00fatbol es adecuado para c\u00e9sped natural o c\u00e9sped artificial. Estas botas de f\u00fatbol son adecuados para todo tipo de deportes que se juegan en la hierba: rugby, f\u00fatbol americano, cricket&#8230;<\/li>\n<li>Estos botines para f\u00fatbol est\u00e1 hecha de materiales es para un control absoluto de la pelota. Gracias a la solapa de las botas multitacos, el bot\u00edn para f\u00fatbol es elegante y .<\/li>\n<li>Juega al f\u00fatbol con las ligeras botas de Puma. Su mezcla de materiales es proporcionan un agarre adecuado que permite gozar de agilidad y estabilidad mientras se juega.<\/li>\n<li>La suela de estos originales botines de f\u00fatbol proporciona una sujecci\u00f3n \u00f3ptima y la amortiguaci\u00f3n que se necesita para jugar en c\u00e9sped artificial o hierba.<\/li>\n<\/ul>\n<p><b>Puma Forever Faster<\/b><\/p>\n<p>Con nuestra marca Forever Faster proporcionamos ayuda a los deportistas para alcanzar su m\u00e1ximo rendimiento.<\/p>\n<p>Puma dispone de la equipaci\u00f3n adecuada para cada deporte. Nuestros productos unen <b>tecnolog\u00eda <\/b>punta y <b>funcionalidad <\/b>con un <b>estilo <\/b>consiguiendo tejidos transpirables, impermeables y ligeros. Equipaci\u00f3n deportiva profesional, siempre con el sello t\u00edpico del estilo sport de Puma.<\/p>\n<\/p>\n<p>Material exterior: Cuero sint\u00e9tico<br \/>\nRevestimiento: Sint\u00e9tico<br \/>\nMaterial de la suela: Sint\u00e9tico<br \/>\nCierre: Cordones<\/p>\n","protected":false},"excerpt":{"rendered":"<p>Material exterior: Cuero sint\u00e9tico<br \/>\nRevestimiento: Sint\u00e9tico<br \/>\nMaterial de la suela: Sint\u00e9tico<\/p>\n","protected":false},"featured_media":80941,"comment_status":"open","ping_status":"closed","template":"","meta":{"_kadence_starter_templates_imported_post":false,"_kad_post_transparent":"","_kad_post_title":"","_kad_post_layout":"","_kad_post_sidebar_id":"","_kad_post_content_style":"","_kad_post_vertical_padding":"","_kad_post_feature":"","_kad_post_feature_position":"","_kad_post_header":false,"_kad_post_footer":false},"product_brand":[],"product_cat":[450,382],"product_tag":[],"class_list":{"0":"post-80940","1":"product","2":"type-product","3":"status-publish","4":"has-post-thumbnail","6":"product_cat-futbol","7":"product_cat-balones","8":"pa_brand-visita-la-store-de-puma","10":"first","11":"instock","12":"shipping-taxable","13":"purchasable","14":"product-type-simple","15":"entry","16":"content-bg","17":"loop-entry"},"_links":{"self":[{"href":"https:\/\/futllermo.com\/tienda\/wp-json\/wp\/v2\/product\/80940","targetHints":{"allow":["GET"]}}],"collection":[{"href":"https:\/\/futllermo.com\/tienda\/wp-json\/wp\/v2\/product"}],"about":[{"href":"https:\/\/futllermo.com\/tienda\/wp-json\/wp\/v2\/types\/product"}],"replies":[{"embeddable":true,"href":"https:\/\/futllermo.com\/tienda\/wp-json\/wp\/v2\/comments?post=80940"}],"wp:featuredmedia":[{"embeddable":true,"href":"https:\/\/futllermo.com\/tienda\/wp-json\/wp\/v2\/media\/80941"}],"wp:attachment":[{"href":"https:\/\/futllermo.com\/tienda\/wp-json\/wp\/v2\/media?parent=80940"}],"wp:term":[{"taxonomy":"product_brand","embeddable":true,"href":"https:\/\/futllermo.com\/tienda\/wp-json\/wp\/v2\/product_brand?post=80940"},{"taxonomy":"product_cat","embeddable":true,"href":"https:\/\/futllermo.com\/tienda\/wp-json\/wp\/v2\/product_cat?post=80940"},{"taxonomy":"product_tag","embeddable":true,"href":"https:\/\/futllermo.com\/tienda\/wp-json\/wp\/v2\/product_tag?post=80940"}],"curies":[{"name":"wp","href":"https:\/\/api.w.org\/{rel}","templated":true}]}}