{"id":80919,"date":"2021-01-04T13:31:28","date_gmt":"2021-01-04T13:31:28","guid":{"rendered":"https:\/\/futllermo.com\/tienda\/producto\/mitre-impel-balon-de-futbol-de-entrenamiento-unisex-adulto\/"},"modified":"2022-01-13T09:53:26","modified_gmt":"2022-01-13T09:53:26","slug":"mitre-impel-balon-de-futbol-de-entrenamiento-unisex-adulto","status":"publish","type":"product","link":"https:\/\/futllermo.com\/tienda\/producto\/mitre-impel-balon-de-futbol-de-entrenamiento-unisex-adulto\/","title":{"rendered":"Mitre Impel Bal\u00f3n de F\u00fatbol de Entrenamiento, Unisex Adulto"},"content":{"rendered":"<p><!-- show up to 2 reviews by default --> <\/p>\n<p>Bal\u00f3n de entrenamiento de nivel b\u00e1sico Midi de Mitre. Fabricado con una construcci\u00f3n eficiente y resistente de 30 paneles para garantizar un rendimiento duradero en todo momento durante sesiones de entrenamiento intensas. Construido con una textura exterior \u00abVimini\u00bb para un ofrecer un mayor agarre y control y permitir que los jugadores desarrollen sus habilidades y adquieran confianza. El refuerzo de espuma acolchada (EVA) suave al tacto de 3,5 mm permite que los jugadores controlen y jueguen el bal\u00f3n c\u00f3modamente, lo que inspira a los jugadores j\u00f3venes y les da confianza con el bal\u00f3n. Este bal\u00f3n viene desinflado y est\u00e1 disponible en la talla 2 (Midi). Es apto para superficies de hierba o c\u00e9sped artificial. <\/p>\n<p>Bal\u00f3n de entrenamiento de nivel b\u00e1sico de Mitre. Fabricado con una construcci\u00f3n eficiente y resistente para garantizar un rendimiento duradero en todo momento durante sesiones de entrenamiento.<br \/>\nConstruido con una textura exterior \u00abVimini\u00bb para un ofrecer un mayor agarre y control y permitir que los jugadores desarrollen sus habilidades y adquieran confianza.<br \/>\nEl refuerzo de espuma acolchada (EVA) suave al tacto de 4, 5 mm permite que los jugadores controlen y jueguen el bal\u00f3n c\u00f3modamente, lo que inspira a los jugadores j\u00f3venes y les da confianza.<br \/>\nEste bal\u00f3n viene desdeflado y est\u00e1 disponible en la talla 2 (Midi). Es apto para superficies de hierba o c\u00e9sped artificial.<\/p>\n","protected":false},"excerpt":{"rendered":"<p>Bal\u00f3n de entrenamiento de nivel b\u00e1sico de Mitre. Fabricado con una construcci\u00f3n eficiente y resistente para garantizar un rendimiento duradero en todo momento durante sesiones de entrenamiento.<br \/>\nConstruido con una textura exterior \u00abVimini\u00bb para un ofrecer un mayor agarre y control y permitir que los jugadores desarrollen sus habilidades y adquieran confianza.<br \/>\nEl refuerzo de espuma acolchada (EVA) suave al tacto de 4, 5 mm permite que los jugadores controlen y jueguen el bal\u00f3n c\u00f3modamente, lo que inspira a los jugadores j\u00f3venes y les da confianza.<\/p>\n","protected":false},"featured_media":80924,"comment_status":"open","ping_status":"closed","template":"","meta":{"_kadence_starter_templates_imported_post":false,"_kad_post_transparent":"","_kad_post_title":"","_kad_post_layout":"","_kad_post_sidebar_id":"","_kad_post_content_style":"","_kad_post_vertical_padding":"","_kad_post_feature":"","_kad_post_feature_position":"","_kad_post_header":false,"_kad_post_footer":false},"product_brand":[],"product_cat":[450,382],"product_tag":[],"class_list":{"0":"post-80919","1":"product","2":"type-product","3":"status-publish","4":"has-post-thumbnail","6":"product_cat-futbol","7":"product_cat-balones","8":"pa_brand-marca-mitre","10":"first","11":"instock","12":"shipping-taxable","13":"purchasable","14":"product-type-simple","15":"entry","16":"content-bg","17":"loop-entry"},"_links":{"self":[{"href":"https:\/\/futllermo.com\/tienda\/wp-json\/wp\/v2\/product\/80919","targetHints":{"allow":["GET"]}}],"collection":[{"href":"https:\/\/futllermo.com\/tienda\/wp-json\/wp\/v2\/product"}],"about":[{"href":"https:\/\/futllermo.com\/tienda\/wp-json\/wp\/v2\/types\/product"}],"replies":[{"embeddable":true,"href":"https:\/\/futllermo.com\/tienda\/wp-json\/wp\/v2\/comments?post=80919"}],"wp:featuredmedia":[{"embeddable":true,"href":"https:\/\/futllermo.com\/tienda\/wp-json\/wp\/v2\/media\/80924"}],"wp:attachment":[{"href":"https:\/\/futllermo.com\/tienda\/wp-json\/wp\/v2\/media?parent=80919"}],"wp:term":[{"taxonomy":"product_brand","embeddable":true,"href":"https:\/\/futllermo.com\/tienda\/wp-json\/wp\/v2\/product_brand?post=80919"},{"taxonomy":"product_cat","embeddable":true,"href":"https:\/\/futllermo.com\/tienda\/wp-json\/wp\/v2\/product_cat?post=80919"},{"taxonomy":"product_tag","embeddable":true,"href":"https:\/\/futllermo.com\/tienda\/wp-json\/wp\/v2\/product_tag?post=80919"}],"curies":[{"name":"wp","href":"https:\/\/api.w.org\/{rel}","templated":true}]}}