{"id":80918,"date":"2021-01-04T13:31:27","date_gmt":"2021-01-04T13:31:27","guid":{"rendered":"https:\/\/futllermo.com\/tienda\/producto\/adidas-rm-clb-away-balon-hombre\/"},"modified":"2022-01-13T09:53:26","modified_gmt":"2022-01-13T09:53:26","slug":"adidas-rm-clb-away-balon-hombre","status":"publish","type":"product","link":"https:\/\/futllermo.com\/tienda\/producto\/adidas-rm-clb-away-balon-hombre\/","title":{"rendered":"adidas RM CLB Away &#8211; Bal\u00f3n Hombre"},"content":{"rendered":"<p><!-- show up to 2 reviews by default --> <\/p>\n<p>Este bal\u00f3n del Real Madrid te har\u00e1 destacar en el estadio por algo m\u00e1s que por tu t\u00e9cnica. El dise\u00f1o de la cubierta resistente al desgaste se inspira en los colores de la segunda equipaci\u00f3n del club madrile\u00f1o. La c\u00e1mara de butilo te garantiza un inflado perfecto partido tras partido. <\/p>\n<p>Superficie 100% TPU<br \/>\nBal\u00f3n de entrenamiento para seguidores del Real Madrid<br \/>\nC\u00e1mara de butilo para una mejor retenci\u00f3n del aire<br \/>\nCosido a m\u00e1quina<br \/>\nEs necesario inflarlo<\/p>\n","protected":false},"excerpt":{"rendered":"<p>Superficie 100% TPU<br \/>\nBal\u00f3n de entrenamiento para seguidores del Real Madrid<br \/>\nC\u00e1mara de butilo para una mejor retenci\u00f3n del aire<\/p>\n","protected":false},"featured_media":80920,"comment_status":"open","ping_status":"closed","template":"","meta":{"_kadence_starter_templates_imported_post":false,"_kad_post_transparent":"","_kad_post_title":"","_kad_post_layout":"","_kad_post_sidebar_id":"","_kad_post_content_style":"","_kad_post_vertical_padding":"","_kad_post_feature":"","_kad_post_feature_position":"","_kad_post_header":false,"_kad_post_footer":false},"product_brand":[],"product_cat":[450,382],"product_tag":[],"class_list":{"0":"post-80918","1":"product","2":"type-product","3":"status-publish","4":"has-post-thumbnail","6":"product_cat-futbol","7":"product_cat-balones","8":"pa_brand-visita-la-store-de-adidas","10":"first","11":"instock","12":"shipping-taxable","13":"purchasable","14":"product-type-simple","15":"entry","16":"content-bg","17":"loop-entry"},"_links":{"self":[{"href":"https:\/\/futllermo.com\/tienda\/wp-json\/wp\/v2\/product\/80918","targetHints":{"allow":["GET"]}}],"collection":[{"href":"https:\/\/futllermo.com\/tienda\/wp-json\/wp\/v2\/product"}],"about":[{"href":"https:\/\/futllermo.com\/tienda\/wp-json\/wp\/v2\/types\/product"}],"replies":[{"embeddable":true,"href":"https:\/\/futllermo.com\/tienda\/wp-json\/wp\/v2\/comments?post=80918"}],"wp:featuredmedia":[{"embeddable":true,"href":"https:\/\/futllermo.com\/tienda\/wp-json\/wp\/v2\/media\/80920"}],"wp:attachment":[{"href":"https:\/\/futllermo.com\/tienda\/wp-json\/wp\/v2\/media?parent=80918"}],"wp:term":[{"taxonomy":"product_brand","embeddable":true,"href":"https:\/\/futllermo.com\/tienda\/wp-json\/wp\/v2\/product_brand?post=80918"},{"taxonomy":"product_cat","embeddable":true,"href":"https:\/\/futllermo.com\/tienda\/wp-json\/wp\/v2\/product_cat?post=80918"},{"taxonomy":"product_tag","embeddable":true,"href":"https:\/\/futllermo.com\/tienda\/wp-json\/wp\/v2\/product_tag?post=80918"}],"curies":[{"name":"wp","href":"https:\/\/api.w.org\/{rel}","templated":true}]}}